{"id":1247,"date":"2018-01-25T10:57:21","date_gmt":"2018-01-25T09:57:21","guid":{"rendered":"http:\/\/umjetnicka-skola-osijek.hr\/NoviWeb\/?page_id=1247"},"modified":"2019-01-28T16:41:22","modified_gmt":"2019-01-28T15:41:22","slug":"katalozi-zavrsnih-radova","status":"publish","type":"page","link":"https:\/\/umjetnicka-skola-osijek.hr\/NoviWeb\/katalozi-zavrsnih-radova\/","title":{"rendered":"Katalozi zavr\u0161nih radova"},"content":{"rendered":"\n\t\t<h2>KATALOZI ZAVR\u0160NIH RADOVA<\/h2><h4>Ovdje se nalaze katalozi zavr\u0161nih u\u010deni\u010dkih radova.<\/h4>\t\t\t\n\t\t\t<a href=\"http:\/\/umjetnicka-skola-osijek.hr\/NoviWeb\/wp-content\/uploads\/2018\/01\/zavrsni-katalog-2006-1.pdf\" target=\"_self\"   role=\"button\">\n\t\t\t\t\t\t\t\t\t\t\t2006.\n\t\t<\/a>\n\t\t\t<a href=\"http:\/\/umjetnicka-skola-osijek.hr\/NoviWeb\/wp-content\/uploads\/2018\/01\/zavrsni-katalog2007.pdf\" target=\"_self\"   role=\"button\">\n\t\t\t\t\t\t\t\t\t\t\t2007.\n\t\t<\/a>\n\t\t\t<a href=\"http:\/\/umjetnicka-skola-osijek.hr\/NoviWeb\/wp-content\/uploads\/2018\/01\/KATALOG-2008-mini.pdf\" target=\"_self\"   role=\"button\">\n\t\t\t\t\t\t\t\t\t\t\t2008.\n\t\t<\/a>\n\t\t\t<a href=\"http:\/\/umjetnicka-skola-osijek.hr\/NoviWeb\/wp-content\/uploads\/2018\/01\/ZAVRSNI-2009web.pdf\" target=\"_self\"   role=\"button\">\n\t\t\t\t\t\t\t\t\t\t\t2009.\n\t\t<\/a>\n\t\t\t<a href=\"http:\/\/umjetnicka-skola-osijek.hr\/NoviWeb\/wp-content\/uploads\/2018\/01\/ZAVRSNI-2010-mail.pdf\" target=\"_self\"   role=\"button\">\n\t\t\t\t\t\t\t\t\t\t\t2010.\n\t\t<\/a>\n\t\t\t<a href=\"http:\/\/umjetnicka-skola-osijek.hr\/NoviWeb\/wp-content\/uploads\/2018\/01\/Zavrsni-katalog-2011-web.pdf\" target=\"_self\"   role=\"button\">\n\t\t\t\t\t\t\t\t\t\t\t2011.\n\t\t<\/a>\n\t\t\t<a href=\"http:\/\/umjetnicka-skola-osijek.hr\/NoviWeb\/wp-content\/uploads\/2018\/01\/ZAVRSNI-2012web-skole.pdf\" target=\"_self\"   role=\"button\">\n\t\t\t\t\t\t\t\t\t\t\t2012.\n\t\t<\/a>\n\t\t\t<a href=\"http:\/\/umjetnicka-skola-osijek.hr\/NoviWeb\/wp-content\/uploads\/2018\/01\/ZAVRSNI-RAZREDI-2013-web.pdf\" target=\"_self\"   role=\"button\">\n\t\t\t\t\t\t\t\t\t\t\t2013.\n\t\t<\/a>\n\t\t\t<a href=\"http:\/\/umjetnicka-skola-osijek.hr\/NoviWeb\/wp-content\/uploads\/2018\/01\/ZAVRSNI-2014-web.pdf\" target=\"_self\"   role=\"button\">\n\t\t\t\t\t\t\t\t\t\t\t2014.\n\t\t<\/a>\n\t\t\t<a href=\"http:\/\/umjetnicka-skola-osijek.hr\/NoviWeb\/wp-content\/uploads\/2018\/01\/Katalog_2015_web.pdf\" target=\"_self\"   role=\"button\">\n\t\t\t\t\t\t\t\t\t\t\t2015.\n\t\t<\/a>\n\t\t\t<a href=\"http:\/\/umjetnicka-skola-osijek.hr\/NoviWeb\/wp-content\/uploads\/2018\/01\/ZIR2017_Katalog-kartice.pdf\" target=\"_self\"   role=\"button\">\n\t\t\t\t\t\t\t\t\t\t\t2016.\n\t\t<\/a>\n\t\t\t<a href=\"http:\/\/umjetnicka-skola-osijek.hr\/NoviWeb\/wp-content\/uploads\/2019\/01\/Zavrsni_radovi_2017.pdf\" target=\"_self\"   role=\"button\">\n\t\t\t\t\t\t\t\t\t\t\t2017.\n\t\t<\/a>\n\t\t\t<a href=\"http:\/\/umjetnicka-skola-osijek.hr\/NoviWeb\/wp-content\/uploads\/2019\/01\/KatalogZavrsnihRadova2018.pdf\" target=\"_self\"   role=\"button\">\n\t\t\t\t\t\t\t\t\t\t\t2018.\n\t\t<\/a>\n","protected":false},"excerpt":{"rendered":"","protected":false},"author":1,"featured_media":0,"parent":0,"menu_order":0,"comment_status":"closed","ping_status":"closed","template":"","meta":{"spay_email":"","footnotes":""},"class_list":["post-1247","page","type-page","status-publish","hentry"],"jetpack_shortlink":"https:\/\/wp.me\/P9yzR9-k7","jetpack_likes_enabled":false,"jetpack-related-posts":[{"id":1290,"url":"https:\/\/umjetnicka-skola-osijek.hr\/NoviWeb\/dizajner-unutrasnje-arhitekture\/","url_meta":{"origin":1247,"position":0},"title":"Dizajner unutra\u0161nje arhitekture","date":"25. sije\u010dnja 2018.","format":false,"excerpt":"DIZAJNER UNUTRA\u0160NJE ARHITEKTURE LIKOVNA UMJETNOST I DIZAJN (4 GODINE)\u00a0Prva godina je zajedni\u010dka, u drugoj godini slijedi usmjeravanje. U\u010denik se osposobljava za samostalno projektiranje unutra\u0161njeg prostora i dizajn potrebne opreme. Potrebna stru\u010dna znanja za svladavanje ovog zanimanja:\u00a0\u2022crtanje i slikanje\u2022projektiranje interijera: osposobiti u\u010denike za samostalan rad vezan za projektiranje interijera. To zna\u010di\u2026","rel":"","context":"Srodne objave","img":{"alt_text":"arh09","src":"https:\/\/i2.wp.com\/umjetnicka-skola-osijek.hr\/NoviWeb\/wp-content\/uploads\/2018\/01\/arh09.jpg?resize=350%2C200","width":350,"height":200},"classes":[]},{"id":627,"url":"https:\/\/umjetnicka-skola-osijek.hr\/NoviWeb\/o-skoli\/","url_meta":{"origin":1247,"position":1},"title":"O \u0161koli","date":"6. sije\u010dnja 2018.","format":false,"excerpt":"<h2>O \u0160KOLI<\/h2><h4>Informacije o \u0161koli mo\u017eete prona\u0107i ovdje.<\/h4> \u0160kola primijenjene umjetnosti i dizajna Osijek je jedina \u0161kola u regiji koja nudi srednjo\u0161kolsko \u010detverogodi\u0161nje obrazovanje u podru\u010dju likovne umjetnosti i dizajna te nam se upisuju u\u010denici iz svih pet slavonskih \u017eupanija, a nerijetko i iz drugih dijelova Hrvatske. Zbog brojnih suradnji i\u2026","rel":"","context":"Srodne objave","img":{"alt_text":"","src":"","width":0,"height":0},"classes":[]}],"jetpack_sharing_enabled":true,"_links":{"self":[{"href":"https:\/\/umjetnicka-skola-osijek.hr\/NoviWeb\/wp-json\/wp\/v2\/pages\/1247","targetHints":{"allow":["GET"]}}],"collection":[{"href":"https:\/\/umjetnicka-skola-osijek.hr\/NoviWeb\/wp-json\/wp\/v2\/pages"}],"about":[{"href":"https:\/\/umjetnicka-skola-osijek.hr\/NoviWeb\/wp-json\/wp\/v2\/types\/page"}],"author":[{"embeddable":true,"href":"https:\/\/umjetnicka-skola-osijek.hr\/NoviWeb\/wp-json\/wp\/v2\/users\/1"}],"replies":[{"embeddable":true,"href":"https:\/\/umjetnicka-skola-osijek.hr\/NoviWeb\/wp-json\/wp\/v2\/comments?post=1247"}],"version-history":[{"count":8,"href":"https:\/\/umjetnicka-skola-osijek.hr\/NoviWeb\/wp-json\/wp\/v2\/pages\/1247\/revisions"}],"predecessor-version":[{"id":3586,"href":"https:\/\/umjetnicka-skola-osijek.hr\/NoviWeb\/wp-json\/wp\/v2\/pages\/1247\/revisions\/3586"}],"wp:attachment":[{"href":"https:\/\/umjetnicka-skola-osijek.hr\/NoviWeb\/wp-json\/wp\/v2\/media?parent=1247"}],"curies":[{"name":"wp","href":"https:\/\/api.w.org\/{rel}","templated":true}]}}