{"id":1275,"date":"2018-01-25T20:14:57","date_gmt":"2018-01-25T19:14:57","guid":{"rendered":"http:\/\/umjetnicka-skola-osijek.hr\/NoviWeb\/?page_id=1275"},"modified":"2018-01-25T21:12:37","modified_gmt":"2018-01-25T20:12:37","slug":"aranzersko-scenografski-dizajner","status":"publish","type":"page","link":"https:\/\/umjetnicka-skola-osijek.hr\/NoviWeb\/aranzersko-scenografski-dizajner\/","title":{"rendered":"Aran\u017eersko-scenografski dizajner"},"content":{"rendered":"<h2>ARAN\u017dERSKO-SCENOGRAFSKI DIZAJNER<\/h2>\n<h4><\/h4>\n<h3>LIKOVNA UMJETNOST I DIZAJN (4 GODINE)\u00a0<br \/>Prva godina je zajedni\u010dka, u drugoj godini slijedi usmjeravanje.<\/h3>\n<p>Aran\u017eeri i tehni\u010dari scenografije umjetni\u010dki oblikuju reklamno-prodajne prostore, poma\u017eu pri ure\u0111enju kazali\u0161nih i televizijskih scena te pri dizajniranju izlo\u017ebenih i prodajnih predmeta.<\/p>\n<p>Aran\u017eeri i tehni\u010dari scenografije osposobljeni su za obavljanje istih poslova. To su poslovi ure\u0111enja reklamnih i prodajnih mjesta (izlog, \u0161tand), realizacija ure\u0111enja kazali\u0161nih i televizijskih scena, ispomo\u0107 u dizajnerskom studiju i rje\u0111e, aran\u017eiranje cvije\u0107a.<\/p>\n<p>Aran\u017eeri i tehni\u010dari scenografije u kazali\u0161tu ili na televiziji oni su koji \u0107e izraditi prizore koje je zamislio redatelj ili glavni scenograf, rabe\u0107i pri tome svoje vje\u0161tine oblikovanja, crtanja i slikanja. Njihov je posao potpuno opremiti scenu zadanim elementima.<\/p>\n<p>Aran\u017eeri i tehni\u010dari scenografije nu\u017eno moraju biti talentirani za crtanje, slikanje i modeliranje. Bitna je spretnost prstiju i ruku kako bi se vje\u0161to oblikovali zami\u0161ljeni predmeti.<\/p>\n<p>\t\t\t\t<img loading=\"lazy\" decoding=\"async\" src=\"http:\/\/umjetnicka-skola-osijek.hr\/NoviWeb\/wp-content\/uploads\/2018\/01\/aranz09.jpg\" alt=\"aranz09\" itemprop=\"image\" height=\"334\" width=\"591\"  \/><\/p>\n\n<table id=\"tablepress-10\" class=\"tablepress tablepress-id-10\">\n<thead>\n<tr class=\"row-1 odd\">\n\t<th colspan=\"5\" class=\"column-1\"><blockquote><br \/>\n                  <p>300204 ARAN\u017dERSKO-SCENOGRAFSKI DIZAJNER (A) <br\/><br \/>\n                    Posebni stru\u010dni dio <\/p><br \/>\n              <\/blockquote><\/th>\n<\/tr>\n<\/thead>\n<tbody class=\"row-hover\">\n<tr class=\"row-2 even\">\n\t<td class=\"column-1\"><div align=\"center\">Redni broj <\/div><\/td><td class=\"column-2\">NASTAVNI PREDMET <\/td><td colspan=\"3\" class=\"column-3\"><div align=\"center\">Tjedni broj nastavnih    sati <\/div><\/td>\n<\/tr>\n<tr class=\"row-3 odd\">\n\t<td class=\"column-1\"><div align=\"center\">II. <\/div><\/td><td class=\"column-2\"><div align=\"center\">III. <\/div><\/td><td class=\"column-3\"><div align=\"center\">IV. <\/div><\/td><td class=\"column-4\"><\/td><td class=\"column-5\"><\/td>\n<\/tr>\n<tr class=\"row-4 even\">\n\t<td class=\"column-1\"><div align=\"center\">9. <\/div><\/td><td class=\"column-2\">Povijest likovne    umjetnosti <\/td><td class=\"column-3\"><div align=\"center\">2 <\/div><\/td><td class=\"column-4\"><div align=\"center\">2 <\/div><\/td><td class=\"column-5\"><div align=\"center\">2 <\/div><\/td>\n<\/tr>\n<tr class=\"row-5 odd\">\n\t<td class=\"column-1\"><div align=\"center\">10. <\/div><\/td><td class=\"column-2\">Teorija oblikovanja <\/td><td class=\"column-3\"><div align=\"center\">2 <\/div><\/td><td class=\"column-4\"><div align=\"center\">2 <\/div><\/td><td class=\"column-5\"><div align=\"center\">- <\/div><\/td>\n<\/tr>\n<tr class=\"row-6 even\">\n\t<td class=\"column-1\"><div align=\"center\">11. <\/div><\/td><td class=\"column-2\">Pismo <\/td><td class=\"column-3\"><div align=\"center\">1 <\/div><\/td><td class=\"column-4\"><div align=\"center\">1 <\/div><\/td><td class=\"column-5\"><div align=\"center\">- <\/div><\/td>\n<\/tr>\n<tr class=\"row-7 odd\">\n\t<td class=\"column-1\"><div align=\"center\">12. <\/div><\/td><td class=\"column-2\">Crtanje i slikanje <\/td><td class=\"column-3\"><div align=\"center\">6 <\/div><\/td><td class=\"column-4\"><div align=\"center\">- <\/div><\/td><td class=\"column-5\"><div align=\"center\">- <\/div><\/td>\n<\/tr>\n<tr class=\"row-8 even\">\n\t<td class=\"column-1\"><div align=\"center\">13. <\/div><\/td><td class=\"column-2\">Plasti\u010dno oblikovanje <\/td><td class=\"column-3\"><div align=\"center\">4 <\/div><\/td><td class=\"column-4\"><div align=\"center\">- <\/div><\/td><td class=\"column-5\"><div align=\"center\">- <\/div><\/td>\n<\/tr>\n<tr class=\"row-9 odd\">\n\t<td class=\"column-1\"><div align=\"center\">14. <\/div><\/td><td class=\"column-2\">Aran\u017eersko-scenografske    tehnike <\/td><td class=\"column-3\"><div align=\"center\">2 <\/div><\/td><td class=\"column-4\"><div align=\"center\">4 <\/div><\/td><td class=\"column-5\"><div align=\"center\">5 <\/div><\/td>\n<\/tr>\n<tr class=\"row-10 even\">\n\t<td class=\"column-1\"><div align=\"center\">15. <\/div><\/td><td class=\"column-2\">Oblikovanje prostora <\/td><td class=\"column-3\"><div align=\"center\">2 <\/div><\/td><td class=\"column-4\"><div align=\"center\">- <\/div><\/td><td class=\"column-5\"><div align=\"center\">- <\/div><\/td>\n<\/tr>\n<tr class=\"row-11 odd\">\n\t<td class=\"column-1\"><div align=\"center\">16. <\/div><\/td><td class=\"column-2\">Projektiranje <\/td><td class=\"column-3\"><div align=\"center\">- <\/div><\/td><td class=\"column-4\"><div align=\"center\">3 <\/div><\/td><td class=\"column-5\"><div align=\"center\">3 <\/div><\/td>\n<\/tr>\n<tr class=\"row-12 even\">\n\t<td class=\"column-1\"><div align=\"center\">17. <\/div><\/td><td class=\"column-2\">Dekorativno crtanje i    slikanje <\/td><td class=\"column-3\"><div align=\"center\">- <\/div><\/td><td class=\"column-4\"><div align=\"center\">5 <\/div><\/td><td class=\"column-5\"><div align=\"center\">5 <\/div><\/td>\n<\/tr>\n<tr class=\"row-13 odd\">\n\t<td class=\"column-1\"><div align=\"center\">18. <\/div><\/td><td class=\"column-2\">Dekorativno    oblikovanje <\/td><td class=\"column-3\"><div align=\"center\">- <\/div><\/td><td class=\"column-4\"><div align=\"center\">5 <\/div><\/td><td class=\"column-5\"><div align=\"center\">5 <\/div><\/td>\n<\/tr>\n<tr class=\"row-14 even\">\n\t<td class=\"column-1\"><div align=\"center\">19. <\/div><\/td><td class=\"column-2\">Tehnologije materijala <\/td><td class=\"column-3\"><div align=\"center\">- <\/div><\/td><td class=\"column-4\"><div align=\"center\">2 <\/div><\/td><td class=\"column-5\"><div align=\"center\">2 <\/div><\/td>\n<\/tr>\n<tr class=\"row-15 odd\">\n\t<td class=\"column-1\"><div align=\"center\">20. <\/div><\/td><td class=\"column-2\">Scenografija <\/td><td class=\"column-3\"><div align=\"center\">- <\/div><\/td><td class=\"column-4\"><div align=\"center\">- <\/div><\/td><td class=\"column-5\"><div align=\"center\">2 <\/div><\/td>\n<\/tr>\n<tr class=\"row-16 even\">\n\t<td colspan=\"2\" class=\"column-1\"><blockquote><br \/>\n                  <p>UKUPNI STRU\u010cNI DIO <\/p><br \/>\n              <\/blockquote><\/td><td class=\"column-3\"><div align=\"center\">19 <\/div><\/td><td class=\"column-4\"><div align=\"center\">24 <\/div><\/td><td class=\"column-5\"><div align=\"center\">24 <\/div><\/td>\n<\/tr>\n<tr class=\"row-17 odd\">\n\t<td colspan=\"2\" class=\"column-1\"><blockquote><br \/>\n                  <p>UKUPNO <\/p><br \/>\n              <\/blockquote><\/td><td class=\"column-3\"><p align=\"center\">35 <\/p><\/td><td class=\"column-4\"><p align=\"center\">35 <\/p><\/td><td class=\"column-5\"><p align=\"center\">35 <\/p><\/td>\n<\/tr>\n<\/tbody>\n<\/table>\n<!-- #tablepress-10 from cache -->\n","protected":false},"excerpt":{"rendered":"<p>ARAN\u017dERSKO-SCENOGRAFSKI DIZAJNER LIKOVNA UMJETNOST I DIZAJN (4 GODINE)\u00a0Prva godina je zajedni\u010dka, u drugoj godini slijedi usmjeravanje. Aran\u017eeri i tehni\u010dari scenografije umjetni\u010dki oblikuju reklamno-prodajne prostore, poma\u017eu pri ure\u0111enju kazali\u0161nih i televizijskih scena te pri dizajniranju izlo\u017ebenih i prodajnih predmeta. Aran\u017eeri i tehni\u010dari scenografije osposobljeni su za obavljanje istih poslova. To su poslovi ure\u0111enja reklamnih i prodajnih &hellip;<\/p>\n<p class=\"read-more\"> <a class=\"\" href=\"https:\/\/umjetnicka-skola-osijek.hr\/NoviWeb\/aranzersko-scenografski-dizajner\/\"> <span class=\"screen-reader-text\">Aran\u017eersko-scenografski dizajner<\/span> Read More &raquo;<\/a><\/p>\n","protected":false},"author":1,"featured_media":0,"parent":0,"menu_order":0,"comment_status":"closed","ping_status":"closed","template":"","meta":{"spay_email":"","footnotes":""},"class_list":["post-1275","page","type-page","status-publish","hentry"],"jetpack_shortlink":"https:\/\/wp.me\/P9yzR9-kz","jetpack_likes_enabled":false,"jetpack-related-posts":[{"id":627,"url":"https:\/\/umjetnicka-skola-osijek.hr\/NoviWeb\/o-skoli\/","url_meta":{"origin":1275,"position":0},"title":"O \u0161koli","date":"6. sije\u010dnja 2018.","format":false,"excerpt":"<h2>O \u0160KOLI<\/h2><h4>Informacije o \u0161koli mo\u017eete prona\u0107i ovdje.<\/h4> \u0160kola primijenjene umjetnosti i dizajna Osijek je jedina \u0161kola u regiji koja nudi srednjo\u0161kolsko \u010detverogodi\u0161nje obrazovanje u podru\u010dju likovne umjetnosti i dizajna te nam se upisuju u\u010denici iz svih pet slavonskih \u017eupanija, a nerijetko i iz drugih dijelova Hrvatske. Zbog brojnih suradnji i\u2026","rel":"","context":"Srodne objave","img":{"alt_text":"","src":"","width":0,"height":0},"classes":[]},{"id":1309,"url":"https:\/\/umjetnicka-skola-osijek.hr\/NoviWeb\/slikarski-dizajner\/","url_meta":{"origin":1275,"position":1},"title":"Slikarski dizajner","date":"25. sije\u010dnja 2018.","format":false,"excerpt":"SLIKARSKI DIZAJNER LIKOVNA UMJETNOST I DIZAJN (4 GODINE)\u00a0Prva godina je zajedni\u010dka, u drugoj godini slijedi usmjeravanje. Slikarski dizajner obrazuje se u prakti\u010dnoj nastavi za samostalan rad u restauratorsko-konzervatorskim zahvatima i dizajnerskim rje\u0161enjima i ilustracijama te izvo\u0111enju murala u razli\u010ditim slikarskim tehnikama radi likovnog oblikovanja eksterijera i interijera.\u00a0 Potrebna stru\u010dna znanja\u2026","rel":"","context":"Srodne objave","img":{"alt_text":"slik09","src":"https:\/\/i0.wp.com\/umjetnicka-skola-osijek.hr\/NoviWeb\/wp-content\/uploads\/2018\/01\/slik09.jpg?resize=350%2C200","width":350,"height":200},"classes":[]},{"id":331,"url":"https:\/\/umjetnicka-skola-osijek.hr\/NoviWeb\/erasmus\/","url_meta":{"origin":1275,"position":2},"title":"Erasmus","date":"3. sije\u010dnja 2018.","format":false,"excerpt":"Na\u0161a \u0161kola se uklju\u010dila u provedbu europskog projekta Erasmus+ UMJETNICI ZA UMJETNI\u010cKO OBRAZOVANJE 3 Kroz projekt omogu\u0107it \u0107e se u\u010denicima tih \u0161kola usmjerenja\u00a0slikarski ili kiparski dizajner\u00a0stru\u010dno usavr\u0161avanje u Sloveniji (Maribor)\u00a0u\u00a0trajanju 14 dana\u00a0u obliku\u00a0radnog iskustva\u00a0sa stranim umjetnikom u njegovom ateljeu (oko 2 u\u010denika istovremeno kod 1 mentora) i\u00a0kulturolo\u0161kog programa\u00a0u Mariboru. Mobilnost\u2026","rel":"","context":"Srodne objave","img":{"alt_text":"","src":"","width":0,"height":0},"classes":[]},{"id":1298,"url":"https:\/\/umjetnicka-skola-osijek.hr\/NoviWeb\/graficki-dizajner\/","url_meta":{"origin":1275,"position":3},"title":"Grafi\u010dki dizajner","date":"25. sije\u010dnja 2018.","format":false,"excerpt":"GRAFI\u010cKI DIZAJNER LIKOVNA UMJETNOST I DIZAJN (4 GODINE)\u00a0Prva godina je zajedni\u010dka, u drugoj godini slijedi usmjeravanje. U\u010denici stje\u010du \u0161iroka likovna saznanja na podru\u010dju grafi\u010dke struke koja im omogu\u0107uju samostalnu likovnu karakterizaciju njihovih grafi\u010dkih kreacija: od grafi\u010dkog dizajna radom u grafi\u010dkim studijima, znanjem uporabe ra\u010dunala, do ilustratorskog rada (knji\u017eni i novinarski\u2026","rel":"","context":"Srodne objave","img":{"alt_text":"graf09","src":"https:\/\/i2.wp.com\/umjetnicka-skola-osijek.hr\/NoviWeb\/wp-content\/uploads\/2018\/01\/graf09.jpg?resize=350%2C200","width":350,"height":200},"classes":[]},{"id":1282,"url":"https:\/\/umjetnicka-skola-osijek.hr\/NoviWeb\/dizajner-odjece\/","url_meta":{"origin":1275,"position":4},"title":"Dizajner odje\u0107e","date":"25. sije\u010dnja 2018.","format":false,"excerpt":"DIZAJNER ODJE\u0106E LIKOVNA UMJETNOST I DIZAJN (4 GODINE)\u00a0U\u010denici se opredjeljuju za ovaj program od prve godine obrazovanja. Kroz atraktivne projekte i suodnos u stru\u010dnim predmetima u\u010denici realiziraju svoje ideje od skice do gotove odje\u0107e i modnih dodataka. -u crtanju i slikanju kroz sve \u010detiri godine u\u010denici stje\u010du \u0161irok raspon likovnih\u2026","rel":"","context":"Srodne objave","img":{"alt_text":"diz-odj09","src":"https:\/\/i2.wp.com\/umjetnicka-skola-osijek.hr\/NoviWeb\/wp-content\/uploads\/2018\/01\/diz-odj09.jpg?resize=350%2C200","width":350,"height":200},"classes":[]},{"id":1267,"url":"https:\/\/umjetnicka-skola-osijek.hr\/NoviWeb\/zanimanja\/","url_meta":{"origin":1275,"position":5},"title":"Zanimanja","date":"25. sije\u010dnja 2018.","format":false,"excerpt":"ZANIMANJAOvdje se nalazi opis zanimanja koje nudimo Dizajneri osmi\u0161ljavaju, izra\u0111uju i ure\u0111uju \u010dovjekovu okolinu kako bi predmeti u njoj bili \u0161to funkcionalniji, ljep\u0161i i zanimljiviji potro\u0161a\u010dima. Prema onomu \u0161to oblikuju, dijele se na razli\u010dite grane dizajna, ali se njihova djelatnost \u010desto ispreple\u0107e i rijetko se bave samo jednom granom dizajna.\u2026","rel":"","context":"Srodne objave","img":{"alt_text":"","src":"","width":0,"height":0},"classes":[]}],"jetpack_sharing_enabled":true,"_links":{"self":[{"href":"https:\/\/umjetnicka-skola-osijek.hr\/NoviWeb\/wp-json\/wp\/v2\/pages\/1275","targetHints":{"allow":["GET"]}}],"collection":[{"href":"https:\/\/umjetnicka-skola-osijek.hr\/NoviWeb\/wp-json\/wp\/v2\/pages"}],"about":[{"href":"https:\/\/umjetnicka-skola-osijek.hr\/NoviWeb\/wp-json\/wp\/v2\/types\/page"}],"author":[{"embeddable":true,"href":"https:\/\/umjetnicka-skola-osijek.hr\/NoviWeb\/wp-json\/wp\/v2\/users\/1"}],"replies":[{"embeddable":true,"href":"https:\/\/umjetnicka-skola-osijek.hr\/NoviWeb\/wp-json\/wp\/v2\/comments?post=1275"}],"version-history":[{"count":2,"href":"https:\/\/umjetnicka-skola-osijek.hr\/NoviWeb\/wp-json\/wp\/v2\/pages\/1275\/revisions"}],"predecessor-version":[{"id":1281,"href":"https:\/\/umjetnicka-skola-osijek.hr\/NoviWeb\/wp-json\/wp\/v2\/pages\/1275\/revisions\/1281"}],"wp:attachment":[{"href":"https:\/\/umjetnicka-skola-osijek.hr\/NoviWeb\/wp-json\/wp\/v2\/media?parent=1275"}],"curies":[{"name":"wp","href":"https:\/\/api.w.org\/{rel}","templated":true}]}}