{"id":1290,"date":"2018-01-25T20:22:44","date_gmt":"2018-01-25T19:22:44","guid":{"rendered":"http:\/\/umjetnicka-skola-osijek.hr\/NoviWeb\/?page_id=1290"},"modified":"2018-01-25T20:26:07","modified_gmt":"2018-01-25T19:26:07","slug":"dizajner-unutrasnje-arhitekture","status":"publish","type":"page","link":"https:\/\/umjetnicka-skola-osijek.hr\/NoviWeb\/dizajner-unutrasnje-arhitekture\/","title":{"rendered":"Dizajner unutra\u0161nje arhitekture"},"content":{"rendered":"<h2>DIZAJNER UNUTRA\u0160NJE ARHITEKTURE<\/h2>\n<h4><\/h4>\n<h3>LIKOVNA UMJETNOST I DIZAJN (4 GODINE)\u00a0<br \/>Prva godina je zajedni\u010dka, u drugoj godini slijedi usmjeravanje.<\/h3>\n<p>U\u010denik se osposobljava za samostalno projektiranje unutra\u0161njeg prostora i dizajn potrebne opreme.<\/p>\n<p>Potrebna stru\u010dna znanja za svladavanje ovog zanimanja:\u00a0<br \/>\u2022crtanje i slikanje<br \/>\u2022projektiranje interijera: osposobiti u\u010denike za samostalan rad vezan za projektiranje interijera. To zna\u010di osposobiti ih za \u010ditanje i izradbu arhitektonskih nacrta, snimanje prostora, izradbu interijerskih nacrta, tro\u0161kovnika, dizajn opreme i detalja.\u00a0<br \/>\u2022konstrukcije i materijali: u\u010denici prou\u010davaju konstrukcije iz drva jer namje\u0161taj i proizvodi od drva zauzimaju ve\u0107i dio u opremanju zgrada.\u00a0<br \/>\u2022tehnologija materijala: svrha je usvajanje osnovnih znanja o svojstvima, tehnologiji dobivanja i preradbe, standardizaciji i primjeni materijala s kojima se u\u010denici susre\u0107u, kao i zamjena tradicionalnih materijala novim ekolo\u0161kim<br \/>\u2022izrada unikatnog namje\u0161taja.\u00a0<br \/>\u2022osnove zanatskih radova: svladati vrste instalacijama u objektu tako da je mogu\u0107e izvr\u0161iti intervenciju u interijeru.\u00a0<br \/>\u2022industrijska proizvodnja: upoznavanje u\u010denika s tehnolo\u0161kim procesom proizvodnje u industriji namje\u0161taja.\u00a0<br \/>\u2022povijest struke: teorijska podru\u010dja arhitekture\u00a0<\/p>\n<p>Ozbiljna zaprjeka tom zanimanju jest slabiji vid, nemogu\u0107nost razlikovanja boja te deformacije ruku i prstiju.<\/p>\n<p>Kamo poslije:<br \/>\u2022\u00a0 rad u dizajnerskim i arhitektonskim uredima kao crta\u010di u AutoCADu\u00a0<br \/>\u2022\u00a0 rad u prodavaonicama namje\u0161taja kao savjetnici za ure\u0111enje interijera\u00a0<br \/>\u2022\u00a0 nastavak \u0161kolovanja na fakultetima arhitekture, dizajna i njima srodnim\u00a0<br \/>Fakultetima<\/p>\n<p>\t\t\t\t<img loading=\"lazy\" decoding=\"async\" src=\"http:\/\/umjetnicka-skola-osijek.hr\/NoviWeb\/wp-content\/uploads\/2018\/01\/arh09.jpg\" alt=\"arh09\" itemprop=\"image\" height=\"334\" width=\"591\"  \/><\/p>\n\n<table id=\"tablepress-13\" class=\"tablepress tablepress-id-13\">\n<thead>\n<tr class=\"row-1 odd\">\n\t<th colspan=\"5\" class=\"column-1\"><blockquote> 300104 DIZAJNER UNUTRA\u0160NJE ARHITEKTURE (A) <br\/><br \/>\n                Zajedni\u010dki dio <\/blockquote><\/th>\n<\/tr>\n<\/thead>\n<tbody class=\"row-hover\">\n<tr class=\"row-2 even\">\n\t<td class=\"column-1\"><div align=\"center\">Redni broj <\/div><\/td><td class=\"column-2\">NASTAVNI PREDMET <\/td><td colspan=\"3\" class=\"column-3\"><div align=\"center\">Tjedni broj nastavnih sati <\/div><\/td>\n<\/tr>\n<tr class=\"row-3 odd\">\n\t<td class=\"column-1\"><div align=\"center\">II. <\/div><\/td><td class=\"column-2\"><div align=\"center\">III. <\/div><\/td><td class=\"column-3\"><div align=\"center\">IV. <\/div><\/td><td class=\"column-4\"><\/td><td class=\"column-5\"><\/td>\n<\/tr>\n<tr class=\"row-4 even\">\n\t<td class=\"column-1\"><div align=\"center\">1. <\/div><\/td><td class=\"column-2\">Hrvatski jezik <\/td><td class=\"column-3\"><div align=\"center\">4 <\/div><\/td><td class=\"column-4\"><div align=\"center\">3 <\/div><\/td><td class=\"column-5\"><div align=\"center\">3 <\/div><\/td>\n<\/tr>\n<tr class=\"row-5 odd\">\n\t<td class=\"column-1\"><div align=\"center\">2. <\/div><\/td><td class=\"column-2\">Strani jezik <\/td><td class=\"column-3\"><div align=\"center\">3 <\/div><\/td><td class=\"column-4\"><div align=\"center\">3 <\/div><\/td><td class=\"column-5\"><div align=\"center\">3 <\/div><\/td>\n<\/tr>\n<tr class=\"row-6 even\">\n\t<td class=\"column-1\"><div align=\"center\">3. <\/div><\/td><td class=\"column-2\">Glazbena umjetnost <\/td><td class=\"column-3\"><div align=\"center\">1 <\/div><\/td><td class=\"column-4\"><div align=\"center\">- <\/div><\/td><td class=\"column-5\"><div align=\"center\">- <\/div><\/td>\n<\/tr>\n<tr class=\"row-7 odd\">\n\t<td class=\"column-1\"><div align=\"center\">4. <\/div><\/td><td class=\"column-2\">Povijest <\/td><td class=\"column-3\"><div align=\"center\">2 <\/div><\/td><td class=\"column-4\"><div align=\"center\">2 <\/div><\/td><td class=\"column-5\"><div align=\"center\">2* <\/div><\/td>\n<\/tr>\n<tr class=\"row-8 even\">\n\t<td class=\"column-1\"><div align=\"center\">5. <\/div><\/td><td class=\"column-2\">Etika\/Vjeronauk <\/td><td class=\"column-3\"><div align=\"center\">1 <\/div><\/td><td class=\"column-4\"><div align=\"center\">1 <\/div><\/td><td class=\"column-5\"><div align=\"center\">1 <\/div><\/td>\n<\/tr>\n<tr class=\"row-9 odd\">\n\t<td class=\"column-1\"><div align=\"center\">6. <\/div><\/td><td class=\"column-2\">Geografija <\/td><td class=\"column-3\"><div align=\"center\">1 <\/div><\/td><td class=\"column-4\"><div align=\"center\">- <\/div><\/td><td class=\"column-5\"><div align=\"center\">- <\/div><\/td>\n<\/tr>\n<tr class=\"row-10 even\">\n\t<td class=\"column-1\"><div align=\"center\">7. <\/div><\/td><td class=\"column-2\">Tjelesna i zdravstvena kultura <\/td><td class=\"column-3\"><div align=\"center\">2 <\/div><\/td><td class=\"column-4\"><div align=\"center\">2 <\/div><\/td><td class=\"column-5\"><div align=\"center\">2 <\/div><\/td>\n<\/tr>\n<tr class=\"row-11 odd\">\n\t<td class=\"column-1\"><div align=\"center\">8. <\/div><\/td><td class=\"column-2\">Matematika <\/td><td class=\"column-3\"><div align=\"center\">2 <\/div><\/td><td class=\"column-4\"><div align=\"center\">2 <\/div><\/td><td class=\"column-5\"><div align=\"center\">4 <\/div><\/td>\n<\/tr>\n<tr class=\"row-12 even\">\n\t<td colspan=\"2\" class=\"column-1\"><blockquote><br \/>\n                  <p>UKUPNO ZAJEDNI\u010cKI DIO <\/p><br \/>\n              <\/blockquote><\/td><td class=\"column-3\"><div align=\"center\">16 <\/div><\/td><td class=\"column-4\"><div align=\"center\">13 <\/div><\/td><td class=\"column-5\"><div align=\"center\">15 <\/div><\/td>\n<\/tr>\n<tr class=\"row-13 odd\">\n\t<td colspan=\"5\" class=\"column-1\"><div align=\"center\"><em>* U okviru programa povijesti u \u010detvrtom razredu obra\u0111uje se i    ustavni ustroj Republike Hrvatske <\/em><\/div><\/td>\n<\/tr>\n<\/tbody>\n<\/table>\n\n\n<table id=\"tablepress-14\" class=\"tablepress tablepress-id-14\">\n<thead>\n<tr class=\"row-1 odd\">\n\t<th colspan=\"5\" class=\"column-1\"><blockquote> 300104 DIZAJNER UNUTRA\u0160NJE ARHITEKTURE (A) <br\/><br \/>\n                Zajedni\u010dki dio <\/blockquote><\/th>\n<\/tr>\n<\/thead>\n<tbody class=\"row-hover\">\n<tr class=\"row-2 even\">\n\t<td class=\"column-1\"><div align=\"center\">Redni broj <\/div><\/td><td class=\"column-2\">NASTAVNI PREDMET <\/td><td colspan=\"3\" class=\"column-3\"><div align=\"center\">Tjedni broj nastavnih sati <\/div><\/td>\n<\/tr>\n<tr class=\"row-3 odd\">\n\t<td class=\"column-1\"><div align=\"center\">II. <\/div><\/td><td class=\"column-2\"><div align=\"center\">III. <\/div><\/td><td class=\"column-3\"><div align=\"center\">IV. <\/div><\/td><td class=\"column-4\"><\/td><td class=\"column-5\"><\/td>\n<\/tr>\n<tr class=\"row-4 even\">\n\t<td class=\"column-1\"><div align=\"center\">9. <\/div><\/td><td class=\"column-2\">Povijest likovne umjetnosti <\/td><td class=\"column-3\"><div align=\"center\">2 <\/div><\/td><td class=\"column-4\"><div align=\"center\">2 <\/div><\/td><td class=\"column-5\"><div align=\"center\">2 <\/div><\/td>\n<\/tr>\n<tr class=\"row-5 odd\">\n\t<td class=\"column-1\"><div align=\"center\">10. <\/div><\/td><td class=\"column-2\">Teorija oblikovanja <\/td><td class=\"column-3\"><div align=\"center\">2 <\/div><\/td><td class=\"column-4\"><div align=\"center\">2 <\/div><\/td><td class=\"column-5\"><div align=\"center\">- <\/div><\/td>\n<\/tr>\n<tr class=\"row-6 even\">\n\t<td class=\"column-1\"><div align=\"center\">11. <\/div><\/td><td class=\"column-2\">Tehni\u010dko crtanje <\/td><td class=\"column-3\"><div align=\"center\">2 <\/div><\/td><td class=\"column-4\"><div align=\"center\">- <\/div><\/td><td class=\"column-5\"><div align=\"center\">- <\/div><\/td>\n<\/tr>\n<tr class=\"row-7 odd\">\n\t<td class=\"column-1\"><div align=\"center\">12. <\/div><\/td><td class=\"column-2\">Crtanje i slikanje <\/td><td class=\"column-3\"><div align=\"center\">2 <\/div><\/td><td class=\"column-4\"><div align=\"center\">2 <\/div><\/td><td class=\"column-5\"><div align=\"center\">2 <\/div><\/td>\n<\/tr>\n<tr class=\"row-8 even\">\n\t<td class=\"column-1\"><div align=\"center\">13. <\/div><\/td><td class=\"column-2\">Projektiranje interijera <\/td><td class=\"column-3\"><div align=\"center\">4 <\/div><\/td><td class=\"column-4\"><div align=\"center\">4 <\/div><\/td><td class=\"column-5\"><div align=\"center\">4 <\/div><\/td>\n<\/tr>\n<tr class=\"row-9 odd\">\n\t<td class=\"column-1\"><div align=\"center\">14. <\/div><\/td><td class=\"column-2\">Konstrukcije i materijali <\/td><td class=\"column-3\"><div align=\"center\">3 <\/div><\/td><td class=\"column-4\"><div align=\"center\">3 <\/div><\/td><td class=\"column-5\"><div align=\"center\">3 <\/div><\/td>\n<\/tr>\n<tr class=\"row-10 even\">\n\t<td class=\"column-1\"><div align=\"center\">15. <\/div><\/td><td class=\"column-2\">Tehnologija materijala <\/td><td class=\"column-3\"><div align=\"center\">2 <\/div><\/td><td class=\"column-4\"><div align=\"center\">2 <\/div><\/td><td class=\"column-5\"><div align=\"center\">2 <\/div><\/td>\n<\/tr>\n<tr class=\"row-11 odd\">\n\t<td class=\"column-1\"><div align=\"center\">16. <\/div><\/td><td class=\"column-2\">Izrada unikatnog namje\u0161taja<\/td><td class=\"column-3\"><div align=\"center\">2 <\/div><\/td><td class=\"column-4\"><div align=\"center\">3 <\/div><\/td><td class=\"column-5\"><div align=\"center\">3 <\/div><\/td>\n<\/tr>\n<tr class=\"row-12 even\">\n\t<td class=\"column-1\"><div align=\"center\">17. <\/div><\/td><td class=\"column-2\">Osnove zanatskih radova <\/td><td class=\"column-3\"><div align=\"center\">- <\/div><\/td><td class=\"column-4\"><div align=\"center\">2 <\/div><\/td><td class=\"column-5\"><div align=\"center\">2 <\/div><\/td>\n<\/tr>\n<tr class=\"row-13 odd\">\n\t<td class=\"column-1\"><div align=\"center\">18. <\/div><\/td><td class=\"column-2\">Povijest struke <\/td><td class=\"column-3\"><div align=\"center\">- <\/div><\/td><td class=\"column-4\"><div align=\"center\">- <\/div><\/td><td class=\"column-5\"><div align=\"center\">2 <\/div><\/td>\n<\/tr>\n<tr class=\"row-14 even\">\n\t<td class=\"column-1\"><div align=\"center\">19. <\/div><\/td><td class=\"column-2\">Ra\u010dunalstvo <\/td><td class=\"column-3\"><div align=\"center\">- <\/div><\/td><td class=\"column-4\"><div align=\"center\">2 <\/div><\/td><td class=\"column-5\"><div align=\"center\">- <\/div><\/td>\n<\/tr>\n<tr class=\"row-15 odd\">\n\t<td colspan=\"2\" class=\"column-1\"><blockquote><br \/>\n                  <p>UKUPNI STRU\u010cNI DIO <\/p><br \/>\n              <\/blockquote><\/td><td class=\"column-3\"><div align=\"center\">19 <\/div><\/td><td class=\"column-4\"><div align=\"center\">22 <\/div><\/td><td class=\"column-5\"><div align=\"center\">20 <\/div><\/td>\n<\/tr>\n<tr class=\"row-16 even\">\n\t<td colspan=\"2\" class=\"column-1\"><blockquote><br \/>\n                  <p>UKUPNO <\/p><br \/>\n              <\/blockquote><\/td><td class=\"column-3\"><div align=\"center\">35 <\/div><\/td><td class=\"column-4\"><div align=\"center\">35 <\/div><\/td><td class=\"column-5\"><div align=\"center\">35 <\/div><\/td>\n<\/tr>\n<\/tbody>\n<\/table>\n\n","protected":false},"excerpt":{"rendered":"<p>DIZAJNER UNUTRA\u0160NJE ARHITEKTURE LIKOVNA UMJETNOST I DIZAJN (4 GODINE)\u00a0Prva godina je zajedni\u010dka, u drugoj godini slijedi usmjeravanje. U\u010denik se osposobljava za samostalno projektiranje unutra\u0161njeg prostora i dizajn potrebne opreme. Potrebna stru\u010dna znanja za svladavanje ovog zanimanja:\u00a0\u2022crtanje i slikanje\u2022projektiranje interijera: osposobiti u\u010denike za samostalan rad vezan za projektiranje interijera. To zna\u010di osposobiti ih za \u010ditanje i &hellip;<\/p>\n<p class=\"read-more\"> <a class=\"\" href=\"https:\/\/umjetnicka-skola-osijek.hr\/NoviWeb\/dizajner-unutrasnje-arhitekture\/\"> <span class=\"screen-reader-text\">Dizajner unutra\u0161nje arhitekture<\/span> Read More &raquo;<\/a><\/p>\n","protected":false},"author":1,"featured_media":0,"parent":0,"menu_order":0,"comment_status":"closed","ping_status":"closed","template":"","meta":{"spay_email":"","footnotes":""},"class_list":["post-1290","page","type-page","status-publish","hentry"],"jetpack_shortlink":"https:\/\/wp.me\/P9yzR9-kO","jetpack_likes_enabled":false,"jetpack-related-posts":[{"id":1309,"url":"https:\/\/umjetnicka-skola-osijek.hr\/NoviWeb\/slikarski-dizajner\/","url_meta":{"origin":1290,"position":0},"title":"Slikarski dizajner","date":"25. sije\u010dnja 2018.","format":false,"excerpt":"SLIKARSKI DIZAJNER LIKOVNA UMJETNOST I DIZAJN (4 GODINE)\u00a0Prva godina je zajedni\u010dka, u drugoj godini slijedi usmjeravanje. Slikarski dizajner obrazuje se u prakti\u010dnoj nastavi za samostalan rad u restauratorsko-konzervatorskim zahvatima i dizajnerskim rje\u0161enjima i ilustracijama te izvo\u0111enju murala u razli\u010ditim slikarskim tehnikama radi likovnog oblikovanja eksterijera i interijera.\u00a0 Potrebna stru\u010dna znanja\u2026","rel":"","context":"Srodne objave","img":{"alt_text":"slik09","src":"https:\/\/i0.wp.com\/umjetnicka-skola-osijek.hr\/NoviWeb\/wp-content\/uploads\/2018\/01\/slik09.jpg?resize=350%2C200","width":350,"height":200},"classes":[]},{"id":627,"url":"https:\/\/umjetnicka-skola-osijek.hr\/NoviWeb\/o-skoli\/","url_meta":{"origin":1290,"position":1},"title":"O \u0161koli","date":"6. sije\u010dnja 2018.","format":false,"excerpt":"<h2>O \u0160KOLI<\/h2><h4>Informacije o \u0161koli mo\u017eete prona\u0107i ovdje.<\/h4> \u0160kola primijenjene umjetnosti i dizajna Osijek je jedina \u0161kola u regiji koja nudi srednjo\u0161kolsko \u010detverogodi\u0161nje obrazovanje u podru\u010dju likovne umjetnosti i dizajna te nam se upisuju u\u010denici iz svih pet slavonskih \u017eupanija, a nerijetko i iz drugih dijelova Hrvatske. Zbog brojnih suradnji i\u2026","rel":"","context":"Srodne objave","img":{"alt_text":"","src":"","width":0,"height":0},"classes":[]},{"id":1267,"url":"https:\/\/umjetnicka-skola-osijek.hr\/NoviWeb\/zanimanja\/","url_meta":{"origin":1290,"position":2},"title":"Zanimanja","date":"25. sije\u010dnja 2018.","format":false,"excerpt":"ZANIMANJAOvdje se nalazi opis zanimanja koje nudimo Dizajneri osmi\u0161ljavaju, izra\u0111uju i ure\u0111uju \u010dovjekovu okolinu kako bi predmeti u njoj bili \u0161to funkcionalniji, ljep\u0161i i zanimljiviji potro\u0161a\u010dima. Prema onomu \u0161to oblikuju, dijele se na razli\u010dite grane dizajna, ali se njihova djelatnost \u010desto ispreple\u0107e i rijetko se bave samo jednom granom dizajna.\u2026","rel":"","context":"Srodne objave","img":{"alt_text":"","src":"","width":0,"height":0},"classes":[]},{"id":1304,"url":"https:\/\/umjetnicka-skola-osijek.hr\/NoviWeb\/kiparski-dizajner\/","url_meta":{"origin":1290,"position":3},"title":"Kiparski dizajner","date":"25. sije\u010dnja 2018.","format":false,"excerpt":"KIPARSKI DIZAJNER LIKOVNA UMJETNOST I DIZAJN (4 GODINE)\u00a0Prva godina je zajedni\u010dka, u drugoj godini slijedi usmjeravanje. U\u010denici se osposobljavaju za samostalnu izradu dekorativnih i uporabnih umjetni\u010dkih predmeta suvremenog dizajna u reljefu i punoj plastici. Ovladavaju tehnikom obrade drva i kamena te modeliraju u glini. Potrebna stru\u010dna znanja za svladavanje ovog\u2026","rel":"","context":"Srodne objave","img":{"alt_text":"kip09","src":"https:\/\/i0.wp.com\/umjetnicka-skola-osijek.hr\/NoviWeb\/wp-content\/uploads\/2018\/01\/kip09.jpg?resize=350%2C200","width":350,"height":200},"classes":[]},{"id":1298,"url":"https:\/\/umjetnicka-skola-osijek.hr\/NoviWeb\/graficki-dizajner\/","url_meta":{"origin":1290,"position":4},"title":"Grafi\u010dki dizajner","date":"25. sije\u010dnja 2018.","format":false,"excerpt":"GRAFI\u010cKI DIZAJNER LIKOVNA UMJETNOST I DIZAJN (4 GODINE)\u00a0Prva godina je zajedni\u010dka, u drugoj godini slijedi usmjeravanje. U\u010denici stje\u010du \u0161iroka likovna saznanja na podru\u010dju grafi\u010dke struke koja im omogu\u0107uju samostalnu likovnu karakterizaciju njihovih grafi\u010dkih kreacija: od grafi\u010dkog dizajna radom u grafi\u010dkim studijima, znanjem uporabe ra\u010dunala, do ilustratorskog rada (knji\u017eni i novinarski\u2026","rel":"","context":"Srodne objave","img":{"alt_text":"graf09","src":"https:\/\/i2.wp.com\/umjetnicka-skola-osijek.hr\/NoviWeb\/wp-content\/uploads\/2018\/01\/graf09.jpg?resize=350%2C200","width":350,"height":200},"classes":[]},{"id":1282,"url":"https:\/\/umjetnicka-skola-osijek.hr\/NoviWeb\/dizajner-odjece\/","url_meta":{"origin":1290,"position":5},"title":"Dizajner odje\u0107e","date":"25. sije\u010dnja 2018.","format":false,"excerpt":"DIZAJNER ODJE\u0106E LIKOVNA UMJETNOST I DIZAJN (4 GODINE)\u00a0U\u010denici se opredjeljuju za ovaj program od prve godine obrazovanja. Kroz atraktivne projekte i suodnos u stru\u010dnim predmetima u\u010denici realiziraju svoje ideje od skice do gotove odje\u0107e i modnih dodataka. -u crtanju i slikanju kroz sve \u010detiri godine u\u010denici stje\u010du \u0161irok raspon likovnih\u2026","rel":"","context":"Srodne objave","img":{"alt_text":"diz-odj09","src":"https:\/\/i2.wp.com\/umjetnicka-skola-osijek.hr\/NoviWeb\/wp-content\/uploads\/2018\/01\/diz-odj09.jpg?resize=350%2C200","width":350,"height":200},"classes":[]}],"jetpack_sharing_enabled":true,"_links":{"self":[{"href":"https:\/\/umjetnicka-skola-osijek.hr\/NoviWeb\/wp-json\/wp\/v2\/pages\/1290","targetHints":{"allow":["GET"]}}],"collection":[{"href":"https:\/\/umjetnicka-skola-osijek.hr\/NoviWeb\/wp-json\/wp\/v2\/pages"}],"about":[{"href":"https:\/\/umjetnicka-skola-osijek.hr\/NoviWeb\/wp-json\/wp\/v2\/types\/page"}],"author":[{"embeddable":true,"href":"https:\/\/umjetnicka-skola-osijek.hr\/NoviWeb\/wp-json\/wp\/v2\/users\/1"}],"replies":[{"embeddable":true,"href":"https:\/\/umjetnicka-skola-osijek.hr\/NoviWeb\/wp-json\/wp\/v2\/comments?post=1290"}],"version-history":[{"count":2,"href":"https:\/\/umjetnicka-skola-osijek.hr\/NoviWeb\/wp-json\/wp\/v2\/pages\/1290\/revisions"}],"predecessor-version":[{"id":1297,"href":"https:\/\/umjetnicka-skola-osijek.hr\/NoviWeb\/wp-json\/wp\/v2\/pages\/1290\/revisions\/1297"}],"wp:attachment":[{"href":"https:\/\/umjetnicka-skola-osijek.hr\/NoviWeb\/wp-json\/wp\/v2\/media?parent=1290"}],"curies":[{"name":"wp","href":"https:\/\/api.w.org\/{rel}","templated":true}]}}