{"id":1298,"date":"2018-01-25T20:26:27","date_gmt":"2018-01-25T19:26:27","guid":{"rendered":"http:\/\/umjetnicka-skola-osijek.hr\/NoviWeb\/?page_id=1298"},"modified":"2021-04-11T14:41:06","modified_gmt":"2021-04-11T13:41:06","slug":"graficki-dizajner","status":"publish","type":"page","link":"https:\/\/umjetnicka-skola-osijek.hr\/NoviWeb\/graficki-dizajner\/","title":{"rendered":"Grafi\u010dki dizajner"},"content":{"rendered":"\n\t\t<h2>GRAFI\u010cKI DIZAJNER<\/h2><h4><\/h4>\t\t\t\n\t<h3>LIKOVNA UMJETNOST I DIZAJN (4 GODINE)\u00a0<br \/>Prva godina je zajedni\u010dka, u drugoj godini slijedi usmjeravanje.<\/h3>\n<p>U\u010denici stje\u010du \u0161iroka likovna saznanja na podru\u010dju grafi\u010dke struke koja im omogu\u0107uju samostalnu likovnu karakterizaciju njihovih grafi\u010dkih kreacija: od grafi\u010dkog dizajna radom u grafi\u010dkim studijima, znanjem uporabe ra\u010dunala, do ilustratorskog rada (knji\u017eni i novinarski strip i rad na podru\u010dju umjetni\u010dke grafike), poznavanje svih oblika grafi\u010dkog umjetni\u010dkog tiska.\u00a0<\/p>\n<p>Potrebna stru\u010dna znanja za svladavanje ovog zanimanja:\u00a0<br \/>\u2022crtanje i slikanje\u00a0<br \/>\u2022grafi\u010dki dizajn: upoznavanje sa svim podru\u010djima suvremenih vizualnih komunikacija kroz rad u najsuvremenijim grafi\u010dkim ra\u010dunalnim programima<br \/>\u2022grafi\u010dke tehnike: u\u010denici svladavaju ste\u010deno znanje o tradicionalnim grafi\u010dkim tehnikama do stupnja vje\u0161tine\u00a0<br \/>\u2022ilustracija: upoznavanje s tehnikama ilustriranja knjige, naslovnice, stripa, karikature, plakata, \u010dasopisa; a sve to uz zadani tekst kao predlo\u017eak<br \/>\u2022povijest struke\u00a0<br \/>\u2022tipografija: razvijanje osje\u0107aja za oblik i karakter svakog pojedinog slovnog znaka, njihovo komponiranje te uporaba u prijenosu informacija<\/p>\n<p>Zavr\u0161etkom \u0161kolovanja u\u010denici su osposobljeni za rad u grafi\u010dkim studijima ili mogu nastaviti \u0161kolovanje na navedenim visokim u\u010dili\u0161tima.<\/p>\n\t\t\t\t<img loading=\"lazy\" decoding=\"async\" src=\"http:\/\/umjetnicka-skola-osijek.hr\/NoviWeb\/wp-content\/uploads\/2018\/01\/graf09.jpg\" alt=\"graf09\" itemprop=\"image\" height=\"334\" width=\"591\"  \/>\n\t\n<table id=\"tablepress-15\" class=\"tablepress tablepress-id-15\">\n<thead>\n<tr class=\"row-1 odd\">\n\t<th colspan=\"5\" class=\"column-1\"><blockquote><br \/>\n                <p>300404 GRAFI\u010cKI DIZAJNER (A)<br\/><br \/>\n                  Posebni stru\u010dni dio <\/p><br \/>\n            <\/blockquote><\/th>\n<\/tr>\n<\/thead>\n<tbody class=\"row-hover\">\n<tr class=\"row-2 even\">\n\t<td class=\"column-1\"><div align=\"center\">Redni    broj <\/div><\/td><td class=\"column-2\">NASTAVNI    PREDMET <\/td><td colspan=\"3\" class=\"column-3\"><div align=\"center\">Tjedni broj nastavnih sati <\/div><\/td>\n<\/tr>\n<tr class=\"row-3 odd\">\n\t<td class=\"column-1\"><div align=\"center\">II. <\/div><\/td><td class=\"column-2\"><div align=\"center\">III. <\/div><\/td><td class=\"column-3\"><div align=\"center\">IV. <\/div><\/td><td class=\"column-4\"><\/td><td class=\"column-5\"><\/td>\n<\/tr>\n<tr class=\"row-4 even\">\n\t<td class=\"column-1\"><div align=\"center\">9. <\/div><\/td><td class=\"column-2\">Povijest likovne umjetnosti <\/td><td class=\"column-3\"><div align=\"center\">2 <\/div><\/td><td class=\"column-4\"><div align=\"center\">2 <\/div><\/td><td class=\"column-5\"><div align=\"center\">2 <\/div><\/td>\n<\/tr>\n<tr class=\"row-5 odd\">\n\t<td class=\"column-1\"><div align=\"center\">10. <\/div><\/td><td class=\"column-2\">Teorija oblikovanja <\/td><td class=\"column-3\"><div align=\"center\">2 <\/div><\/td><td class=\"column-4\"><div align=\"center\">2 <\/div><\/td><td class=\"column-5\"><div align=\"center\">- <\/div><\/td>\n<\/tr>\n<tr class=\"row-6 even\">\n\t<td class=\"column-1\"><div align=\"center\">11. <\/div><\/td><td class=\"column-2\">Pismo <\/td><td class=\"column-3\"><div align=\"center\">2 <\/div><\/td><td class=\"column-4\"><div align=\"center\">- <\/div><\/td><td class=\"column-5\"><div align=\"center\">- <\/div><\/td>\n<\/tr>\n<tr class=\"row-7 odd\">\n\t<td class=\"column-1\"><div align=\"center\">12. <\/div><\/td><td class=\"column-2\">Crtanje i slikanje <\/td><td class=\"column-3\"><div align=\"center\">4 <\/div><\/td><td class=\"column-4\"><div align=\"center\">4 <\/div><\/td><td class=\"column-5\"><div align=\"center\">4 <\/div><\/td>\n<\/tr>\n<tr class=\"row-8 even\">\n\t<td class=\"column-1\"><div align=\"center\">13. <\/div><\/td><td class=\"column-2\">Grafi\u010dke tehnike <\/td><td class=\"column-3\"><div align=\"center\">3 <\/div><\/td><td class=\"column-4\"><div align=\"center\">4 <\/div><\/td><td class=\"column-5\"><div align=\"center\">4 <\/div><\/td>\n<\/tr>\n<tr class=\"row-9 odd\">\n\t<td class=\"column-1\"><div align=\"center\">14. <\/div><\/td><td class=\"column-2\">Grafi\u010dki dizajn <\/td><td class=\"column-3\"><div align=\"center\">3 <\/div><\/td><td class=\"column-4\"><div align=\"center\">7 <\/div><\/td><td class=\"column-5\"><div align=\"center\">7 <\/div><\/td>\n<\/tr>\n<tr class=\"row-10 even\">\n\t<td class=\"column-1\"><div align=\"center\">15. <\/div><\/td><td class=\"column-2\">Ilustracija <\/td><td class=\"column-3\"><div align=\"center\">3 <\/div><\/td><td class=\"column-4\"><div align=\"center\">3 <\/div><\/td><td class=\"column-5\"><div align=\"center\">4 <\/div><\/td>\n<\/tr>\n<tr class=\"row-11 odd\">\n\t<td class=\"column-1\"><div align=\"center\">16. <\/div><\/td><td class=\"column-2\">Tipografija <\/td><td class=\"column-3\"><div align=\"center\">- <\/div><\/td><td class=\"column-4\"><div align=\"center\">2 <\/div><\/td><td class=\"column-5\"><div align=\"center\">2 <\/div><\/td>\n<\/tr>\n<tr class=\"row-12 even\">\n\t<td class=\"column-1\"><div align=\"center\">17. <\/div><\/td><td class=\"column-2\">Povijest struke <\/td><td class=\"column-3\"><div align=\"center\">- <\/div><\/td><td class=\"column-4\"><div align=\"center\">- <\/div><\/td><td class=\"column-5\"><div align=\"center\">1 <\/div><\/td>\n<\/tr>\n<tr class=\"row-13 odd\">\n\t<td colspan=\"2\" class=\"column-1\"><blockquote><br \/>\n                <p>UKUPNI STRU\u010cNI DIO <\/p><br \/>\n            <\/blockquote><\/td><td class=\"column-3\"><div align=\"center\">19 <\/div><\/td><td class=\"column-4\"><div align=\"center\">24 <\/div><\/td><td class=\"column-5\"><div align=\"center\">24 <\/div><\/td>\n<\/tr>\n<tr class=\"row-14 even\">\n\t<td colspan=\"2\" class=\"column-1\"><blockquote><br \/>\n                <p>SVEUKUPNO <\/p><br \/>\n            <\/blockquote><\/td><td class=\"column-3\"><div align=\"center\">35 <\/div><\/td><td class=\"column-4\"><div align=\"center\">35 <\/div><\/td><td class=\"column-5\"><div align=\"center\">35 <\/div><\/td>\n<\/tr>\n<\/tbody>\n<\/table>\n\n","protected":false},"excerpt":{"rendered":"","protected":false},"author":1,"featured_media":0,"parent":0,"menu_order":0,"comment_status":"closed","ping_status":"closed","template":"","meta":{"spay_email":"","footnotes":""},"class_list":["post-1298","page","type-page","status-publish","hentry"],"jetpack_shortlink":"https:\/\/wp.me\/P9yzR9-kW","jetpack_likes_enabled":false,"jetpack-related-posts":[{"id":1304,"url":"https:\/\/umjetnicka-skola-osijek.hr\/NoviWeb\/kiparski-dizajner\/","url_meta":{"origin":1298,"position":0},"title":"Kiparski dizajner","date":"25. sije\u010dnja 2018.","format":false,"excerpt":"KIPARSKI DIZAJNER LIKOVNA UMJETNOST I DIZAJN (4 GODINE)\u00a0Prva godina je zajedni\u010dka, u drugoj godini slijedi usmjeravanje. U\u010denici se osposobljavaju za samostalnu izradu dekorativnih i uporabnih umjetni\u010dkih predmeta suvremenog dizajna u reljefu i punoj plastici. Ovladavaju tehnikom obrade drva i kamena te modeliraju u glini. Potrebna stru\u010dna znanja za svladavanje ovog\u2026","rel":"","context":"Srodne objave","img":{"alt_text":"kip09","src":"https:\/\/i0.wp.com\/umjetnicka-skola-osijek.hr\/NoviWeb\/wp-content\/uploads\/2018\/01\/kip09.jpg?resize=350%2C200","width":350,"height":200},"classes":[]},{"id":1290,"url":"https:\/\/umjetnicka-skola-osijek.hr\/NoviWeb\/dizajner-unutrasnje-arhitekture\/","url_meta":{"origin":1298,"position":1},"title":"Dizajner unutra\u0161nje arhitekture","date":"25. sije\u010dnja 2018.","format":false,"excerpt":"DIZAJNER UNUTRA\u0160NJE ARHITEKTURE LIKOVNA UMJETNOST I DIZAJN (4 GODINE)\u00a0Prva godina je zajedni\u010dka, u drugoj godini slijedi usmjeravanje. U\u010denik se osposobljava za samostalno projektiranje unutra\u0161njeg prostora i dizajn potrebne opreme. Potrebna stru\u010dna znanja za svladavanje ovog zanimanja:\u00a0\u2022crtanje i slikanje\u2022projektiranje interijera: osposobiti u\u010denike za samostalan rad vezan za projektiranje interijera. To zna\u010di\u2026","rel":"","context":"Srodne objave","img":{"alt_text":"arh09","src":"https:\/\/i2.wp.com\/umjetnicka-skola-osijek.hr\/NoviWeb\/wp-content\/uploads\/2018\/01\/arh09.jpg?resize=350%2C200","width":350,"height":200},"classes":[]},{"id":1309,"url":"https:\/\/umjetnicka-skola-osijek.hr\/NoviWeb\/slikarski-dizajner\/","url_meta":{"origin":1298,"position":2},"title":"Slikarski dizajner","date":"25. sije\u010dnja 2018.","format":false,"excerpt":"SLIKARSKI DIZAJNER LIKOVNA UMJETNOST I DIZAJN (4 GODINE)\u00a0Prva godina je zajedni\u010dka, u drugoj godini slijedi usmjeravanje. Slikarski dizajner obrazuje se u prakti\u010dnoj nastavi za samostalan rad u restauratorsko-konzervatorskim zahvatima i dizajnerskim rje\u0161enjima i ilustracijama te izvo\u0111enju murala u razli\u010ditim slikarskim tehnikama radi likovnog oblikovanja eksterijera i interijera.\u00a0 Potrebna stru\u010dna znanja\u2026","rel":"","context":"Srodne objave","img":{"alt_text":"slik09","src":"https:\/\/i0.wp.com\/umjetnicka-skola-osijek.hr\/NoviWeb\/wp-content\/uploads\/2018\/01\/slik09.jpg?resize=350%2C200","width":350,"height":200},"classes":[]},{"id":627,"url":"https:\/\/umjetnicka-skola-osijek.hr\/NoviWeb\/o-skoli\/","url_meta":{"origin":1298,"position":3},"title":"O \u0161koli","date":"6. sije\u010dnja 2018.","format":false,"excerpt":"<h2>O \u0160KOLI<\/h2><h4>Informacije o \u0161koli mo\u017eete prona\u0107i ovdje.<\/h4> \u0160kola primijenjene umjetnosti i dizajna Osijek je jedina \u0161kola u regiji koja nudi srednjo\u0161kolsko \u010detverogodi\u0161nje obrazovanje u podru\u010dju likovne umjetnosti i dizajna te nam se upisuju u\u010denici iz svih pet slavonskih \u017eupanija, a nerijetko i iz drugih dijelova Hrvatske. Zbog brojnih suradnji i\u2026","rel":"","context":"Srodne objave","img":{"alt_text":"","src":"","width":0,"height":0},"classes":[]},{"id":1282,"url":"https:\/\/umjetnicka-skola-osijek.hr\/NoviWeb\/dizajner-odjece\/","url_meta":{"origin":1298,"position":4},"title":"Dizajner odje\u0107e","date":"25. sije\u010dnja 2018.","format":false,"excerpt":"DIZAJNER ODJE\u0106E LIKOVNA UMJETNOST I DIZAJN (4 GODINE)\u00a0U\u010denici se opredjeljuju za ovaj program od prve godine obrazovanja. Kroz atraktivne projekte i suodnos u stru\u010dnim predmetima u\u010denici realiziraju svoje ideje od skice do gotove odje\u0107e i modnih dodataka. -u crtanju i slikanju kroz sve \u010detiri godine u\u010denici stje\u010du \u0161irok raspon likovnih\u2026","rel":"","context":"Srodne objave","img":{"alt_text":"diz-odj09","src":"https:\/\/i2.wp.com\/umjetnicka-skola-osijek.hr\/NoviWeb\/wp-content\/uploads\/2018\/01\/diz-odj09.jpg?resize=350%2C200","width":350,"height":200},"classes":[]},{"id":1267,"url":"https:\/\/umjetnicka-skola-osijek.hr\/NoviWeb\/zanimanja\/","url_meta":{"origin":1298,"position":5},"title":"Zanimanja","date":"25. sije\u010dnja 2018.","format":false,"excerpt":"ZANIMANJAOvdje se nalazi opis zanimanja koje nudimo Dizajneri osmi\u0161ljavaju, izra\u0111uju i ure\u0111uju \u010dovjekovu okolinu kako bi predmeti u njoj bili \u0161to funkcionalniji, ljep\u0161i i zanimljiviji potro\u0161a\u010dima. Prema onomu \u0161to oblikuju, dijele se na razli\u010dite grane dizajna, ali se njihova djelatnost \u010desto ispreple\u0107e i rijetko se bave samo jednom granom dizajna.\u2026","rel":"","context":"Srodne objave","img":{"alt_text":"","src":"","width":0,"height":0},"classes":[]}],"jetpack_sharing_enabled":true,"_links":{"self":[{"href":"https:\/\/umjetnicka-skola-osijek.hr\/NoviWeb\/wp-json\/wp\/v2\/pages\/1298","targetHints":{"allow":["GET"]}}],"collection":[{"href":"https:\/\/umjetnicka-skola-osijek.hr\/NoviWeb\/wp-json\/wp\/v2\/pages"}],"about":[{"href":"https:\/\/umjetnicka-skola-osijek.hr\/NoviWeb\/wp-json\/wp\/v2\/types\/page"}],"author":[{"embeddable":true,"href":"https:\/\/umjetnicka-skola-osijek.hr\/NoviWeb\/wp-json\/wp\/v2\/users\/1"}],"replies":[{"embeddable":true,"href":"https:\/\/umjetnicka-skola-osijek.hr\/NoviWeb\/wp-json\/wp\/v2\/comments?post=1298"}],"version-history":[{"count":3,"href":"https:\/\/umjetnicka-skola-osijek.hr\/NoviWeb\/wp-json\/wp\/v2\/pages\/1298\/revisions"}],"predecessor-version":[{"id":3681,"href":"https:\/\/umjetnicka-skola-osijek.hr\/NoviWeb\/wp-json\/wp\/v2\/pages\/1298\/revisions\/3681"}],"wp:attachment":[{"href":"https:\/\/umjetnicka-skola-osijek.hr\/NoviWeb\/wp-json\/wp\/v2\/media?parent=1298"}],"curies":[{"name":"wp","href":"https:\/\/api.w.org\/{rel}","templated":true}]}}