{"id":2,"date":"2017-12-27T18:38:29","date_gmt":"2017-12-27T18:38:29","guid":{"rendered":"http:\/\/umjetnicka-skola-osijek.hr\/NoviWeb\/?page_id=2"},"modified":"2019-05-05T15:13:50","modified_gmt":"2019-05-05T14:13:50","slug":"sample-page","status":"publish","type":"page","link":"https:\/\/umjetnicka-skola-osijek.hr\/NoviWeb\/","title":{"rendered":"Po\u010detna"},"content":{"rendered":"\n\t\t\t\t<img decoding=\"async\" src=\"http:\/\/umjetnicka-skola-osijek.hr\/NoviWeb\/wp-content\/uploads\/2018\/01\/png.bijeli-small-300x136.png\" alt=\"png.bijeli small\" itemprop=\"image\"\/>\n\t<h2><!--\n\t-->\u0160KOLA PRIMIJENJENE<!--\t-->UMJETNOSTI I DIZAJNAUMJETNOSTI I DIZAJNA<!--\n\t-->OSIJEK\n\t<\/h2>\n\t\t\t<a href=\"http:\/\/umjetnicka-skola-osijek.hr\/NoviWeb\/raspored-sati\/\" target=\"_self\"   role=\"button\" rel=\"noopener noreferrer\">\n\t\t\t\t\t\t\t\t\t\t\tRaspored sati\n\t\t<\/a>\n\t\t\t<a href=\"http:\/\/umjetnicka-skola-osijek.hr\/NoviWeb\/raspored-sati\/\" target=\"_self\"   role=\"button\" rel=\"noopener noreferrer\">\n\t\t\t\t\t\t\t\t\t\t\tZavr\u0161ni razredi\n\t\t<\/a>\n\t\t\t<a href=\"http:\/\/umjetnicka-skola-osijek.hr\/NoviWeb\/drzavna-matura\/\" target=\"_self\"   role=\"button\" rel=\"noopener noreferrer\">\n\t\t\t\t\t\t\t\t\t\t\tDr\u017eavna matura\n\t\t<\/a>\n\t\t\t<a href=\"http:\/\/umjetnicka-skola-osijek.hr\/NoviWeb\/upisiuprvi\/\" target=\"_self\"   role=\"button\" rel=\"noopener noreferrer\">\n\t\t\t\t\t\t\t\t\t\t\tUpisi u prvi razred\n\t\t<\/a>\n\t\t\t<a href=\"http:\/\/umjetnicka-skola-osijek.hr\/NoviWeb\/upisudrugi\/\" target=\"_self\"   role=\"button\" rel=\"noopener noreferrer\">\n\t\t\t\t\t\t\t\t\t\t\tUpisi u drugi razred\n\t\t<\/a>\n\t\t\t\t<a href=\"https:\/\/ocjene.skole.hr\/pocetna\/prijava\" target=\"_blank\" rel=\"noopener noreferrer\"  itemprop=\"url\">\n\t\t\t\t<img loading=\"lazy\" decoding=\"async\" src=\"http:\/\/umjetnicka-skola-osijek.hr\/NoviWeb\/wp-content\/uploads\/2018\/01\/D_ucenici_2.png\" alt=\"D_ucenici_2\" itemprop=\"image\" height=\"72\" width=\"180\" title=\"D_ucenici_2\"  \/>\n\t\t\t\t<\/a>\n\t\t\t\t<a href=\"https:\/\/e-dnevnik.skole.hr\/\" target=\"_blank\" rel=\"noopener noreferrer\"  itemprop=\"url\">\n\t\t\t\t<img loading=\"lazy\" decoding=\"async\" src=\"http:\/\/umjetnicka-skola-osijek.hr\/NoviWeb\/wp-content\/uploads\/2018\/01\/D_nastavnici_2.png\" alt=\"D_nastavnici_2\" itemprop=\"image\" height=\"72\" width=\"180\" title=\"D_nastavnici_2\"  \/>\n\t\t\t\t<\/a>\n\t\t\t\t<a href=\"http:\/\/library.foi.hr\/m3\/k.aspx?B=302\" target=\"_blank\" rel=\"noopener noreferrer\"  itemprop=\"url\">\n\t\t\t\t<img loading=\"lazy\" decoding=\"async\" src=\"http:\/\/umjetnicka-skola-osijek.hr\/NoviWeb\/wp-content\/uploads\/2018\/01\/logoKnjiznice.png\" alt=\"logoKnjiznice\" itemprop=\"image\" height=\"92\" width=\"180\" title=\"logoKnjiznice\"  \/>\n\t\t\t\t<\/a>\n<h2>\n\t\tObavijesti\n\t<\/h2>\n<h2>\n\t\tIzdvojene vijesti\n\t<\/h2>\n\t<iframe src=\"https:\/\/www.google.com\/maps\/embed\/v1\/place?key=AIzaSyD09zQ9PNDNNy9TadMuzRV_UsPUoWKntt8&#038;q=Drinska+12%2C+Osijek\"><\/iframe>\n","protected":false},"excerpt":{"rendered":"","protected":false},"author":1,"featured_media":0,"parent":0,"menu_order":0,"comment_status":"closed","ping_status":"closed","template":"","meta":{"spay_email":"","footnotes":""},"class_list":["post-2","page","type-page","status-publish","hentry"],"jetpack_shortlink":"https:\/\/wp.me\/P9yzR9-2","jetpack_likes_enabled":false,"jetpack-related-posts":[{"id":3621,"url":"https:\/\/umjetnicka-skola-osijek.hr\/NoviWeb\/upisudrugi\/","url_meta":{"origin":2,"position":0},"title":"Upisi u drugi razred","date":"11. velja\u010de 2019.","format":false,"excerpt":"Upisi u drugi razred Upisi u drugi razred Ovdje \u0107e se u odgovaraju\u0107em vremenu mo\u0107i prona\u0107i sve informacije o upisu u drugi razred. U\u010denici prilikom upisa u drugi razred upisuju jedan od smjerova. \u00a0","rel":"","context":"Srodne objave","img":{"alt_text":"","src":"","width":0,"height":0},"classes":[]},{"id":3613,"url":"https:\/\/umjetnicka-skola-osijek.hr\/NoviWeb\/upisiuprvi\/","url_meta":{"origin":2,"position":1},"title":"Upisi u prvi razred","date":"11. velja\u010de 2019.","format":false,"excerpt":"Upisi u prvi razred Upisi u prvi razred Ovdje se mogu prona\u0107i informacije o upisu u prvi razred. Za informacije u na\u010dinu, kalendaru i uvijetima upisa pogledajte na stranicama Nacionalnoga informacijskog sustava prijava i upisa u srednje \u0161kole.","rel":"","context":"Srodne objave","img":{"alt_text":"","src":"","width":0,"height":0},"classes":[]},{"id":3604,"url":"https:\/\/umjetnicka-skola-osijek.hr\/NoviWeb\/o-skoli\/skolski-odbor-copy\/","url_meta":{"origin":2,"position":2},"title":"Upisi u prvi razred","date":"7. velja\u010de 2019.","format":false,"excerpt":"<h2>\u0160KOLSKI ODBOR<\/h2><h4>Obavijesti o \u0161kolskom odboru se nalaze ovdje.<\/h4>","rel":"","context":"Srodne objave","img":{"alt_text":"","src":"","width":0,"height":0},"classes":[]},{"id":662,"url":"https:\/\/umjetnicka-skola-osijek.hr\/NoviWeb\/o-skoli\/povijest-skole\/","url_meta":{"origin":2,"position":3},"title":"Povijest \u0161kole","date":"6. sije\u010dnja 2018.","format":false,"excerpt":"POVIJEST \u0160KOLESaznajte vi\u0161e o na\u0161oj povijesti ovdje. Vremeplov jednog odrastanja Povijesni arhiv u Osijeku bilje\u017ei u \u201eTjedniku \u0161kolskog u\u010diva\u201c iz 1895.\/96. \u0161kolske godine podatak da je te godine osnovana\u00a0 Vi\u0161a pu\u010dka \u0161kola u Osijeku. Po\u010detkom \u0161k. god.1902.\/1903. postojala je u Osijeku \u017denska stru\u010dna \u0161kola za \u0161i\u0107e, za kroja\u010denje, za gla\u0111enje,\u2026","rel":"","context":"Srodne objave","img":{"alt_text":"","src":"","width":0,"height":0},"classes":[]},{"id":331,"url":"https:\/\/umjetnicka-skola-osijek.hr\/NoviWeb\/erasmus\/","url_meta":{"origin":2,"position":4},"title":"Erasmus","date":"3. sije\u010dnja 2018.","format":false,"excerpt":"Na\u0161a \u0161kola se uklju\u010dila u provedbu europskog projekta Erasmus+ UMJETNICI ZA UMJETNI\u010cKO OBRAZOVANJE 3 Kroz projekt omogu\u0107it \u0107e se u\u010denicima tih \u0161kola usmjerenja\u00a0slikarski ili kiparski dizajner\u00a0stru\u010dno usavr\u0161avanje u Sloveniji (Maribor)\u00a0u\u00a0trajanju 14 dana\u00a0u obliku\u00a0radnog iskustva\u00a0sa stranim umjetnikom u njegovom ateljeu (oko 2 u\u010denika istovremeno kod 1 mentora) i\u00a0kulturolo\u0161kog programa\u00a0u Mariboru. Mobilnost\u2026","rel":"","context":"Srodne objave","img":{"alt_text":"","src":"","width":0,"height":0},"classes":[]},{"id":1304,"url":"https:\/\/umjetnicka-skola-osijek.hr\/NoviWeb\/kiparski-dizajner\/","url_meta":{"origin":2,"position":5},"title":"Kiparski dizajner","date":"25. sije\u010dnja 2018.","format":false,"excerpt":"KIPARSKI DIZAJNER LIKOVNA UMJETNOST I DIZAJN (4 GODINE)\u00a0Prva godina je zajedni\u010dka, u drugoj godini slijedi usmjeravanje. U\u010denici se osposobljavaju za samostalnu izradu dekorativnih i uporabnih umjetni\u010dkih predmeta suvremenog dizajna u reljefu i punoj plastici. Ovladavaju tehnikom obrade drva i kamena te modeliraju u glini. Potrebna stru\u010dna znanja za svladavanje ovog\u2026","rel":"","context":"Srodne objave","img":{"alt_text":"kip09","src":"https:\/\/i0.wp.com\/umjetnicka-skola-osijek.hr\/NoviWeb\/wp-content\/uploads\/2018\/01\/kip09.jpg?resize=350%2C200","width":350,"height":200},"classes":[]}],"jetpack_sharing_enabled":true,"_links":{"self":[{"href":"https:\/\/umjetnicka-skola-osijek.hr\/NoviWeb\/wp-json\/wp\/v2\/pages\/2","targetHints":{"allow":["GET"]}}],"collection":[{"href":"https:\/\/umjetnicka-skola-osijek.hr\/NoviWeb\/wp-json\/wp\/v2\/pages"}],"about":[{"href":"https:\/\/umjetnicka-skola-osijek.hr\/NoviWeb\/wp-json\/wp\/v2\/types\/page"}],"author":[{"embeddable":true,"href":"https:\/\/umjetnicka-skola-osijek.hr\/NoviWeb\/wp-json\/wp\/v2\/users\/1"}],"replies":[{"embeddable":true,"href":"https:\/\/umjetnicka-skola-osijek.hr\/NoviWeb\/wp-json\/wp\/v2\/comments?post=2"}],"version-history":[{"count":92,"href":"https:\/\/umjetnicka-skola-osijek.hr\/NoviWeb\/wp-json\/wp\/v2\/pages\/2\/revisions"}],"predecessor-version":[{"id":3664,"href":"https:\/\/umjetnicka-skola-osijek.hr\/NoviWeb\/wp-json\/wp\/v2\/pages\/2\/revisions\/3664"}],"wp:attachment":[{"href":"https:\/\/umjetnicka-skola-osijek.hr\/NoviWeb\/wp-json\/wp\/v2\/media?parent=2"}],"curies":[{"name":"wp","href":"https:\/\/api.w.org\/{rel}","templated":true}]}}