{"id":3342,"date":"2018-11-13T15:22:19","date_gmt":"2018-11-13T14:22:19","guid":{"rendered":"http:\/\/umjetnicka-skola-osijek.hr\/NoviWeb\/?page_id=3342"},"modified":"2018-11-13T23:20:26","modified_gmt":"2018-11-13T22:20:26","slug":"natjecaji-copy","status":"publish","type":"page","link":"https:\/\/umjetnicka-skola-osijek.hr\/NoviWeb\/o-skoli\/natjecaji\/natjecaji-copy\/","title":{"rendered":"Arhiva natje\u010daja"},"content":{"rendered":"<pre><code>    &lt;h2&gt;ARHIVA NATJE\u010cAJA&lt;\/h2&gt;&lt;h4&gt;Pro\u0161li natje\u010daji, pozivi i ostale objave vezane za natje\u010daje&lt;\/h4&gt;          \n<\/code><\/pre>\n","protected":false},"excerpt":{"rendered":"<p>&lt;h2&gt;ARHIVA NATJE\u010cAJA&lt;\/h2&gt;&lt;h4&gt;Pro\u0161li natje\u010daji, pozivi i ostale objave vezane za natje\u010daje&lt;\/h4&gt;<\/p>\n","protected":false},"author":5,"featured_media":0,"parent":639,"menu_order":0,"comment_status":"closed","ping_status":"closed","template":"","meta":{"spay_email":"","footnotes":""},"class_list":["post-3342","page","type-page","status-publish","hentry"],"jetpack_shortlink":"https:\/\/wp.me\/P9yzR9-RU","jetpack_likes_enabled":false,"jetpack-related-posts":[{"id":639,"url":"https:\/\/umjetnicka-skola-osijek.hr\/NoviWeb\/o-skoli\/natjecaji\/","url_meta":{"origin":3342,"position":0},"title":"Natje\u010daji","date":"6. sije\u010dnja 2018.","format":false,"excerpt":"<h2>NATJE\u010cAJI<\/h2><h4>Aktivni natje\u010daji, pozivi i ostale objave vezane za aktualne natje\u010daje<\/h4>","rel":"","context":"Srodne objave","img":{"alt_text":"","src":"","width":0,"height":0},"classes":[]},{"id":3347,"url":"https:\/\/umjetnicka-skola-osijek.hr\/NoviWeb\/o-skoli\/natjecaji\/natjecaji_izvanucionicka\/","url_meta":{"origin":3342,"position":1},"title":"Izvanu\u010dioni\u010dka nastava","date":"13. studenoga 2018.","format":false,"excerpt":"<h2>Izvanu\u010dioni\u010dka nastava<\/h2><h4>Arhiva natje\u010daja i odluka o izvanu\u010dioni\u010dkoj nastavi<\/h4>","rel":"","context":"Srodne objave","img":{"alt_text":"","src":"","width":0,"height":0},"classes":[]},{"id":1095,"url":"https:\/\/umjetnicka-skola-osijek.hr\/NoviWeb\/zavrsni-razredi\/","url_meta":{"origin":3342,"position":2},"title":"Zavr\u0161ni razredi","date":"22. sije\u010dnja 2018.","format":false,"excerpt":"<h2>ZAVR\u0160NI RAZREDI<\/h2><h4>Materijale vezane uz zavr\u0161ne razrede mo\u017eete prona\u0107i ovdje.<\/h4>","rel":"","context":"Srodne objave","img":{"alt_text":"","src":"","width":0,"height":0},"classes":[]},{"id":3464,"url":"https:\/\/umjetnicka-skola-osijek.hr\/NoviWeb\/drzavna-matura\/","url_meta":{"origin":3342,"position":3},"title":"Dr\u017eavna Matura","date":"20. studenoga 2018.","format":false,"excerpt":"<h2>DR\u017dAVNA MATURA<\/h2><h4>Materijale vezane uz dr\u017eavnu maturu mo\u017eete prona\u0107i ovdje.<\/h4>","rel":"","context":"Srodne objave","img":{"alt_text":"","src":"","width":0,"height":0},"classes":[]},{"id":1211,"url":"https:\/\/umjetnicka-skola-osijek.hr\/NoviWeb\/narudzbe-po-zelji\/","url_meta":{"origin":3342,"position":4},"title":"Narud\u017ebe po \u017eelji","date":"24. sije\u010dnja 2018.","format":false,"excerpt":"<h4><\/h4> <h2> Imate li ne\u0161to zanimljivo? Ne znate kako to izvesti? <\/h2> <a href=\"#kontakt\" target=\"_self\" role=\"button\"> Kontaktirajte nas <\/a> <h2>Adresa<\/h2> Krbavska b.b., 31000 Osijek <h2>E-mail<\/h2> <a href=\"mailto:umjetnicka.skola.osijek@gmail.com\" target=\"_blank\" rel=\"noopener\">umjetnicka.skola.osijek@gmail.com<\/a><br \/><a href=\"mailto:ured@ss-primijenjenaumjetnostidizajn-os.skole.hr\" target=\"_blank\" rel=\"noopener\">ured@ss-primijenjenaumjetnostidizajn-os.skole.hr<\/a>","rel":"","context":"Srodne objave","img":{"alt_text":"","src":"","width":0,"height":0},"classes":[]},{"id":653,"url":"https:\/\/umjetnicka-skola-osijek.hr\/NoviWeb\/o-skoli\/skolski-odbor\/","url_meta":{"origin":3342,"position":5},"title":"\u0160kolski odbor","date":"6. sije\u010dnja 2018.","format":false,"excerpt":"<h2>\u0160KOLSKI ODBOR<\/h2><h4>Obavijesti o \u0161kolskom odboru se nalaze ovdje.<\/h4>","rel":"","context":"Srodne objave","img":{"alt_text":"","src":"","width":0,"height":0},"classes":[]}],"jetpack_sharing_enabled":true,"_links":{"self":[{"href":"https:\/\/umjetnicka-skola-osijek.hr\/NoviWeb\/wp-json\/wp\/v2\/pages\/3342","targetHints":{"allow":["GET"]}}],"collection":[{"href":"https:\/\/umjetnicka-skola-osijek.hr\/NoviWeb\/wp-json\/wp\/v2\/pages"}],"about":[{"href":"https:\/\/umjetnicka-skola-osijek.hr\/NoviWeb\/wp-json\/wp\/v2\/types\/page"}],"author":[{"embeddable":true,"href":"https:\/\/umjetnicka-skola-osijek.hr\/NoviWeb\/wp-json\/wp\/v2\/users\/5"}],"replies":[{"embeddable":true,"href":"https:\/\/umjetnicka-skola-osijek.hr\/NoviWeb\/wp-json\/wp\/v2\/comments?post=3342"}],"version-history":[{"count":4,"href":"https:\/\/umjetnicka-skola-osijek.hr\/NoviWeb\/wp-json\/wp\/v2\/pages\/3342\/revisions"}],"predecessor-version":[{"id":3360,"href":"https:\/\/umjetnicka-skola-osijek.hr\/NoviWeb\/wp-json\/wp\/v2\/pages\/3342\/revisions\/3360"}],"up":[{"embeddable":true,"href":"https:\/\/umjetnicka-skola-osijek.hr\/NoviWeb\/wp-json\/wp\/v2\/pages\/639"}],"wp:attachment":[{"href":"https:\/\/umjetnicka-skola-osijek.hr\/NoviWeb\/wp-json\/wp\/v2\/media?parent=3342"}],"curies":[{"name":"wp","href":"https:\/\/api.w.org\/{rel}","templated":true}]}}