{"id":3347,"date":"2018-11-13T15:47:36","date_gmt":"2018-11-13T14:47:36","guid":{"rendered":"http:\/\/umjetnicka-skola-osijek.hr\/NoviWeb\/?page_id=3347"},"modified":"2018-11-13T19:07:00","modified_gmt":"2018-11-13T18:07:00","slug":"natjecaji_izvanucionicka","status":"publish","type":"page","link":"https:\/\/umjetnicka-skola-osijek.hr\/NoviWeb\/o-skoli\/natjecaji\/natjecaji_izvanucionicka\/","title":{"rendered":"Izvanu\u010dioni\u010dka nastava"},"content":{"rendered":"<pre><code>    &lt;h2&gt;Izvanu\u010dioni\u010dka nastava&lt;\/h2&gt;&lt;h4&gt;Arhiva natje\u010daja i odluka o izvanu\u010dioni\u010dkoj nastavi&lt;\/h4&gt;         \n<\/code><\/pre>\n","protected":false},"excerpt":{"rendered":"<p>&lt;h2&gt;Izvanu\u010dioni\u010dka nastava&lt;\/h2&gt;&lt;h4&gt;Arhiva natje\u010daja i odluka o izvanu\u010dioni\u010dkoj nastavi&lt;\/h4&gt;<\/p>\n","protected":false},"author":5,"featured_media":0,"parent":639,"menu_order":0,"comment_status":"closed","ping_status":"closed","template":"","meta":{"spay_email":"","footnotes":""},"class_list":["post-3347","page","type-page","status-publish","hentry"],"jetpack_shortlink":"https:\/\/wp.me\/P9yzR9-RZ","jetpack_likes_enabled":false,"jetpack-related-posts":[{"id":3342,"url":"https:\/\/umjetnicka-skola-osijek.hr\/NoviWeb\/o-skoli\/natjecaji\/natjecaji-copy\/","url_meta":{"origin":3347,"position":0},"title":"Arhiva natje\u010daja","date":"13. studenoga 2018.","format":false,"excerpt":"<h2>ARHIVA NATJE\u010cAJA<\/h2><h4>Pro\u0161li natje\u010daji, pozivi i ostale objave vezane za natje\u010daje<\/h4>","rel":"","context":"Srodne objave","img":{"alt_text":"","src":"","width":0,"height":0},"classes":[]},{"id":3534,"url":"https:\/\/umjetnicka-skola-osijek.hr\/NoviWeb\/fakultativna\/","url_meta":{"origin":3347,"position":1},"title":"Fakultativna nastava","date":"26. studenoga 2018.","format":false,"excerpt":"FILOZOFIJA Fakultativna nastava Nastava \u0107e se izvoditi iz predmeta Filozofija (4. razredi). Na fakultativnoj nastavi u\u010denici \u0107e imati mogu\u0107nosti nau\u010diti i do\u017eivjeti nove sadr\u017eaje, pro\u0161iriti svoja znanja i upoznati nove kulture, obi\u010daje i vrijednosti te usavr\u0161iti potrebne vje\u0161tini za nastavak obrazovanja i cjelo\u017eivotnog u\u010denja. U \u0161koli trenutno imamo sljede\u0107u fakultativnu\u2026","rel":"","context":"Srodne objave","img":{"alt_text":"","src":"","width":0,"height":0},"classes":[]},{"id":3471,"url":"https:\/\/umjetnicka-skola-osijek.hr\/NoviWeb\/dodatna-nastava\/","url_meta":{"origin":3347,"position":2},"title":"Dodatna nastava","date":"20. studenoga 2018.","format":false,"excerpt":"DODATNA NASTAVA Dodatna nastava Dodatnu nastavu je mogu\u0107e organizirati, npr. iz stranoga jezika ili nekog drugog podru\u010dja, ukoliko u\u010denici iska\u017eu interes. Takav je oblik nastave po\u017eeljan za\u00a0 stjecanje i usvajanje dodatnih znanja i vje\u0161tina. U \u0161koli trenutno imamo dodatnu nastavu iz: Strip grupa Maketarstvo Glazbeni bonus","rel":"","context":"Srodne objave","img":{"alt_text":"","src":"","width":0,"height":0},"classes":[]},{"id":3474,"url":"https:\/\/umjetnicka-skola-osijek.hr\/NoviWeb\/bend\/","url_meta":{"origin":3347,"position":3},"title":"\u0160kolski bend","date":"20. studenoga 2018.","format":false,"excerpt":"<h2>GLAZBENI BONUS<\/h2> <strong>NAZIV DODATNE NASTAVE:\u00a0<\/strong>\u00a0\u00a0\u00a0\u00a0\u00a0 Glazbeni bonus\u00a0 BROJ SATI (tjedno\/godi\u0161nje): 2\/70 \u00a0IME I PREZIME NASTAVNIKA:\u00a0\u00a0\u00a0\u00a0\u00a0\u00a0 Ozana Tomi\u0107 \u00a0RAZRED\/SKUPINA: I, II, III, IV \u00a0BROJ U\u010cENIKA: 10 CILJ DODATNE NASTAVE: Dodatna nastava organizira se za u\u010denike koji pokazuju izrazito zanimanje za predmet te posjeduju mogu\u0107nosti koje se mogu jo\u0161 vi\u0161e razviti intenzivnim\u2026","rel":"","context":"Srodne objave","img":{"alt_text":"","src":"","width":0,"height":0},"classes":[]},{"id":639,"url":"https:\/\/umjetnicka-skola-osijek.hr\/NoviWeb\/o-skoli\/natjecaji\/","url_meta":{"origin":3347,"position":4},"title":"Natje\u010daji","date":"6. sije\u010dnja 2018.","format":false,"excerpt":"<h2>NATJE\u010cAJI<\/h2><h4>Aktivni natje\u010daji, pozivi i ostale objave vezane za aktualne natje\u010daje<\/h4>","rel":"","context":"Srodne objave","img":{"alt_text":"","src":"","width":0,"height":0},"classes":[]},{"id":3482,"url":"https:\/\/umjetnicka-skola-osijek.hr\/NoviWeb\/dopunska\/","url_meta":{"origin":3347,"position":5},"title":"Dopunska nastava","date":"20. studenoga 2018.","format":false,"excerpt":"DOPUNSKA NASTAVA Dopunska nastava Organizirana je kao pomo\u0107 u\u010denicima koji se pripremaju za polaganje ispita dr\u017eavne mature. Nastava se odr\u017eava iz nastavnih predmeta Matematike, Hrvatskog jezika i Engleskoga\/Njema\u010dkoga jezika za u\u010denike 4. razreda Hrvatski jezik Voditelj\/ica: Karolina Buljevi\u0107, prof. Broj u\u010denika u aktivnosti:\u00a0 72 iz razreda: \u00a0IV.a,b,c,d Predvi\u0111en broj sati\u2026","rel":"","context":"Srodne objave","img":{"alt_text":"","src":"","width":0,"height":0},"classes":[]}],"jetpack_sharing_enabled":true,"_links":{"self":[{"href":"https:\/\/umjetnicka-skola-osijek.hr\/NoviWeb\/wp-json\/wp\/v2\/pages\/3347","targetHints":{"allow":["GET"]}}],"collection":[{"href":"https:\/\/umjetnicka-skola-osijek.hr\/NoviWeb\/wp-json\/wp\/v2\/pages"}],"about":[{"href":"https:\/\/umjetnicka-skola-osijek.hr\/NoviWeb\/wp-json\/wp\/v2\/types\/page"}],"author":[{"embeddable":true,"href":"https:\/\/umjetnicka-skola-osijek.hr\/NoviWeb\/wp-json\/wp\/v2\/users\/5"}],"replies":[{"embeddable":true,"href":"https:\/\/umjetnicka-skola-osijek.hr\/NoviWeb\/wp-json\/wp\/v2\/comments?post=3347"}],"version-history":[{"count":3,"href":"https:\/\/umjetnicka-skola-osijek.hr\/NoviWeb\/wp-json\/wp\/v2\/pages\/3347\/revisions"}],"predecessor-version":[{"id":3355,"href":"https:\/\/umjetnicka-skola-osijek.hr\/NoviWeb\/wp-json\/wp\/v2\/pages\/3347\/revisions\/3355"}],"up":[{"embeddable":true,"href":"https:\/\/umjetnicka-skola-osijek.hr\/NoviWeb\/wp-json\/wp\/v2\/pages\/639"}],"wp:attachment":[{"href":"https:\/\/umjetnicka-skola-osijek.hr\/NoviWeb\/wp-json\/wp\/v2\/media?parent=3347"}],"curies":[{"name":"wp","href":"https:\/\/api.w.org\/{rel}","templated":true}]}}