{"id":3464,"date":"2018-11-20T14:32:12","date_gmt":"2018-11-20T13:32:12","guid":{"rendered":"http:\/\/umjetnicka-skola-osijek.hr\/NoviWeb\/?page_id=3464"},"modified":"2018-11-20T14:41:58","modified_gmt":"2018-11-20T13:41:58","slug":"drzavna-matura","status":"publish","type":"page","link":"https:\/\/umjetnicka-skola-osijek.hr\/NoviWeb\/drzavna-matura\/","title":{"rendered":"Dr\u017eavna Matura"},"content":{"rendered":"<pre><code>    &lt;h2&gt;DR\u017dAVNA MATURA&lt;\/h2&gt;&lt;h4&gt;Materijale vezane uz dr\u017eavnu maturu mo\u017eete prona\u0107i ovdje.&lt;\/h4&gt;           \n<\/code><\/pre>\n","protected":false},"excerpt":{"rendered":"<p>&lt;h2&gt;DR\u017dAVNA MATURA&lt;\/h2&gt;&lt;h4&gt;Materijale vezane uz dr\u017eavnu maturu mo\u017eete prona\u0107i ovdje.&lt;\/h4&gt;<\/p>\n","protected":false},"author":5,"featured_media":0,"parent":0,"menu_order":0,"comment_status":"closed","ping_status":"closed","template":"","meta":{"spay_email":"","footnotes":""},"class_list":["post-3464","page","type-page","status-publish","hentry"],"jetpack_shortlink":"https:\/\/wp.me\/P9yzR9-TS","jetpack_likes_enabled":false,"jetpack-related-posts":[{"id":1095,"url":"https:\/\/umjetnicka-skola-osijek.hr\/NoviWeb\/zavrsni-razredi\/","url_meta":{"origin":3464,"position":0},"title":"Zavr\u0161ni razredi","date":"22. sije\u010dnja 2018.","format":false,"excerpt":"<h2>ZAVR\u0160NI RAZREDI<\/h2><h4>Materijale vezane uz zavr\u0161ne razrede mo\u017eete prona\u0107i ovdje.<\/h4>","rel":"","context":"Srodne objave","img":{"alt_text":"","src":"","width":0,"height":0},"classes":[]},{"id":2,"url":"https:\/\/umjetnicka-skola-osijek.hr\/NoviWeb\/","url_meta":{"origin":3464,"position":1},"title":"Po\u010detna","date":"27. prosinca 2017.","format":false,"excerpt":"\u0160KOLA PRIMIJENJENEUMJETNOSTI I DIZAJNAUMJETNOSTI I DIZAJNAOSIJEK Raspored sati Zavr\u0161ni razredi Dr\u017eavna matura Upisi u prvi razred Upisi u drugi razred Obavijesti Izdvojene vijesti","rel":"","context":"Srodne objave","img":{"alt_text":"","src":"","width":0,"height":0},"classes":[]},{"id":639,"url":"https:\/\/umjetnicka-skola-osijek.hr\/NoviWeb\/o-skoli\/natjecaji\/","url_meta":{"origin":3464,"position":2},"title":"Natje\u010daji","date":"6. sije\u010dnja 2018.","format":false,"excerpt":"<h2>NATJE\u010cAJI<\/h2><h4>Aktivni natje\u010daji, pozivi i ostale objave vezane za aktualne natje\u010daje<\/h4>","rel":"","context":"Srodne objave","img":{"alt_text":"","src":"","width":0,"height":0},"classes":[]},{"id":3342,"url":"https:\/\/umjetnicka-skola-osijek.hr\/NoviWeb\/o-skoli\/natjecaji\/natjecaji-copy\/","url_meta":{"origin":3464,"position":3},"title":"Arhiva natje\u010daja","date":"13. studenoga 2018.","format":false,"excerpt":"<h2>ARHIVA NATJE\u010cAJA<\/h2><h4>Pro\u0161li natje\u010daji, pozivi i ostale objave vezane za natje\u010daje<\/h4>","rel":"","context":"Srodne objave","img":{"alt_text":"","src":"","width":0,"height":0},"classes":[]},{"id":653,"url":"https:\/\/umjetnicka-skola-osijek.hr\/NoviWeb\/o-skoli\/skolski-odbor\/","url_meta":{"origin":3464,"position":4},"title":"\u0160kolski odbor","date":"6. sije\u010dnja 2018.","format":false,"excerpt":"<h2>\u0160KOLSKI ODBOR<\/h2><h4>Obavijesti o \u0161kolskom odboru se nalaze ovdje.<\/h4>","rel":"","context":"Srodne objave","img":{"alt_text":"","src":"","width":0,"height":0},"classes":[]},{"id":3604,"url":"https:\/\/umjetnicka-skola-osijek.hr\/NoviWeb\/o-skoli\/skolski-odbor-copy\/","url_meta":{"origin":3464,"position":5},"title":"Upisi u prvi razred","date":"7. velja\u010de 2019.","format":false,"excerpt":"<h2>\u0160KOLSKI ODBOR<\/h2><h4>Obavijesti o \u0161kolskom odboru se nalaze ovdje.<\/h4>","rel":"","context":"Srodne objave","img":{"alt_text":"","src":"","width":0,"height":0},"classes":[]}],"jetpack_sharing_enabled":true,"_links":{"self":[{"href":"https:\/\/umjetnicka-skola-osijek.hr\/NoviWeb\/wp-json\/wp\/v2\/pages\/3464","targetHints":{"allow":["GET"]}}],"collection":[{"href":"https:\/\/umjetnicka-skola-osijek.hr\/NoviWeb\/wp-json\/wp\/v2\/pages"}],"about":[{"href":"https:\/\/umjetnicka-skola-osijek.hr\/NoviWeb\/wp-json\/wp\/v2\/types\/page"}],"author":[{"embeddable":true,"href":"https:\/\/umjetnicka-skola-osijek.hr\/NoviWeb\/wp-json\/wp\/v2\/users\/5"}],"replies":[{"embeddable":true,"href":"https:\/\/umjetnicka-skola-osijek.hr\/NoviWeb\/wp-json\/wp\/v2\/comments?post=3464"}],"version-history":[{"count":2,"href":"https:\/\/umjetnicka-skola-osijek.hr\/NoviWeb\/wp-json\/wp\/v2\/pages\/3464\/revisions"}],"predecessor-version":[{"id":3469,"href":"https:\/\/umjetnicka-skola-osijek.hr\/NoviWeb\/wp-json\/wp\/v2\/pages\/3464\/revisions\/3469"}],"wp:attachment":[{"href":"https:\/\/umjetnicka-skola-osijek.hr\/NoviWeb\/wp-json\/wp\/v2\/media?parent=3464"}],"curies":[{"name":"wp","href":"https:\/\/api.w.org\/{rel}","templated":true}]}}