{"id":3474,"date":"2018-11-20T15:46:35","date_gmt":"2018-11-20T14:46:35","guid":{"rendered":"http:\/\/umjetnicka-skola-osijek.hr\/NoviWeb\/?page_id=3474"},"modified":"2018-11-26T16:09:58","modified_gmt":"2018-11-26T15:09:58","slug":"bend","status":"publish","type":"page","link":"https:\/\/umjetnicka-skola-osijek.hr\/NoviWeb\/bend\/","title":{"rendered":"\u0160kolski bend"},"content":{"rendered":"<pre><code>    &lt;h2&gt;GLAZBENI BONUS&lt;\/h2&gt;         \n            &lt;strong&gt;NAZIV DODATNE NASTAVE:\u00a0&lt;\/strong&gt;\u00a0\u00a0\u00a0\u00a0\u00a0 Glazbeni bonus\u00a0 \n<\/code><\/pre>\n<p><strong>BROJ SATI (tjedno\/godi\u0161nje):<\/strong> 2\/70<\/p>\n<p><strong>\u00a0IME I PREZIME NASTAVNIKA:<\/strong>\u00a0\u00a0\u00a0\u00a0\u00a0\u00a0 Ozana Tomi\u0107<\/p>\n<p><strong>\u00a0RAZRED\/SKUPINA:<\/strong> I, II, III, IV<\/p>\n<p><strong>\u00a0BROJ U\u010cENIKA:<\/strong> 10<\/p>\n<p><strong>CILJ DODATNE NASTAVE:<\/strong> <br \/>Dodatna nastava organizira se za u\u010denike koji pokazuju izrazito zanimanje za predmet te posjeduju mogu\u0107nosti koje se mogu jo\u0161 vi\u0161e razviti intenzivnim radom.<\/p>\n<p><strong>ISHOD DODATNE NASTAVE:<\/strong> <br \/>U\u010denici \u0107e razumjeti va\u017enost glazbe za \u017eivot pojedinca i zajednice, mo\u0107i \u0107e glazbu primijeniti, prilagoditi i demonstrirati, znat \u0107e ju analizirati i samim tim stvoriti kriti\u010dkog slu\u0161atelja u sebi, ali i drugima.<\/p>\n<h3>Prvo polugodi\u0161te<\/h3>\n<pre><code>            &lt;ul&gt;\n<\/code><\/pre>\n<li>20 godina \u0160kole primijenjene umjetnosti i dizajna Osijek<\/li>\n<li>Bo\u017ei\u0107na priredba<\/li>\n<li>Glazbena slu\u0161aonica<\/li>\n<\/ul>\n<h3>Drugo polugodi\u0161te<\/h3>\n<p><\/p>\n<ul>\n<li>Glazbena slu\u0161aonica<\/li>\n<li>Dan \u0161kole<\/li>\n<li>Ispra\u0107aj maturanata i podjela svjedod\u017ebi<\/li>\n<\/ul>\n","protected":false},"excerpt":{"rendered":"<p>&lt;h2&gt;GLAZBENI BONUS&lt;\/h2&gt; &lt;strong&gt;NAZIV DODATNE NASTAVE:\u00a0&lt;\/strong&gt;\u00a0\u00a0\u00a0\u00a0\u00a0 Glazbeni bonus\u00a0 BROJ SATI (tjedno\/godi\u0161nje): 2\/70 \u00a0IME I PREZIME NASTAVNIKA:\u00a0\u00a0\u00a0\u00a0\u00a0\u00a0 Ozana Tomi\u0107 \u00a0RAZRED\/SKUPINA: I, II, III, IV \u00a0BROJ U\u010cENIKA: 10 CILJ DODATNE NASTAVE: Dodatna nastava organizira se za u\u010denike koji pokazuju izrazito zanimanje za predmet te posjeduju mogu\u0107nosti koje se mogu jo\u0161 vi\u0161e razviti intenzivnim radom. ISHOD DODATNE NASTAVE: U\u010denici &hellip;<\/p>\n<p class=\"read-more\"> <a class=\"\" href=\"https:\/\/umjetnicka-skola-osijek.hr\/NoviWeb\/bend\/\"> <span class=\"screen-reader-text\">\u0160kolski bend<\/span> Read More &raquo;<\/a><\/p>\n","protected":false},"author":5,"featured_media":0,"parent":0,"menu_order":0,"comment_status":"closed","ping_status":"closed","template":"","meta":{"spay_email":"","footnotes":""},"class_list":["post-3474","page","type-page","status-publish","hentry"],"jetpack_shortlink":"https:\/\/wp.me\/P9yzR9-U2","jetpack_likes_enabled":false,"jetpack-related-posts":[{"id":3482,"url":"https:\/\/umjetnicka-skola-osijek.hr\/NoviWeb\/dopunska\/","url_meta":{"origin":3474,"position":0},"title":"Dopunska nastava","date":"20. studenoga 2018.","format":false,"excerpt":"DOPUNSKA NASTAVA Dopunska nastava Organizirana je kao pomo\u0107 u\u010denicima koji se pripremaju za polaganje ispita dr\u017eavne mature. Nastava se odr\u017eava iz nastavnih predmeta Matematike, Hrvatskog jezika i Engleskoga\/Njema\u010dkoga jezika za u\u010denike 4. razreda Hrvatski jezik Voditelj\/ica: Karolina Buljevi\u0107, prof. Broj u\u010denika u aktivnosti:\u00a0 72 iz razreda: \u00a0IV.a,b,c,d Predvi\u0111en broj sati\u2026","rel":"","context":"Srodne objave","img":{"alt_text":"","src":"","width":0,"height":0},"classes":[]},{"id":3477,"url":"https:\/\/umjetnicka-skola-osijek.hr\/NoviWeb\/maketari\/","url_meta":{"origin":3474,"position":1},"title":"Maketari","date":"20. studenoga 2018.","format":false,"excerpt":"<h2>Maketarstvo<\/h2> <strong>NAZIV DODATNE NASTAVE:<\/strong>\u00a0\u00a0\u00a0\u00a0\u00a0\u00a0 Maketarstvo\u00a0\u00a0\u00a0 \u00a0\u00a0\u00a0\u00a0\u00a0\u00a0\u00a0\u00a0\u00a0\u00a0\u00a0\u00a0\u00a0\u00a0\u00a0\u00a0\u00a0\u00a0\u00a0\u00a0\u00a0\u00a0\u00a0\u00a0\u00a0\u00a0\u00a0\u00a0\u00a0\u00a0\u00a0\u00a0\u00a0\u00a0 BROJ SATI (tjedno\/godi\u0161nje): 2\/70 IME I PREZIME NASTAVNIKA:\u00a0\u00a0\u00a0\u00a0\u00a0\u00a0 Damir Tomas RAZRED\/SKUPINA: I, II, III, IV BROJ U\u010cENIKA: 5-10 CILJ DODATNE NASTAVE:\u00a0 Podizanje individualne sposobnosti izrade konkretnog prezentacijskog proizvoda iz drvnih i nedrvnih materijala. ISHOD DODATNE NASTAVE:\u00a0 U\u010denici \u0107e osmisliti dizajn gotovog proizvoda, prilagoditi ga\u2026","rel":"","context":"Srodne objave","img":{"alt_text":"","src":"","width":0,"height":0},"classes":[]},{"id":3480,"url":"https:\/\/umjetnicka-skola-osijek.hr\/NoviWeb\/stripgrupa\/","url_meta":{"origin":3474,"position":2},"title":"Strip grupa","date":"21. studenoga 2018.","format":false,"excerpt":"<h2>STRIP GRUPA<\/h2> <strong>IME I PREZIME NASTAVNIKA:<\/strong> Dra\u017een Brki\u0107 RAZRED\/SKUPINA: 1-4 razred BROJ U\u010cENIKA: do 10 \u00a0 CILJ DODATNE NASTAVE: upoznavanje u\u010denika s elementima stripa i izrada likovnog rada (tabla, stranica) ISHOD DODATNE NASTAVE: u\u010denici \u0107e nau\u010diti i znati prepoznati sve sastavnice strip medija, te razumjeti i primijeniti ste\u010deno znanje prilikom\u2026","rel":"","context":"Srodne objave","img":{"alt_text":"","src":"","width":0,"height":0},"classes":[]},{"id":3471,"url":"https:\/\/umjetnicka-skola-osijek.hr\/NoviWeb\/dodatna-nastava\/","url_meta":{"origin":3474,"position":3},"title":"Dodatna nastava","date":"20. studenoga 2018.","format":false,"excerpt":"DODATNA NASTAVA Dodatna nastava Dodatnu nastavu je mogu\u0107e organizirati, npr. iz stranoga jezika ili nekog drugog podru\u010dja, ukoliko u\u010denici iska\u017eu interes. Takav je oblik nastave po\u017eeljan za\u00a0 stjecanje i usvajanje dodatnih znanja i vje\u0161tina. U \u0161koli trenutno imamo dodatnu nastavu iz: Strip grupa Maketarstvo Glazbeni bonus","rel":"","context":"Srodne objave","img":{"alt_text":"","src":"","width":0,"height":0},"classes":[]},{"id":627,"url":"https:\/\/umjetnicka-skola-osijek.hr\/NoviWeb\/o-skoli\/","url_meta":{"origin":3474,"position":4},"title":"O \u0161koli","date":"6. sije\u010dnja 2018.","format":false,"excerpt":"<h2>O \u0160KOLI<\/h2><h4>Informacije o \u0161koli mo\u017eete prona\u0107i ovdje.<\/h4> \u0160kola primijenjene umjetnosti i dizajna Osijek je jedina \u0161kola u regiji koja nudi srednjo\u0161kolsko \u010detverogodi\u0161nje obrazovanje u podru\u010dju likovne umjetnosti i dizajna te nam se upisuju u\u010denici iz svih pet slavonskih \u017eupanija, a nerijetko i iz drugih dijelova Hrvatske. Zbog brojnih suradnji i\u2026","rel":"","context":"Srodne objave","img":{"alt_text":"","src":"","width":0,"height":0},"classes":[]},{"id":3534,"url":"https:\/\/umjetnicka-skola-osijek.hr\/NoviWeb\/fakultativna\/","url_meta":{"origin":3474,"position":5},"title":"Fakultativna nastava","date":"26. studenoga 2018.","format":false,"excerpt":"FILOZOFIJA Fakultativna nastava Nastava \u0107e se izvoditi iz predmeta Filozofija (4. razredi). Na fakultativnoj nastavi u\u010denici \u0107e imati mogu\u0107nosti nau\u010diti i do\u017eivjeti nove sadr\u017eaje, pro\u0161iriti svoja znanja i upoznati nove kulture, obi\u010daje i vrijednosti te usavr\u0161iti potrebne vje\u0161tini za nastavak obrazovanja i cjelo\u017eivotnog u\u010denja. U \u0161koli trenutno imamo sljede\u0107u fakultativnu\u2026","rel":"","context":"Srodne objave","img":{"alt_text":"","src":"","width":0,"height":0},"classes":[]}],"jetpack_sharing_enabled":true,"_links":{"self":[{"href":"https:\/\/umjetnicka-skola-osijek.hr\/NoviWeb\/wp-json\/wp\/v2\/pages\/3474","targetHints":{"allow":["GET"]}}],"collection":[{"href":"https:\/\/umjetnicka-skola-osijek.hr\/NoviWeb\/wp-json\/wp\/v2\/pages"}],"about":[{"href":"https:\/\/umjetnicka-skola-osijek.hr\/NoviWeb\/wp-json\/wp\/v2\/types\/page"}],"author":[{"embeddable":true,"href":"https:\/\/umjetnicka-skola-osijek.hr\/NoviWeb\/wp-json\/wp\/v2\/users\/5"}],"replies":[{"embeddable":true,"href":"https:\/\/umjetnicka-skola-osijek.hr\/NoviWeb\/wp-json\/wp\/v2\/comments?post=3474"}],"version-history":[{"count":3,"href":"https:\/\/umjetnicka-skola-osijek.hr\/NoviWeb\/wp-json\/wp\/v2\/pages\/3474\/revisions"}],"predecessor-version":[{"id":3522,"href":"https:\/\/umjetnicka-skola-osijek.hr\/NoviWeb\/wp-json\/wp\/v2\/pages\/3474\/revisions\/3522"}],"wp:attachment":[{"href":"https:\/\/umjetnicka-skola-osijek.hr\/NoviWeb\/wp-json\/wp\/v2\/media?parent=3474"}],"curies":[{"name":"wp","href":"https:\/\/api.w.org\/{rel}","templated":true}]}}