{"id":3477,"date":"2018-11-20T15:49:29","date_gmt":"2018-11-20T14:49:29","guid":{"rendered":"http:\/\/umjetnicka-skola-osijek.hr\/NoviWeb\/?page_id=3477"},"modified":"2018-11-26T15:57:15","modified_gmt":"2018-11-26T14:57:15","slug":"maketari","status":"publish","type":"page","link":"https:\/\/umjetnicka-skola-osijek.hr\/NoviWeb\/maketari\/","title":{"rendered":"Maketari"},"content":{"rendered":"<pre><code>    &lt;h2&gt;Maketarstvo&lt;\/h2&gt;            \n            &lt;strong&gt;NAZIV DODATNE NASTAVE:&lt;\/strong&gt;\u00a0\u00a0\u00a0\u00a0\u00a0\u00a0 Maketarstvo\u00a0\u00a0\u00a0 \u00a0\u00a0\u00a0\u00a0\u00a0\u00a0\u00a0\u00a0\u00a0\u00a0\u00a0\u00a0\u00a0\u00a0\u00a0\u00a0\u00a0\u00a0\u00a0\u00a0\u00a0\u00a0\u00a0\u00a0\u00a0\u00a0\u00a0\u00a0\u00a0\u00a0\u00a0\u00a0\u00a0\u00a0\n<\/code><\/pre>\n<p><strong>BROJ SATI (tjedno\/godi\u0161nje):<\/strong> 2\/70<\/p>\n<p><strong>IME I PREZIME NASTAVNIKA:\u00a0<\/strong>\u00a0\u00a0\u00a0\u00a0\u00a0 Damir Tomas<\/p>\n<p><strong>RAZRED\/SKUPINA:<\/strong> I, II, III, IV<\/p>\n<p><strong>BROJ U\u010cENIKA:<\/strong> 5-10<\/p>\n<p><strong>CILJ DODATNE NASTAVE:\u00a0<\/strong> <br \/>Podizanje individualne sposobnosti izrade konkretnog prezentacijskog proizvoda iz drvnih i nedrvnih materijala.<\/p>\n<p><strong>ISHOD DODATNE NASTAVE:<\/strong>\u00a0 <br \/>U\u010denici \u0107e osmisliti dizajn gotovog proizvoda, prilagoditi ga tehni\u010dkim i tehnolo\u0161kim mogu\u0107nostima, pripremiti tehni\u010dku dokumentaciju, izraditi maketu, model ili prototip proizvoda ili urbanisti\u010dkog rje\u0161enja.<\/p>\n<h3>Prvo polugodi\u0161te<\/h3>\n<pre><code>            Teoretski dio programa:\n<\/code><\/pre>\n<ul>\n<li>Makete, modeli prototipovi<\/li>\n<li>Alati, ure\u0111aji i materijali<\/li>\n<li>Za\u0161tita na radu<\/li>\n<li>Tehni\u010dka dokumentacija<\/li>\n<li>Mjerenje i mjerila<\/li>\n<li>Ocrtavanje<\/li>\n<li>Krojenje<\/li>\n<li>Bu\u0161enje<\/li>\n<li>Tokarenje<\/li>\n<li>Glodanje<\/li>\n<li>Bru\u0161enje<\/li>\n<li>Lijepljenje<\/li>\n<li>Povr\u0161inska obrada<\/li>\n<li>Izrada jednostavne makete iz radioni\u010dkog nacrta<\/li>\n<\/ul>\n<pre><code>        &lt;h3&gt;Drugo polugodi\u0161te&lt;\/h3&gt;          \n            &lt;ul&gt;\n<\/code><\/pre>\n<li>Idejna skica<\/li>\n<li>Radioni\u010dki nacrt<\/li>\n<li>Izrada slo\u017eenih maketa, modela ili prototipova gotovog proizvoda ili urbanisti\u010dkog rje\u0161enja<\/li>\n<\/ul>\n","protected":false},"excerpt":{"rendered":"<p>&lt;h2&gt;Maketarstvo&lt;\/h2&gt; &lt;strong&gt;NAZIV DODATNE NASTAVE:&lt;\/strong&gt;\u00a0\u00a0\u00a0\u00a0\u00a0\u00a0 Maketarstvo\u00a0\u00a0\u00a0 \u00a0\u00a0\u00a0\u00a0\u00a0\u00a0\u00a0\u00a0\u00a0\u00a0\u00a0\u00a0\u00a0\u00a0\u00a0\u00a0\u00a0\u00a0\u00a0\u00a0\u00a0\u00a0\u00a0\u00a0\u00a0\u00a0\u00a0\u00a0\u00a0\u00a0\u00a0\u00a0\u00a0\u00a0 BROJ SATI (tjedno\/godi\u0161nje): 2\/70 IME I PREZIME NASTAVNIKA:\u00a0\u00a0\u00a0\u00a0\u00a0\u00a0 Damir Tomas RAZRED\/SKUPINA: I, II, III, IV BROJ U\u010cENIKA: 5-10 CILJ DODATNE NASTAVE:\u00a0 Podizanje individualne sposobnosti izrade konkretnog prezentacijskog proizvoda iz drvnih i nedrvnih materijala. ISHOD DODATNE NASTAVE:\u00a0 U\u010denici \u0107e osmisliti dizajn gotovog proizvoda, prilagoditi ga tehni\u010dkim i tehnolo\u0161kim mogu\u0107nostima, pripremiti &hellip;<\/p>\n<p class=\"read-more\"> <a class=\"\" href=\"https:\/\/umjetnicka-skola-osijek.hr\/NoviWeb\/maketari\/\"> <span class=\"screen-reader-text\">Maketari<\/span> Read More &raquo;<\/a><\/p>\n","protected":false},"author":5,"featured_media":0,"parent":0,"menu_order":0,"comment_status":"closed","ping_status":"closed","template":"","meta":{"spay_email":"","footnotes":""},"class_list":["post-3477","page","type-page","status-publish","hentry"],"jetpack_shortlink":"https:\/\/wp.me\/P9yzR9-U5","jetpack_likes_enabled":false,"jetpack-related-posts":[{"id":3474,"url":"https:\/\/umjetnicka-skola-osijek.hr\/NoviWeb\/bend\/","url_meta":{"origin":3477,"position":0},"title":"\u0160kolski bend","date":"20. studenoga 2018.","format":false,"excerpt":"<h2>GLAZBENI BONUS<\/h2> <strong>NAZIV DODATNE NASTAVE:\u00a0<\/strong>\u00a0\u00a0\u00a0\u00a0\u00a0 Glazbeni bonus\u00a0 BROJ SATI (tjedno\/godi\u0161nje): 2\/70 \u00a0IME I PREZIME NASTAVNIKA:\u00a0\u00a0\u00a0\u00a0\u00a0\u00a0 Ozana Tomi\u0107 \u00a0RAZRED\/SKUPINA: I, II, III, IV \u00a0BROJ U\u010cENIKA: 10 CILJ DODATNE NASTAVE: Dodatna nastava organizira se za u\u010denike koji pokazuju izrazito zanimanje za predmet te posjeduju mogu\u0107nosti koje se mogu jo\u0161 vi\u0161e razviti intenzivnim\u2026","rel":"","context":"Srodne objave","img":{"alt_text":"","src":"","width":0,"height":0},"classes":[]},{"id":3482,"url":"https:\/\/umjetnicka-skola-osijek.hr\/NoviWeb\/dopunska\/","url_meta":{"origin":3477,"position":1},"title":"Dopunska nastava","date":"20. studenoga 2018.","format":false,"excerpt":"DOPUNSKA NASTAVA Dopunska nastava Organizirana je kao pomo\u0107 u\u010denicima koji se pripremaju za polaganje ispita dr\u017eavne mature. Nastava se odr\u017eava iz nastavnih predmeta Matematike, Hrvatskog jezika i Engleskoga\/Njema\u010dkoga jezika za u\u010denike 4. razreda Hrvatski jezik Voditelj\/ica: Karolina Buljevi\u0107, prof. Broj u\u010denika u aktivnosti:\u00a0 72 iz razreda: \u00a0IV.a,b,c,d Predvi\u0111en broj sati\u2026","rel":"","context":"Srodne objave","img":{"alt_text":"","src":"","width":0,"height":0},"classes":[]},{"id":3480,"url":"https:\/\/umjetnicka-skola-osijek.hr\/NoviWeb\/stripgrupa\/","url_meta":{"origin":3477,"position":2},"title":"Strip grupa","date":"21. studenoga 2018.","format":false,"excerpt":"<h2>STRIP GRUPA<\/h2> <strong>IME I PREZIME NASTAVNIKA:<\/strong> Dra\u017een Brki\u0107 RAZRED\/SKUPINA: 1-4 razred BROJ U\u010cENIKA: do 10 \u00a0 CILJ DODATNE NASTAVE: upoznavanje u\u010denika s elementima stripa i izrada likovnog rada (tabla, stranica) ISHOD DODATNE NASTAVE: u\u010denici \u0107e nau\u010diti i znati prepoznati sve sastavnice strip medija, te razumjeti i primijeniti ste\u010deno znanje prilikom\u2026","rel":"","context":"Srodne objave","img":{"alt_text":"","src":"","width":0,"height":0},"classes":[]},{"id":3471,"url":"https:\/\/umjetnicka-skola-osijek.hr\/NoviWeb\/dodatna-nastava\/","url_meta":{"origin":3477,"position":3},"title":"Dodatna nastava","date":"20. studenoga 2018.","format":false,"excerpt":"DODATNA NASTAVA Dodatna nastava Dodatnu nastavu je mogu\u0107e organizirati, npr. iz stranoga jezika ili nekog drugog podru\u010dja, ukoliko u\u010denici iska\u017eu interes. Takav je oblik nastave po\u017eeljan za\u00a0 stjecanje i usvajanje dodatnih znanja i vje\u0161tina. U \u0161koli trenutno imamo dodatnu nastavu iz: Strip grupa Maketarstvo Glazbeni bonus","rel":"","context":"Srodne objave","img":{"alt_text":"","src":"","width":0,"height":0},"classes":[]},{"id":627,"url":"https:\/\/umjetnicka-skola-osijek.hr\/NoviWeb\/o-skoli\/","url_meta":{"origin":3477,"position":4},"title":"O \u0161koli","date":"6. sije\u010dnja 2018.","format":false,"excerpt":"<h2>O \u0160KOLI<\/h2><h4>Informacije o \u0161koli mo\u017eete prona\u0107i ovdje.<\/h4> \u0160kola primijenjene umjetnosti i dizajna Osijek je jedina \u0161kola u regiji koja nudi srednjo\u0161kolsko \u010detverogodi\u0161nje obrazovanje u podru\u010dju likovne umjetnosti i dizajna te nam se upisuju u\u010denici iz svih pet slavonskih \u017eupanija, a nerijetko i iz drugih dijelova Hrvatske. Zbog brojnih suradnji i\u2026","rel":"","context":"Srodne objave","img":{"alt_text":"","src":"","width":0,"height":0},"classes":[]},{"id":700,"url":"https:\/\/umjetnicka-skola-osijek.hr\/NoviWeb\/ucenicka-zadruga\/","url_meta":{"origin":3477,"position":5},"title":"U\u010deni\u010dka zadruga","date":"12. sije\u010dnja 2018.","format":false,"excerpt":"<img src=\"http:\/\/umjetnicka-skola-osijek.hr\/NoviWeb\/wp-content\/uploads\/2018\/01\/zadruga-header.png\" alt=\"zadruga-header\" itemprop=\"image\" height=\"149\" width=\"500\" \/> <h2>U\u010deni\u010dka zdruga L.U.D.<\/h2> U\u010deni\u010dka zadruga L. U. D. (kratica za likovnu umjetnost i dizajn) broji 60 \u010dlanova \u2013 u\u010denika od 1. do 4. razreda \u0160kole primijenjene umjetnosti i dizjana Osijek.\u00a0 Unikatni suveniri i uporabni predmeti\u00a0nastaju suradnjom sekcija zadruge:\u00a0grafi\u010dki dizajn, krojenje, keramika, plasti\u010dno oblikovanje,\u2026","rel":"","context":"Srodne objave","img":{"alt_text":"","src":"","width":0,"height":0},"classes":[]}],"jetpack_sharing_enabled":true,"_links":{"self":[{"href":"https:\/\/umjetnicka-skola-osijek.hr\/NoviWeb\/wp-json\/wp\/v2\/pages\/3477","targetHints":{"allow":["GET"]}}],"collection":[{"href":"https:\/\/umjetnicka-skola-osijek.hr\/NoviWeb\/wp-json\/wp\/v2\/pages"}],"about":[{"href":"https:\/\/umjetnicka-skola-osijek.hr\/NoviWeb\/wp-json\/wp\/v2\/types\/page"}],"author":[{"embeddable":true,"href":"https:\/\/umjetnicka-skola-osijek.hr\/NoviWeb\/wp-json\/wp\/v2\/users\/5"}],"replies":[{"embeddable":true,"href":"https:\/\/umjetnicka-skola-osijek.hr\/NoviWeb\/wp-json\/wp\/v2\/comments?post=3477"}],"version-history":[{"count":4,"href":"https:\/\/umjetnicka-skola-osijek.hr\/NoviWeb\/wp-json\/wp\/v2\/pages\/3477\/revisions"}],"predecessor-version":[{"id":3521,"href":"https:\/\/umjetnicka-skola-osijek.hr\/NoviWeb\/wp-json\/wp\/v2\/pages\/3477\/revisions\/3521"}],"wp:attachment":[{"href":"https:\/\/umjetnicka-skola-osijek.hr\/NoviWeb\/wp-json\/wp\/v2\/media?parent=3477"}],"curies":[{"name":"wp","href":"https:\/\/api.w.org\/{rel}","templated":true}]}}