{"id":3528,"date":"2018-11-26T16:36:10","date_gmt":"2018-11-26T15:36:10","guid":{"rendered":"http:\/\/umjetnicka-skola-osijek.hr\/NoviWeb\/?page_id=3528"},"modified":"2018-11-26T17:04:48","modified_gmt":"2018-11-26T16:04:48","slug":"projekti","status":"publish","type":"page","link":"https:\/\/umjetnicka-skola-osijek.hr\/NoviWeb\/projekti\/","title":{"rendered":"Projekti \u0161kole"},"content":{"rendered":"<pre><code>    &lt;h2&gt;PROJEKTI \u0160KOLE&lt;\/h2&gt;         \n        &lt;h3&gt;Projekti \u0161kole&lt;\/h3&gt;         \n            Imamo sljede\u0107e projekte:\n<\/code><\/pre>\n<ul>\n<li>Tjedan mozga, o\u017eujak 2019.<\/li>\n<li>Tjedan cjelo\u017eivotnog u\u010denja, listopad 2018.<\/li>\n<li>Projekti iz stranih jezika:\n<ul>\n<li>Christmas Cracker, prosinac 2019.<\/li>\n<li>Kviz &#8220;Njema\u010dka&#8221;, listopad &#8211; studeni 2018.<\/li>\n<li>Izrada lapbooka, rujan 2018.<\/li>\n<li>Frankenstein, listopad &#8211; studeni 2018.<\/li>\n<\/ul>\n<\/li>\n<li>U\u010deni\u010dka likovna inicijativa (ULI), nastavna godina\n<ul>\n<li>Oslikavanje zidova KBC Osijek i domova zdravlja<\/li>\n<\/ul>\n<\/li>\n<li>Likovna radionica u dje\u010djem domu &#8220;Sv. Ana&#8221; Vinkovci<\/li>\n<li>\u0160kolsko volontiranje, listopad &#8211; prosinac 2018.<\/li>\n<li>Rezbarenje ponuda, listopad &#8211; studeni 2018<\/li>\n<li>Suradnja s CISOK-om &#8211; &#8220;\u017diva knji\u017enica&#8221; i &#8220;Smotra srednjih \u0161kola&#8221;, \u0161k. godina<\/li>\n<li>Mladi za mlade<\/li>\n<li>Shema \u0161kolskog vo\u0107a<\/li>\n<li>Erasmus+ Umjetnici za umjetni\u010dko obrazovanje 4, velja\u010da 2019., o\u017eujak-travanj 2019.<\/li>\n<li>Kreativna riznica<\/li>\n<li>Jednaki u razli\u010ditosti, rujan-studeni 2019.<\/li>\n<li>Mre\u017ea hrane &#8211; Osijek grad bez gladnih<\/li>\n<li>U\u010dimo zajedno 4<\/li>\n<li>Dan kravate, 18. listopada 2019.<\/li>\n<\/ul>\n<p>\u00a0<\/p>\n","protected":false},"excerpt":{"rendered":"<p>&lt;h2&gt;PROJEKTI \u0160KOLE&lt;\/h2&gt; &lt;h3&gt;Projekti \u0161kole&lt;\/h3&gt; Imamo sljede\u0107e projekte: Tjedan mozga, o\u017eujak 2019. Tjedan cjelo\u017eivotnog u\u010denja, listopad 2018. Projekti iz stranih jezika: Christmas Cracker, prosinac 2019. Kviz &#8220;Njema\u010dka&#8221;, listopad &#8211; studeni 2018. Izrada lapbooka, rujan 2018. Frankenstein, listopad &#8211; studeni 2018. U\u010deni\u010dka likovna inicijativa (ULI), nastavna godina Oslikavanje zidova KBC Osijek i domova zdravlja Likovna radionica u &hellip;<\/p>\n<p class=\"read-more\"> <a class=\"\" href=\"https:\/\/umjetnicka-skola-osijek.hr\/NoviWeb\/projekti\/\"> <span class=\"screen-reader-text\">Projekti \u0161kole<\/span> Read More &raquo;<\/a><\/p>\n","protected":false},"author":5,"featured_media":0,"parent":0,"menu_order":0,"comment_status":"closed","ping_status":"closed","template":"","meta":{"spay_email":"","footnotes":""},"class_list":["post-3528","page","type-page","status-publish","hentry"],"jetpack_shortlink":"https:\/\/wp.me\/P9yzR9-UU","jetpack_likes_enabled":false,"jetpack-related-posts":[{"id":3539,"url":"https:\/\/umjetnicka-skola-osijek.hr\/NoviWeb\/galerija\/","url_meta":{"origin":3528,"position":0},"title":"Galerijska djelatnost","date":"26. studenoga 2018.","format":false,"excerpt":"<h2>PROJEKTI \u0160KOLE<\/h2>","rel":"","context":"Srodne objave","img":{"alt_text":"","src":"","width":0,"height":0},"classes":[]},{"id":3474,"url":"https:\/\/umjetnicka-skola-osijek.hr\/NoviWeb\/bend\/","url_meta":{"origin":3528,"position":1},"title":"\u0160kolski bend","date":"20. studenoga 2018.","format":false,"excerpt":"<h2>GLAZBENI BONUS<\/h2> <strong>NAZIV DODATNE NASTAVE:\u00a0<\/strong>\u00a0\u00a0\u00a0\u00a0\u00a0 Glazbeni bonus\u00a0 BROJ SATI (tjedno\/godi\u0161nje): 2\/70 \u00a0IME I PREZIME NASTAVNIKA:\u00a0\u00a0\u00a0\u00a0\u00a0\u00a0 Ozana Tomi\u0107 \u00a0RAZRED\/SKUPINA: I, II, III, IV \u00a0BROJ U\u010cENIKA: 10 CILJ DODATNE NASTAVE: Dodatna nastava organizira se za u\u010denike koji pokazuju izrazito zanimanje za predmet te posjeduju mogu\u0107nosti koje se mogu jo\u0161 vi\u0161e razviti intenzivnim\u2026","rel":"","context":"Srodne objave","img":{"alt_text":"","src":"","width":0,"height":0},"classes":[]},{"id":1298,"url":"https:\/\/umjetnicka-skola-osijek.hr\/NoviWeb\/graficki-dizajner\/","url_meta":{"origin":3528,"position":2},"title":"Grafi\u010dki dizajner","date":"25. sije\u010dnja 2018.","format":false,"excerpt":"GRAFI\u010cKI DIZAJNER LIKOVNA UMJETNOST I DIZAJN (4 GODINE)\u00a0Prva godina je zajedni\u010dka, u drugoj godini slijedi usmjeravanje. U\u010denici stje\u010du \u0161iroka likovna saznanja na podru\u010dju grafi\u010dke struke koja im omogu\u0107uju samostalnu likovnu karakterizaciju njihovih grafi\u010dkih kreacija: od grafi\u010dkog dizajna radom u grafi\u010dkim studijima, znanjem uporabe ra\u010dunala, do ilustratorskog rada (knji\u017eni i novinarski\u2026","rel":"","context":"Srodne objave","img":{"alt_text":"graf09","src":"https:\/\/i2.wp.com\/umjetnicka-skola-osijek.hr\/NoviWeb\/wp-content\/uploads\/2018\/01\/graf09.jpg?resize=350%2C200","width":350,"height":200},"classes":[]},{"id":1304,"url":"https:\/\/umjetnicka-skola-osijek.hr\/NoviWeb\/kiparski-dizajner\/","url_meta":{"origin":3528,"position":3},"title":"Kiparski dizajner","date":"25. sije\u010dnja 2018.","format":false,"excerpt":"KIPARSKI DIZAJNER LIKOVNA UMJETNOST I DIZAJN (4 GODINE)\u00a0Prva godina je zajedni\u010dka, u drugoj godini slijedi usmjeravanje. U\u010denici se osposobljavaju za samostalnu izradu dekorativnih i uporabnih umjetni\u010dkih predmeta suvremenog dizajna u reljefu i punoj plastici. Ovladavaju tehnikom obrade drva i kamena te modeliraju u glini. Potrebna stru\u010dna znanja za svladavanje ovog\u2026","rel":"","context":"Srodne objave","img":{"alt_text":"kip09","src":"https:\/\/i0.wp.com\/umjetnicka-skola-osijek.hr\/NoviWeb\/wp-content\/uploads\/2018\/01\/kip09.jpg?resize=350%2C200","width":350,"height":200},"classes":[]},{"id":3524,"url":"https:\/\/umjetnicka-skola-osijek.hr\/NoviWeb\/izvannastavne\/","url_meta":{"origin":3528,"position":4},"title":"Izvannastavne aktivnosti","date":"26. studenoga 2018.","format":false,"excerpt":"<h2>IZVANNASTAVNE AKTIVNOSTI<\/h2> <h3>Izvannastavne aktivnosti<\/h3> U\u010denici se za izvannastavne izvan\u0161kolske aktivnosti dobrovoljno opredjeljuju u skladu s interesima i sposobnostima. Poti\u010de se rad nadarenih i darovitih u\u010denika u podru\u010dju likovne umjetnosti i dizajna te op\u0107eobrazovnih predmeta. \u0160kola se odlikuje velikim brojem izvannastavnih i izvan\u0161kolskih aktivnostima kojima pokriva \u0161irok krug razli\u010ditih interesa u\u010denika.\u2026","rel":"","context":"Srodne objave","img":{"alt_text":"","src":"","width":0,"height":0},"classes":[]},{"id":1275,"url":"https:\/\/umjetnicka-skola-osijek.hr\/NoviWeb\/aranzersko-scenografski-dizajner\/","url_meta":{"origin":3528,"position":5},"title":"Aran\u017eersko-scenografski dizajner","date":"25. sije\u010dnja 2018.","format":false,"excerpt":"ARAN\u017dERSKO-SCENOGRAFSKI DIZAJNER LIKOVNA UMJETNOST I DIZAJN (4 GODINE)\u00a0Prva godina je zajedni\u010dka, u drugoj godini slijedi usmjeravanje. Aran\u017eeri i tehni\u010dari scenografije umjetni\u010dki oblikuju reklamno-prodajne prostore, poma\u017eu pri ure\u0111enju kazali\u0161nih i televizijskih scena te pri dizajniranju izlo\u017ebenih i prodajnih predmeta. Aran\u017eeri i tehni\u010dari scenografije osposobljeni su za obavljanje istih poslova. To su\u2026","rel":"","context":"Srodne objave","img":{"alt_text":"aranz09","src":"https:\/\/i1.wp.com\/umjetnicka-skola-osijek.hr\/NoviWeb\/wp-content\/uploads\/2018\/01\/aranz09.jpg?resize=350%2C200","width":350,"height":200},"classes":[]}],"jetpack_sharing_enabled":true,"_links":{"self":[{"href":"https:\/\/umjetnicka-skola-osijek.hr\/NoviWeb\/wp-json\/wp\/v2\/pages\/3528","targetHints":{"allow":["GET"]}}],"collection":[{"href":"https:\/\/umjetnicka-skola-osijek.hr\/NoviWeb\/wp-json\/wp\/v2\/pages"}],"about":[{"href":"https:\/\/umjetnicka-skola-osijek.hr\/NoviWeb\/wp-json\/wp\/v2\/types\/page"}],"author":[{"embeddable":true,"href":"https:\/\/umjetnicka-skola-osijek.hr\/NoviWeb\/wp-json\/wp\/v2\/users\/5"}],"replies":[{"embeddable":true,"href":"https:\/\/umjetnicka-skola-osijek.hr\/NoviWeb\/wp-json\/wp\/v2\/comments?post=3528"}],"version-history":[{"count":4,"href":"https:\/\/umjetnicka-skola-osijek.hr\/NoviWeb\/wp-json\/wp\/v2\/pages\/3528\/revisions"}],"predecessor-version":[{"id":3538,"href":"https:\/\/umjetnicka-skola-osijek.hr\/NoviWeb\/wp-json\/wp\/v2\/pages\/3528\/revisions\/3538"}],"wp:attachment":[{"href":"https:\/\/umjetnicka-skola-osijek.hr\/NoviWeb\/wp-json\/wp\/v2\/media?parent=3528"}],"curies":[{"name":"wp","href":"https:\/\/api.w.org\/{rel}","templated":true}]}}