{"id":3539,"date":"2018-11-26T17:13:47","date_gmt":"2018-11-26T16:13:47","guid":{"rendered":"http:\/\/umjetnicka-skola-osijek.hr\/NoviWeb\/?page_id=3539"},"modified":"2018-11-26T17:13:47","modified_gmt":"2018-11-26T16:13:47","slug":"galerija","status":"publish","type":"page","link":"https:\/\/umjetnicka-skola-osijek.hr\/NoviWeb\/galerija\/","title":{"rendered":"Galerijska djelatnost"},"content":{"rendered":"<pre><code>    &lt;h2&gt;PROJEKTI \u0160KOLE&lt;\/h2&gt;         \n<\/code><\/pre>\n","protected":false},"excerpt":{"rendered":"<p>&lt;h2&gt;PROJEKTI \u0160KOLE&lt;\/h2&gt;<\/p>\n","protected":false},"author":5,"featured_media":0,"parent":0,"menu_order":0,"comment_status":"closed","ping_status":"closed","template":"","meta":{"spay_email":"","footnotes":""},"class_list":["post-3539","page","type-page","status-publish","hentry"],"jetpack_shortlink":"https:\/\/wp.me\/P9yzR9-V5","jetpack_likes_enabled":false,"jetpack-related-posts":[{"id":3528,"url":"https:\/\/umjetnicka-skola-osijek.hr\/NoviWeb\/projekti\/","url_meta":{"origin":3539,"position":0},"title":"Projekti \u0161kole","date":"26. studenoga 2018.","format":false,"excerpt":"<h2>PROJEKTI \u0160KOLE<\/h2> <h3>Projekti \u0161kole<\/h3> Imamo sljede\u0107e projekte: Tjedan mozga, o\u017eujak 2019. Tjedan cjelo\u017eivotnog u\u010denja, listopad 2018. Projekti iz stranih jezika: Christmas Cracker, prosinac 2019. Kviz \"Njema\u010dka\", listopad - studeni 2018. Izrada lapbooka, rujan 2018. Frankenstein, listopad - studeni 2018. U\u010deni\u010dka likovna inicijativa (ULI), nastavna godina Oslikavanje zidova KBC Osijek i\u2026","rel":"","context":"Srodne objave","img":{"alt_text":"","src":"","width":0,"height":0},"classes":[]},{"id":3474,"url":"https:\/\/umjetnicka-skola-osijek.hr\/NoviWeb\/bend\/","url_meta":{"origin":3539,"position":1},"title":"\u0160kolski bend","date":"20. studenoga 2018.","format":false,"excerpt":"<h2>GLAZBENI BONUS<\/h2> <strong>NAZIV DODATNE NASTAVE:\u00a0<\/strong>\u00a0\u00a0\u00a0\u00a0\u00a0 Glazbeni bonus\u00a0 BROJ SATI (tjedno\/godi\u0161nje): 2\/70 \u00a0IME I PREZIME NASTAVNIKA:\u00a0\u00a0\u00a0\u00a0\u00a0\u00a0 Ozana Tomi\u0107 \u00a0RAZRED\/SKUPINA: I, II, III, IV \u00a0BROJ U\u010cENIKA: 10 CILJ DODATNE NASTAVE: Dodatna nastava organizira se za u\u010denike koji pokazuju izrazito zanimanje za predmet te posjeduju mogu\u0107nosti koje se mogu jo\u0161 vi\u0161e razviti intenzivnim\u2026","rel":"","context":"Srodne objave","img":{"alt_text":"","src":"","width":0,"height":0},"classes":[]},{"id":3524,"url":"https:\/\/umjetnicka-skola-osijek.hr\/NoviWeb\/izvannastavne\/","url_meta":{"origin":3539,"position":2},"title":"Izvannastavne aktivnosti","date":"26. studenoga 2018.","format":false,"excerpt":"<h2>IZVANNASTAVNE AKTIVNOSTI<\/h2> <h3>Izvannastavne aktivnosti<\/h3> U\u010denici se za izvannastavne izvan\u0161kolske aktivnosti dobrovoljno opredjeljuju u skladu s interesima i sposobnostima. Poti\u010de se rad nadarenih i darovitih u\u010denika u podru\u010dju likovne umjetnosti i dizajna te op\u0107eobrazovnih predmeta. \u0160kola se odlikuje velikim brojem izvannastavnih i izvan\u0161kolskih aktivnostima kojima pokriva \u0161irok krug razli\u010ditih interesa u\u010denika.\u2026","rel":"","context":"Srodne objave","img":{"alt_text":"","src":"","width":0,"height":0},"classes":[]},{"id":700,"url":"https:\/\/umjetnicka-skola-osijek.hr\/NoviWeb\/ucenicka-zadruga\/","url_meta":{"origin":3539,"position":3},"title":"U\u010deni\u010dka zadruga","date":"12. sije\u010dnja 2018.","format":false,"excerpt":"<img src=\"http:\/\/umjetnicka-skola-osijek.hr\/NoviWeb\/wp-content\/uploads\/2018\/01\/zadruga-header.png\" alt=\"zadruga-header\" itemprop=\"image\" height=\"149\" width=\"500\" \/> <h2>U\u010deni\u010dka zdruga L.U.D.<\/h2> U\u010deni\u010dka zadruga L. U. D. (kratica za likovnu umjetnost i dizajn) broji 60 \u010dlanova \u2013 u\u010denika od 1. do 4. razreda \u0160kole primijenjene umjetnosti i dizjana Osijek.\u00a0 Unikatni suveniri i uporabni predmeti\u00a0nastaju suradnjom sekcija zadruge:\u00a0grafi\u010dki dizajn, krojenje, keramika, plasti\u010dno oblikovanje,\u2026","rel":"","context":"Srodne objave","img":{"alt_text":"","src":"","width":0,"height":0},"classes":[]},{"id":3480,"url":"https:\/\/umjetnicka-skola-osijek.hr\/NoviWeb\/stripgrupa\/","url_meta":{"origin":3539,"position":4},"title":"Strip grupa","date":"21. studenoga 2018.","format":false,"excerpt":"<h2>STRIP GRUPA<\/h2> <strong>IME I PREZIME NASTAVNIKA:<\/strong> Dra\u017een Brki\u0107 RAZRED\/SKUPINA: 1-4 razred BROJ U\u010cENIKA: do 10 \u00a0 CILJ DODATNE NASTAVE: upoznavanje u\u010denika s elementima stripa i izrada likovnog rada (tabla, stranica) ISHOD DODATNE NASTAVE: u\u010denici \u0107e nau\u010diti i znati prepoznati sve sastavnice strip medija, te razumjeti i primijeniti ste\u010deno znanje prilikom\u2026","rel":"","context":"Srodne objave","img":{"alt_text":"","src":"","width":0,"height":0},"classes":[]},{"id":1209,"url":"https:\/\/umjetnicka-skola-osijek.hr\/NoviWeb\/za-roditelje\/","url_meta":{"origin":3539,"position":5},"title":"Za Roditelje","date":"23. sije\u010dnja 2018.","format":false,"excerpt":"<h2>ZA RODITELJE<\/h2><h4>Informacija za roditelje se nalaze ovdje<\/h4> <table> <thead> <tr> <th rowspan=\"\" colspan=\"6\" > A smjena <\/th> <\/thead> <tbody> <tr> <td colspan=\"\" rowspan=\"\"> <\/td> <td colspan=\"\" rowspan=\"\"> Ponedjeljak <\/td> <td colspan=\"\" rowspan=\"\"> Utorak <\/td> <td colspan=\"\" rowspan=\"\"> Srijeda <\/td> <td colspan=\"\" rowspan=\"\"> \u010cetvrtak <\/td> <td colspan=\"\" rowspan=\"\"> Petak <\/td> <tr>\u2026","rel":"","context":"Srodne objave","img":{"alt_text":"","src":"","width":0,"height":0},"classes":[]}],"jetpack_sharing_enabled":true,"_links":{"self":[{"href":"https:\/\/umjetnicka-skola-osijek.hr\/NoviWeb\/wp-json\/wp\/v2\/pages\/3539","targetHints":{"allow":["GET"]}}],"collection":[{"href":"https:\/\/umjetnicka-skola-osijek.hr\/NoviWeb\/wp-json\/wp\/v2\/pages"}],"about":[{"href":"https:\/\/umjetnicka-skola-osijek.hr\/NoviWeb\/wp-json\/wp\/v2\/types\/page"}],"author":[{"embeddable":true,"href":"https:\/\/umjetnicka-skola-osijek.hr\/NoviWeb\/wp-json\/wp\/v2\/users\/5"}],"replies":[{"embeddable":true,"href":"https:\/\/umjetnicka-skola-osijek.hr\/NoviWeb\/wp-json\/wp\/v2\/comments?post=3539"}],"version-history":[{"count":2,"href":"https:\/\/umjetnicka-skola-osijek.hr\/NoviWeb\/wp-json\/wp\/v2\/pages\/3539\/revisions"}],"predecessor-version":[{"id":3541,"href":"https:\/\/umjetnicka-skola-osijek.hr\/NoviWeb\/wp-json\/wp\/v2\/pages\/3539\/revisions\/3541"}],"wp:attachment":[{"href":"https:\/\/umjetnicka-skola-osijek.hr\/NoviWeb\/wp-json\/wp\/v2\/media?parent=3539"}],"curies":[{"name":"wp","href":"https:\/\/api.w.org\/{rel}","templated":true}]}}