{"id":627,"date":"2018-01-06T16:01:31","date_gmt":"2018-01-06T16:01:31","guid":{"rendered":"http:\/\/umjetnicka-skola-osijek.hr\/NoviWeb\/?page_id=627"},"modified":"2018-04-13T08:55:25","modified_gmt":"2018-04-13T07:55:25","slug":"o-skoli","status":"publish","type":"page","link":"https:\/\/umjetnicka-skola-osijek.hr\/NoviWeb\/o-skoli\/","title":{"rendered":"O \u0161koli"},"content":{"rendered":"<pre><code>    &lt;h2&gt;O \u0160KOLI&lt;\/h2&gt;&lt;h4&gt;Informacije o \u0161koli mo\u017eete prona\u0107i ovdje.&lt;\/h4&gt;          \n\u0160kola primijenjene umjetnosti i dizajna Osijek je jedina \u0161kola u regiji koja nudi srednjo\u0161kolsko \u010detverogodi\u0161nje obrazovanje u podru\u010dju likovne umjetnosti i dizajna te nam se upisuju u\u010denici iz svih pet slavonskih \u017eupanija, a nerijetko i iz drugih dijelova Hrvatske. Zbog brojnih suradnji i aktivnosti na\u0161a \u0161kola ima jedinstven profil koji je prepoznatljiv i cijenjen kako od u\u010denika, roditelja tako i od struke i lokalne zajednice.\n<\/code><\/pre>\n<p>Program prvoga razreda je za sve u\u010denike isti tijekom kojega se u\u010denike uvodi u podru\u010dje likovne umjetnosti i dizajna te ih se upoznaje s pojedinim zanimanjima kroz razli\u010dite nastavne predmete i izvannastavne projekte.<\/p>\n<p>U drugom razredu u\u010denici biraju jedno od ponu\u0111enih zanimanja:<br \/>1. Aran\u017eersko-scenografski dizajner (aran\u017eeri i tehni\u010dari scenografije umjetni\u010dki oblikuju reklamno-prodajne prostore, poma\u017eu pri ure\u0111enju kazali\u0161nih i televizijskih scena te pri dizajniranju izlo\u017ebenih i prodajnih prostora) ,<br \/>2. Dizajner odje\u0107e (realizira svoje ideje od skice do gotove odje\u0107e i modnih dodataka. Osposobljen je razli\u010dite poslove od izrade, nabave, prodaje odje\u0107e do aran\u017eiranja i savjetovanja), <br \/>3. Dizajner tekstila (oblikuje tekstilni plo\u0161ni proizvod, kreira i dezenira tkanine rje\u0161avanjem kompozicijskih zahtjeva, harmonije, ritma, raporta uporabom raznih tehnika), <br \/>4. Dizajner unutra\u0161nje arhitekture (u\u010denik se osposobljava za samostalno projektiranje unutra\u0161njeg prostora i dizajn potrebne opreme), <br \/>5. Grafi\u010dki dizajner (u\u010denici stje\u010du \u0161iroka likovna saznanja na podru\u010dju grafi\u010dke struke koja im omogu\u0107uju samostalnu likovnu karakterizaciju njihovih grafi\u010dkih kreacija: od grafi\u010dkog dizajna radom u grafi\u010dkim studijama, znanjem uporaba ra\u010dunala do ilustratorskog rada i poznavanja svih oblika grafi\u010dkog umjetni\u010dkog tiska), <br \/>6. Kiparski dizajner (kipari samostalni izra\u0111uju dekorativne i uporabne umjetni\u010dke predmete suvremenog dizajna u reljefu i punoj plastici. Tako\u0111er ovladaju tehnikom obrade drva i kamena te modeliraju u glini) i <br \/>7. Slikarski dizajner (slikari nakon \u010detverogodi\u0161njeg \u0161kolovanja mogu samostalno izvoditi rad u restauratorsko-konzervatorskim zahvatima i dizajnerskim rje\u0161enjima te izvoditi mural u razli\u010ditim slikarskim tehnikama radi likovnog oblikovanja eksterijera i interijera).<\/p>\n<p>Kroz specifi\u010dne zadatke nastavnoga plana i programa u\u010denici ve\u0107 tijekom \u0161kolovanja imaju priliku pokazati nau\u010dene vje\u0161tine, prezentiranjem svojega rada na \u0161kolskim i izvan\u0161kolskim izlo\u017ebama, natje\u010dajima, projektima i natjecanjima. Ovakav pristup omogu\u0107uje u\u010denicima i samovrednovanje vlastitoga rada \u0161to je osobito korisno kao element razvoja socijalnih i ekonomskih vje\u0161tina. Stalno pra\u0107enje suvremenih trendova i inovacija u dizajnu i njihova primjena u nastavi jo\u0161 je jedan uvjet za pru\u017eanje dugoro\u010dne perspektive u daljnjem stjecanju znanja i kompetencija. U\u010denici su osposobljeni na temelju podataka o naru\u010ditelju odre\u0111enog proizvoda izvesti posebne, karakteristi\u010dne boje i oblike. Zahvaljuju\u0107i odli\u010dnom poznavanju semiologije, teorije i povijesti likovne umjetnosti, heraldike, simbolike i drugih suvremenih, ali i starih alternativnih znanja na\u0161i u\u010denici mogu ugoditi harmoniju boja i oblika koja doprinosi uspjehu i napretku tvrtke ili osobe.<\/p>\n<p>U\u010denici tijekom \u010detverogodi\u0161njeg obrazovanja imaju kvalitetan i stru\u010dan kadar kao i sve potrebne materijalne uvjete na raspolaganju, mogu\u0107nost sudjelovanja u mnogobrojnim izvannastavnim i izvan\u0161kolskim aktivnostima i projektima, terensku nastavu te u\u010denje i stvaranje po modelu i uzoru. \u0160kola pola\u017ee izuzetnu vrijednost u promociju u\u010deni\u010dkih radova i poticanje poduzetni\u0161tva kod u\u010denika. Tako u\u010deni\u010dki radovi redovito pronalaze svoja mjesta na plakatima, zidovima, izlo\u017ebama i priredbama brojnih kulturnih ustanova i institucija kao i web stranicama, \u010dasopisima i sl. Veliki je korak u poticanju u\u010deni\u010dkog poduzetni\u0161tva i osvje\u0161\u0107ivanju va\u017enosti tr\u017ei\u0161ne konkurentnosti u\u010dinjen osnivanjem i pokretanjem U\u010deni\u010dke zadruge. Sve \u0161to u\u010denici stvore tijekom nastavnog procesa, dobiva posebnu obrazovnu, odgojnu, ali i poduzetni\u010dku ili humanu vrijednost kada postane dostupno kupcu ili korisniku donacije.<\/p>\n<p>Budu\u0107i je \u0160kola odli\u010dan spoj deficitarnih zanimanja, stru\u010dnih nastavnika me\u0111u kojima su najzastupljeniji na\u0161i biv\u0161i u\u010denici, kreativnosti i visoke motiviranosti za rad, gotovo da su sve ideje izvedive. Stoga se odre\u0111ena po\u010detna ideja investitora ili subjekta zainteresiranog za suradnju s nama mo\u017ee razraditi do najsitnijih detalja, osmisliti i stvoriti kao gotov proizvod.<\/p>\n<p>Nakon zavr\u0161etka \u0160kole i polo\u017eenih ispita dr\u017eavne mature u\u010denici naj\u010de\u0161\u0107e nastavljaju svoje obrazovanje na brojnim umjetni\u010dkim akademijama u zemlji i inozemstvu. Grade osobne umjetni\u010dke karijere te je zapa\u017een veliki broj renomiranih umjetnika koji su zapo\u010deli prve umjetni\u010dke korake upravo u na\u0161oj \u0161koli. U\u010denici koji ne \u017eele nastaviti obrazovanje imaju dovoljno vje\u0161tina ste\u010denih za zasnivanje radnog odnosa u svojoj struci bilo kao zaposlenici ili samostalni poduzetnici.<\/p>\n<p>\u00a0<\/p>\n<p style=\"text-align: right;\">Ravnateljica \u0160kole<br \/> Ina Mari\u0107, prof.<\/p>\n","protected":false},"excerpt":{"rendered":"<p>&lt;h2&gt;O \u0160KOLI&lt;\/h2&gt;&lt;h4&gt;Informacije o \u0161koli mo\u017eete prona\u0107i ovdje.&lt;\/h4&gt; \u0160kola primijenjene umjetnosti i dizajna Osijek je jedina \u0161kola u regiji koja nudi srednjo\u0161kolsko \u010detverogodi\u0161nje obrazovanje u podru\u010dju likovne umjetnosti i dizajna te nam se upisuju u\u010denici iz svih pet slavonskih \u017eupanija, a nerijetko i iz drugih dijelova Hrvatske. Zbog brojnih suradnji i aktivnosti na\u0161a \u0161kola ima jedinstven &hellip;<\/p>\n<p class=\"read-more\"> <a class=\"\" href=\"https:\/\/umjetnicka-skola-osijek.hr\/NoviWeb\/o-skoli\/\"> <span class=\"screen-reader-text\">O \u0161koli<\/span> Read More &raquo;<\/a><\/p>\n","protected":false},"author":1,"featured_media":0,"parent":0,"menu_order":0,"comment_status":"closed","ping_status":"closed","template":"","meta":{"spay_email":"","footnotes":""},"class_list":["post-627","page","type-page","status-publish","hentry"],"jetpack_shortlink":"https:\/\/wp.me\/P9yzR9-a7","jetpack_likes_enabled":false,"jetpack-related-posts":[{"id":1267,"url":"https:\/\/umjetnicka-skola-osijek.hr\/NoviWeb\/zanimanja\/","url_meta":{"origin":627,"position":0},"title":"Zanimanja","date":"25. sije\u010dnja 2018.","format":false,"excerpt":"ZANIMANJAOvdje se nalazi opis zanimanja koje nudimo Dizajneri osmi\u0161ljavaju, izra\u0111uju i ure\u0111uju \u010dovjekovu okolinu kako bi predmeti u njoj bili \u0161to funkcionalniji, ljep\u0161i i zanimljiviji potro\u0161a\u010dima. Prema onomu \u0161to oblikuju, dijele se na razli\u010dite grane dizajna, ali se njihova djelatnost \u010desto ispreple\u0107e i rijetko se bave samo jednom granom dizajna.\u2026","rel":"","context":"Srodne objave","img":{"alt_text":"","src":"","width":0,"height":0},"classes":[]},{"id":662,"url":"https:\/\/umjetnicka-skola-osijek.hr\/NoviWeb\/o-skoli\/povijest-skole\/","url_meta":{"origin":627,"position":1},"title":"Povijest \u0161kole","date":"6. sije\u010dnja 2018.","format":false,"excerpt":"POVIJEST \u0160KOLESaznajte vi\u0161e o na\u0161oj povijesti ovdje. Vremeplov jednog odrastanja Povijesni arhiv u Osijeku bilje\u017ei u \u201eTjedniku \u0161kolskog u\u010diva\u201c iz 1895.\/96. \u0161kolske godine podatak da je te godine osnovana\u00a0 Vi\u0161a pu\u010dka \u0161kola u Osijeku. Po\u010detkom \u0161k. god.1902.\/1903. postojala je u Osijeku \u017denska stru\u010dna \u0161kola za \u0161i\u0107e, za kroja\u010denje, za gla\u0111enje,\u2026","rel":"","context":"Srodne objave","img":{"alt_text":"","src":"","width":0,"height":0},"classes":[]},{"id":700,"url":"https:\/\/umjetnicka-skola-osijek.hr\/NoviWeb\/ucenicka-zadruga\/","url_meta":{"origin":627,"position":2},"title":"U\u010deni\u010dka zadruga","date":"12. sije\u010dnja 2018.","format":false,"excerpt":"<img src=\"http:\/\/umjetnicka-skola-osijek.hr\/NoviWeb\/wp-content\/uploads\/2018\/01\/zadruga-header.png\" alt=\"zadruga-header\" itemprop=\"image\" height=\"149\" width=\"500\" \/> <h2>U\u010deni\u010dka zdruga L.U.D.<\/h2> U\u010deni\u010dka zadruga L. U. D. (kratica za likovnu umjetnost i dizajn) broji 60 \u010dlanova \u2013 u\u010denika od 1. do 4. razreda \u0160kole primijenjene umjetnosti i dizjana Osijek.\u00a0 Unikatni suveniri i uporabni predmeti\u00a0nastaju suradnjom sekcija zadruge:\u00a0grafi\u010dki dizajn, krojenje, keramika, plasti\u010dno oblikovanje,\u2026","rel":"","context":"Srodne objave","img":{"alt_text":"","src":"","width":0,"height":0},"classes":[]},{"id":3524,"url":"https:\/\/umjetnicka-skola-osijek.hr\/NoviWeb\/izvannastavne\/","url_meta":{"origin":627,"position":3},"title":"Izvannastavne aktivnosti","date":"26. studenoga 2018.","format":false,"excerpt":"<h2>IZVANNASTAVNE AKTIVNOSTI<\/h2> <h3>Izvannastavne aktivnosti<\/h3> U\u010denici se za izvannastavne izvan\u0161kolske aktivnosti dobrovoljno opredjeljuju u skladu s interesima i sposobnostima. Poti\u010de se rad nadarenih i darovitih u\u010denika u podru\u010dju likovne umjetnosti i dizajna te op\u0107eobrazovnih predmeta. \u0160kola se odlikuje velikim brojem izvannastavnih i izvan\u0161kolskih aktivnostima kojima pokriva \u0161irok krug razli\u010ditih interesa u\u010denika.\u2026","rel":"","context":"Srodne objave","img":{"alt_text":"","src":"","width":0,"height":0},"classes":[]},{"id":3474,"url":"https:\/\/umjetnicka-skola-osijek.hr\/NoviWeb\/bend\/","url_meta":{"origin":627,"position":4},"title":"\u0160kolski bend","date":"20. studenoga 2018.","format":false,"excerpt":"<h2>GLAZBENI BONUS<\/h2> <strong>NAZIV DODATNE NASTAVE:\u00a0<\/strong>\u00a0\u00a0\u00a0\u00a0\u00a0 Glazbeni bonus\u00a0 BROJ SATI (tjedno\/godi\u0161nje): 2\/70 \u00a0IME I PREZIME NASTAVNIKA:\u00a0\u00a0\u00a0\u00a0\u00a0\u00a0 Ozana Tomi\u0107 \u00a0RAZRED\/SKUPINA: I, II, III, IV \u00a0BROJ U\u010cENIKA: 10 CILJ DODATNE NASTAVE: Dodatna nastava organizira se za u\u010denike koji pokazuju izrazito zanimanje za predmet te posjeduju mogu\u0107nosti koje se mogu jo\u0161 vi\u0161e razviti intenzivnim\u2026","rel":"","context":"Srodne objave","img":{"alt_text":"","src":"","width":0,"height":0},"classes":[]},{"id":1290,"url":"https:\/\/umjetnicka-skola-osijek.hr\/NoviWeb\/dizajner-unutrasnje-arhitekture\/","url_meta":{"origin":627,"position":5},"title":"Dizajner unutra\u0161nje arhitekture","date":"25. sije\u010dnja 2018.","format":false,"excerpt":"DIZAJNER UNUTRA\u0160NJE ARHITEKTURE LIKOVNA UMJETNOST I DIZAJN (4 GODINE)\u00a0Prva godina je zajedni\u010dka, u drugoj godini slijedi usmjeravanje. U\u010denik se osposobljava za samostalno projektiranje unutra\u0161njeg prostora i dizajn potrebne opreme. Potrebna stru\u010dna znanja za svladavanje ovog zanimanja:\u00a0\u2022crtanje i slikanje\u2022projektiranje interijera: osposobiti u\u010denike za samostalan rad vezan za projektiranje interijera. To zna\u010di\u2026","rel":"","context":"Srodne objave","img":{"alt_text":"arh09","src":"https:\/\/i2.wp.com\/umjetnicka-skola-osijek.hr\/NoviWeb\/wp-content\/uploads\/2018\/01\/arh09.jpg?resize=350%2C200","width":350,"height":200},"classes":[]}],"jetpack_sharing_enabled":true,"_links":{"self":[{"href":"https:\/\/umjetnicka-skola-osijek.hr\/NoviWeb\/wp-json\/wp\/v2\/pages\/627","targetHints":{"allow":["GET"]}}],"collection":[{"href":"https:\/\/umjetnicka-skola-osijek.hr\/NoviWeb\/wp-json\/wp\/v2\/pages"}],"about":[{"href":"https:\/\/umjetnicka-skola-osijek.hr\/NoviWeb\/wp-json\/wp\/v2\/types\/page"}],"author":[{"embeddable":true,"href":"https:\/\/umjetnicka-skola-osijek.hr\/NoviWeb\/wp-json\/wp\/v2\/users\/1"}],"replies":[{"embeddable":true,"href":"https:\/\/umjetnicka-skola-osijek.hr\/NoviWeb\/wp-json\/wp\/v2\/comments?post=627"}],"version-history":[{"count":10,"href":"https:\/\/umjetnicka-skola-osijek.hr\/NoviWeb\/wp-json\/wp\/v2\/pages\/627\/revisions"}],"predecessor-version":[{"id":3286,"href":"https:\/\/umjetnicka-skola-osijek.hr\/NoviWeb\/wp-json\/wp\/v2\/pages\/627\/revisions\/3286"}],"wp:attachment":[{"href":"https:\/\/umjetnicka-skola-osijek.hr\/NoviWeb\/wp-json\/wp\/v2\/media?parent=627"}],"curies":[{"name":"wp","href":"https:\/\/api.w.org\/{rel}","templated":true}]}}