{"id":648,"date":"2018-01-06T16:38:31","date_gmt":"2018-01-06T16:38:31","guid":{"rendered":"http:\/\/umjetnicka-skola-osijek.hr\/NoviWeb\/?page_id=648"},"modified":"2018-01-29T16:50:33","modified_gmt":"2018-01-29T15:50:33","slug":"popis-radnika","status":"publish","type":"page","link":"https:\/\/umjetnicka-skola-osijek.hr\/NoviWeb\/o-skoli\/popis-radnika\/","title":{"rendered":"Popis radnika"},"content":{"rendered":"<h2>POPIS RADNIKA<\/h2>\n<h4>Lista zaposlenika \u0161kole se nalazi ovdje.<\/h4>\n","protected":false},"excerpt":{"rendered":"<p>POPIS RADNIKA Lista zaposlenika \u0161kole se nalazi ovdje.<\/p>\n","protected":false},"author":1,"featured_media":0,"parent":627,"menu_order":0,"comment_status":"closed","ping_status":"closed","template":"","meta":{"spay_email":"","footnotes":""},"class_list":["post-648","page","type-page","status-publish","hentry"],"jetpack_shortlink":"https:\/\/wp.me\/P9yzR9-as","jetpack_likes_enabled":false,"jetpack-related-posts":[{"id":632,"url":"https:\/\/umjetnicka-skola-osijek.hr\/NoviWeb\/o-skoli\/dokumenti-skole\/","url_meta":{"origin":648,"position":0},"title":"Dokumenti \u0161kole","date":"6. sije\u010dnja 2018.","format":false,"excerpt":"DOKUMENTI \u0160KOLEDokumentacija \u0161kole se nalazi ovdje.","rel":"","context":"Srodne objave","img":{"alt_text":"","src":"","width":0,"height":0},"classes":[]},{"id":3613,"url":"https:\/\/umjetnicka-skola-osijek.hr\/NoviWeb\/upisiuprvi\/","url_meta":{"origin":648,"position":1},"title":"Upisi u prvi razred","date":"11. velja\u010de 2019.","format":false,"excerpt":"Upisi u prvi razred Upisi u prvi razred Ovdje se mogu prona\u0107i informacije o upisu u prvi razred. Za informacije u na\u010dinu, kalendaru i uvijetima upisa pogledajte na stranicama Nacionalnoga informacijskog sustava prijava i upisa u srednje \u0161kole.","rel":"","context":"Srodne objave","img":{"alt_text":"","src":"","width":0,"height":0},"classes":[]},{"id":831,"url":"https:\/\/umjetnicka-skola-osijek.hr\/NoviWeb\/linkovi\/","url_meta":{"origin":648,"position":2},"title":"Linkovi","date":"15. sije\u010dnja 2018.","format":false,"excerpt":"LINKOVIInstitucije koje su povezane s na\u0161om \u0161kolom mo\u017eete prona\u0107i ovdje. Srednje umjetni\u010dke \u0161kole: Akademije i fakulteti: Dr\u017eavne institucije:","rel":"","context":"Srodne objave","img":{"alt_text":"","src":"","width":0,"height":0},"classes":[]},{"id":662,"url":"https:\/\/umjetnicka-skola-osijek.hr\/NoviWeb\/o-skoli\/povijest-skole\/","url_meta":{"origin":648,"position":3},"title":"Povijest \u0161kole","date":"6. sije\u010dnja 2018.","format":false,"excerpt":"POVIJEST \u0160KOLESaznajte vi\u0161e o na\u0161oj povijesti ovdje. Vremeplov jednog odrastanja Povijesni arhiv u Osijeku bilje\u017ei u \u201eTjedniku \u0161kolskog u\u010diva\u201c iz 1895.\/96. \u0161kolske godine podatak da je te godine osnovana\u00a0 Vi\u0161a pu\u010dka \u0161kola u Osijeku. Po\u010detkom \u0161k. god.1902.\/1903. postojala je u Osijeku \u017denska stru\u010dna \u0161kola za \u0161i\u0107e, za kroja\u010denje, za gla\u0111enje,\u2026","rel":"","context":"Srodne objave","img":{"alt_text":"","src":"","width":0,"height":0},"classes":[]},{"id":1267,"url":"https:\/\/umjetnicka-skola-osijek.hr\/NoviWeb\/zanimanja\/","url_meta":{"origin":648,"position":4},"title":"Zanimanja","date":"25. sije\u010dnja 2018.","format":false,"excerpt":"ZANIMANJAOvdje se nalazi opis zanimanja koje nudimo Dizajneri osmi\u0161ljavaju, izra\u0111uju i ure\u0111uju \u010dovjekovu okolinu kako bi predmeti u njoj bili \u0161to funkcionalniji, ljep\u0161i i zanimljiviji potro\u0161a\u010dima. Prema onomu \u0161to oblikuju, dijele se na razli\u010dite grane dizajna, ali se njihova djelatnost \u010desto ispreple\u0107e i rijetko se bave samo jednom granom dizajna.\u2026","rel":"","context":"Srodne objave","img":{"alt_text":"","src":"","width":0,"height":0},"classes":[]},{"id":1209,"url":"https:\/\/umjetnicka-skola-osijek.hr\/NoviWeb\/za-roditelje\/","url_meta":{"origin":648,"position":5},"title":"Za Roditelje","date":"23. sije\u010dnja 2018.","format":false,"excerpt":"<h2>ZA RODITELJE<\/h2><h4>Informacija za roditelje se nalaze ovdje<\/h4> <table> <thead> <tr> <th rowspan=\"\" colspan=\"6\" > A smjena <\/th> <\/thead> <tbody> <tr> <td colspan=\"\" rowspan=\"\"> <\/td> <td colspan=\"\" rowspan=\"\"> Ponedjeljak <\/td> <td colspan=\"\" rowspan=\"\"> Utorak <\/td> <td colspan=\"\" rowspan=\"\"> Srijeda <\/td> <td colspan=\"\" rowspan=\"\"> \u010cetvrtak <\/td> <td colspan=\"\" rowspan=\"\"> Petak <\/td> <tr>\u2026","rel":"","context":"Srodne objave","img":{"alt_text":"","src":"","width":0,"height":0},"classes":[]}],"jetpack_sharing_enabled":true,"_links":{"self":[{"href":"https:\/\/umjetnicka-skola-osijek.hr\/NoviWeb\/wp-json\/wp\/v2\/pages\/648","targetHints":{"allow":["GET"]}}],"collection":[{"href":"https:\/\/umjetnicka-skola-osijek.hr\/NoviWeb\/wp-json\/wp\/v2\/pages"}],"about":[{"href":"https:\/\/umjetnicka-skola-osijek.hr\/NoviWeb\/wp-json\/wp\/v2\/types\/page"}],"author":[{"embeddable":true,"href":"https:\/\/umjetnicka-skola-osijek.hr\/NoviWeb\/wp-json\/wp\/v2\/users\/1"}],"replies":[{"embeddable":true,"href":"https:\/\/umjetnicka-skola-osijek.hr\/NoviWeb\/wp-json\/wp\/v2\/comments?post=648"}],"version-history":[{"count":8,"href":"https:\/\/umjetnicka-skola-osijek.hr\/NoviWeb\/wp-json\/wp\/v2\/pages\/648\/revisions"}],"predecessor-version":[{"id":1358,"href":"https:\/\/umjetnicka-skola-osijek.hr\/NoviWeb\/wp-json\/wp\/v2\/pages\/648\/revisions\/1358"}],"up":[{"embeddable":true,"href":"https:\/\/umjetnicka-skola-osijek.hr\/NoviWeb\/wp-json\/wp\/v2\/pages\/627"}],"wp:attachment":[{"href":"https:\/\/umjetnicka-skola-osijek.hr\/NoviWeb\/wp-json\/wp\/v2\/media?parent=648"}],"curies":[{"name":"wp","href":"https:\/\/api.w.org\/{rel}","templated":true}]}}