{"id":653,"date":"2018-01-06T16:42:33","date_gmt":"2018-01-06T16:42:33","guid":{"rendered":"http:\/\/umjetnicka-skola-osijek.hr\/NoviWeb\/?page_id=653"},"modified":"2018-11-15T22:50:12","modified_gmt":"2018-11-15T21:50:12","slug":"skolski-odbor","status":"publish","type":"page","link":"https:\/\/umjetnicka-skola-osijek.hr\/NoviWeb\/o-skoli\/skolski-odbor\/","title":{"rendered":"\u0160kolski odbor"},"content":{"rendered":"<pre><code>    &lt;h2&gt;\u0160KOLSKI ODBOR&lt;\/h2&gt;&lt;h4&gt;Obavijesti o \u0161kolskom odboru se nalaze ovdje.&lt;\/h4&gt;            \n<\/code><\/pre>\n","protected":false},"excerpt":{"rendered":"<p>&lt;h2&gt;\u0160KOLSKI ODBOR&lt;\/h2&gt;&lt;h4&gt;Obavijesti o \u0161kolskom odboru se nalaze ovdje.&lt;\/h4&gt;<\/p>\n","protected":false},"author":1,"featured_media":0,"parent":627,"menu_order":0,"comment_status":"closed","ping_status":"closed","template":"","meta":{"spay_email":"","footnotes":""},"class_list":["post-653","page","type-page","status-publish","hentry"],"jetpack_shortlink":"https:\/\/wp.me\/P9yzR9-ax","jetpack_likes_enabled":false,"jetpack-related-posts":[{"id":3604,"url":"https:\/\/umjetnicka-skola-osijek.hr\/NoviWeb\/o-skoli\/skolski-odbor-copy\/","url_meta":{"origin":653,"position":0},"title":"Upisi u prvi razred","date":"7. velja\u010de 2019.","format":false,"excerpt":"<h2>\u0160KOLSKI ODBOR<\/h2><h4>Obavijesti o \u0161kolskom odboru se nalaze ovdje.<\/h4>","rel":"","context":"Srodne objave","img":{"alt_text":"","src":"","width":0,"height":0},"classes":[]},{"id":1095,"url":"https:\/\/umjetnicka-skola-osijek.hr\/NoviWeb\/zavrsni-razredi\/","url_meta":{"origin":653,"position":1},"title":"Zavr\u0161ni razredi","date":"22. sije\u010dnja 2018.","format":false,"excerpt":"<h2>ZAVR\u0160NI RAZREDI<\/h2><h4>Materijale vezane uz zavr\u0161ne razrede mo\u017eete prona\u0107i ovdje.<\/h4>","rel":"","context":"Srodne objave","img":{"alt_text":"","src":"","width":0,"height":0},"classes":[]},{"id":3464,"url":"https:\/\/umjetnicka-skola-osijek.hr\/NoviWeb\/drzavna-matura\/","url_meta":{"origin":653,"position":2},"title":"Dr\u017eavna Matura","date":"20. studenoga 2018.","format":false,"excerpt":"<h2>DR\u017dAVNA MATURA<\/h2><h4>Materijale vezane uz dr\u017eavnu maturu mo\u017eete prona\u0107i ovdje.<\/h4>","rel":"","context":"Srodne objave","img":{"alt_text":"","src":"","width":0,"height":0},"classes":[]},{"id":3347,"url":"https:\/\/umjetnicka-skola-osijek.hr\/NoviWeb\/o-skoli\/natjecaji\/natjecaji_izvanucionicka\/","url_meta":{"origin":653,"position":3},"title":"Izvanu\u010dioni\u010dka nastava","date":"13. studenoga 2018.","format":false,"excerpt":"<h2>Izvanu\u010dioni\u010dka nastava<\/h2><h4>Arhiva natje\u010daja i odluka o izvanu\u010dioni\u010dkoj nastavi<\/h4>","rel":"","context":"Srodne objave","img":{"alt_text":"","src":"","width":0,"height":0},"classes":[]},{"id":639,"url":"https:\/\/umjetnicka-skola-osijek.hr\/NoviWeb\/o-skoli\/natjecaji\/","url_meta":{"origin":653,"position":4},"title":"Natje\u010daji","date":"6. sije\u010dnja 2018.","format":false,"excerpt":"<h2>NATJE\u010cAJI<\/h2><h4>Aktivni natje\u010daji, pozivi i ostale objave vezane za aktualne natje\u010daje<\/h4>","rel":"","context":"Srodne objave","img":{"alt_text":"","src":"","width":0,"height":0},"classes":[]},{"id":3342,"url":"https:\/\/umjetnicka-skola-osijek.hr\/NoviWeb\/o-skoli\/natjecaji\/natjecaji-copy\/","url_meta":{"origin":653,"position":5},"title":"Arhiva natje\u010daja","date":"13. studenoga 2018.","format":false,"excerpt":"<h2>ARHIVA NATJE\u010cAJA<\/h2><h4>Pro\u0161li natje\u010daji, pozivi i ostale objave vezane za natje\u010daje<\/h4>","rel":"","context":"Srodne objave","img":{"alt_text":"","src":"","width":0,"height":0},"classes":[]}],"jetpack_sharing_enabled":true,"_links":{"self":[{"href":"https:\/\/umjetnicka-skola-osijek.hr\/NoviWeb\/wp-json\/wp\/v2\/pages\/653","targetHints":{"allow":["GET"]}}],"collection":[{"href":"https:\/\/umjetnicka-skola-osijek.hr\/NoviWeb\/wp-json\/wp\/v2\/pages"}],"about":[{"href":"https:\/\/umjetnicka-skola-osijek.hr\/NoviWeb\/wp-json\/wp\/v2\/types\/page"}],"author":[{"embeddable":true,"href":"https:\/\/umjetnicka-skola-osijek.hr\/NoviWeb\/wp-json\/wp\/v2\/users\/1"}],"replies":[{"embeddable":true,"href":"https:\/\/umjetnicka-skola-osijek.hr\/NoviWeb\/wp-json\/wp\/v2\/comments?post=653"}],"version-history":[{"count":7,"href":"https:\/\/umjetnicka-skola-osijek.hr\/NoviWeb\/wp-json\/wp\/v2\/pages\/653\/revisions"}],"predecessor-version":[{"id":3377,"href":"https:\/\/umjetnicka-skola-osijek.hr\/NoviWeb\/wp-json\/wp\/v2\/pages\/653\/revisions\/3377"}],"up":[{"embeddable":true,"href":"https:\/\/umjetnicka-skola-osijek.hr\/NoviWeb\/wp-json\/wp\/v2\/pages\/627"}],"wp:attachment":[{"href":"https:\/\/umjetnicka-skola-osijek.hr\/NoviWeb\/wp-json\/wp\/v2\/media?parent=653"}],"curies":[{"name":"wp","href":"https:\/\/api.w.org\/{rel}","templated":true}]}}