{"id":662,"date":"2018-01-06T16:48:20","date_gmt":"2018-01-06T16:48:20","guid":{"rendered":"http:\/\/umjetnicka-skola-osijek.hr\/NoviWeb\/?page_id=662"},"modified":"2018-01-29T16:51:00","modified_gmt":"2018-01-29T15:51:00","slug":"povijest-skole","status":"publish","type":"page","link":"https:\/\/umjetnicka-skola-osijek.hr\/NoviWeb\/o-skoli\/povijest-skole\/","title":{"rendered":"Povijest \u0161kole"},"content":{"rendered":"<h2>POVIJEST \u0160KOLE<\/h2>\n<h4>Saznajte vi\u0161e o na\u0161oj povijesti ovdje.<\/h4>\n<p>\t\t\t<img decoding=\"async\" src=\"http:\/\/umjetnicka-skola-osijek.hr\/NoviWeb\/wp-content\/uploads\/2018\/01\/nova-ploca-skole.jpg\" alt=\"nova-ploca-skole\"><\/p>\n<h2>Vremeplov jednog odrastanja<\/h2>\n<p>Povijesni arhiv u Osijeku bilje\u017ei u \u201eTjedniku \u0161kolskog u\u010diva\u201c iz 1895.\/96. \u0161kolske godine podatak da je te godine osnovana\u00a0 Vi\u0161a pu\u010dka \u0161kola u Osijeku. Po\u010detkom \u0161k. god.1902.\/1903. postojala je u Osijeku \u017denska stru\u010dna \u0161kola za \u0161i\u0107e, za kroja\u010denje, za gla\u0111enje, za umjetni\u010dke radnje i za trgova\u010dki te\u010daj. Istu \u0161kolu pratimo u registru od 1910. do 1932.\u00a0 Mijenjala je naziv kao \u017denska zanatska \u0161kola i Dr\u017eavna \u017eenska stru\u010dna \u0161kola u razdoblju 1941. \/42.<br \/>Poslije drugoga svjetskoga rata god 1957.\/58. poha\u0111aju je u\u010denici vi\u0161e zanimanja u Donjem gradu\u00a0 u zgradi u\u010diteljske \u0161kole.<br \/>Godine 1958.\/59. odvajaju se u\u010denici tekstilne struke i pripadaju \u017denskoj stru\u010dnoj \u0161koli u\u00a0 Vukovarskoj ulici br. 1. Godinu dana potom 1960. mijenja naziv\u00a0 u \u0160kola u privredi, a 1961. osnovan je Tekstilni \u0161kolski centar.<br \/>Godine 1994. \u0161kola preseljava u novoizgra\u0111ene prostore Krbavska bb, te postaje suvremeno opremljena europska \u0161kola.<br \/>Zbog slabog interesa u\u010denika za tekstilna zanimanja, \u0160kola otvara nove programe te prerasta u umjetni\u010dku \u0161kolu, a potom mijenja i naziv u \u0160kolu za tekstil, dizajn i primijenjene umjetnosti Osijek.<\/p>\n<p><strong>Od \u0161kolske godine 2012.\/ 13. tekstilni dio preba\u010den je u Obrtni\u010dku \u0161kolu u Osijeku pa samim tim, a uz Odluku Skup\u0161tine Osje\u010dko-baranjske \u017eupanije donesenu na 24.sjednici 8.svibnja 2012.godine, \u0160kola za tekstil, dizajn i primijenjene umjetnosti Osijek mijenja naziv u \u0160kola primijenjene umjetnosti i dizajna Osijek.<\/strong><\/p>\n","protected":false},"excerpt":{"rendered":"<p>POVIJEST \u0160KOLE Saznajte vi\u0161e o na\u0161oj povijesti ovdje. Vremeplov jednog odrastanja Povijesni arhiv u Osijeku bilje\u017ei u \u201eTjedniku \u0161kolskog u\u010diva\u201c iz 1895.\/96. \u0161kolske godine podatak da je te godine osnovana\u00a0 Vi\u0161a pu\u010dka \u0161kola u Osijeku. Po\u010detkom \u0161k. god.1902.\/1903. postojala je u Osijeku \u017denska stru\u010dna \u0161kola za \u0161i\u0107e, za kroja\u010denje, za gla\u0111enje, za umjetni\u010dke radnje i &hellip;<\/p>\n<p class=\"read-more\"> <a class=\"\" href=\"https:\/\/umjetnicka-skola-osijek.hr\/NoviWeb\/o-skoli\/povijest-skole\/\"> <span class=\"screen-reader-text\">Povijest \u0161kole<\/span> Read More &raquo;<\/a><\/p>\n","protected":false},"author":1,"featured_media":0,"parent":627,"menu_order":0,"comment_status":"closed","ping_status":"closed","template":"","meta":{"spay_email":"","footnotes":""},"class_list":["post-662","page","type-page","status-publish","hentry"],"jetpack_shortlink":"https:\/\/wp.me\/P9yzR9-aG","jetpack_likes_enabled":false,"jetpack-related-posts":[{"id":1298,"url":"https:\/\/umjetnicka-skola-osijek.hr\/NoviWeb\/graficki-dizajner\/","url_meta":{"origin":662,"position":0},"title":"Grafi\u010dki dizajner","date":"25. sije\u010dnja 2018.","format":false,"excerpt":"GRAFI\u010cKI DIZAJNER LIKOVNA UMJETNOST I DIZAJN (4 GODINE)\u00a0Prva godina je zajedni\u010dka, u drugoj godini slijedi usmjeravanje. U\u010denici stje\u010du \u0161iroka likovna saznanja na podru\u010dju grafi\u010dke struke koja im omogu\u0107uju samostalnu likovnu karakterizaciju njihovih grafi\u010dkih kreacija: od grafi\u010dkog dizajna radom u grafi\u010dkim studijima, znanjem uporabe ra\u010dunala, do ilustratorskog rada (knji\u017eni i novinarski\u2026","rel":"","context":"Srodne objave","img":{"alt_text":"graf09","src":"https:\/\/i2.wp.com\/umjetnicka-skola-osijek.hr\/NoviWeb\/wp-content\/uploads\/2018\/01\/graf09.jpg?resize=350%2C200","width":350,"height":200},"classes":[]},{"id":1290,"url":"https:\/\/umjetnicka-skola-osijek.hr\/NoviWeb\/dizajner-unutrasnje-arhitekture\/","url_meta":{"origin":662,"position":1},"title":"Dizajner unutra\u0161nje arhitekture","date":"25. sije\u010dnja 2018.","format":false,"excerpt":"DIZAJNER UNUTRA\u0160NJE ARHITEKTURE LIKOVNA UMJETNOST I DIZAJN (4 GODINE)\u00a0Prva godina je zajedni\u010dka, u drugoj godini slijedi usmjeravanje. U\u010denik se osposobljava za samostalno projektiranje unutra\u0161njeg prostora i dizajn potrebne opreme. Potrebna stru\u010dna znanja za svladavanje ovog zanimanja:\u00a0\u2022crtanje i slikanje\u2022projektiranje interijera: osposobiti u\u010denike za samostalan rad vezan za projektiranje interijera. To zna\u010di\u2026","rel":"","context":"Srodne objave","img":{"alt_text":"arh09","src":"https:\/\/i2.wp.com\/umjetnicka-skola-osijek.hr\/NoviWeb\/wp-content\/uploads\/2018\/01\/arh09.jpg?resize=350%2C200","width":350,"height":200},"classes":[]},{"id":1309,"url":"https:\/\/umjetnicka-skola-osijek.hr\/NoviWeb\/slikarski-dizajner\/","url_meta":{"origin":662,"position":2},"title":"Slikarski dizajner","date":"25. sije\u010dnja 2018.","format":false,"excerpt":"SLIKARSKI DIZAJNER LIKOVNA UMJETNOST I DIZAJN (4 GODINE)\u00a0Prva godina je zajedni\u010dka, u drugoj godini slijedi usmjeravanje. Slikarski dizajner obrazuje se u prakti\u010dnoj nastavi za samostalan rad u restauratorsko-konzervatorskim zahvatima i dizajnerskim rje\u0161enjima i ilustracijama te izvo\u0111enju murala u razli\u010ditim slikarskim tehnikama radi likovnog oblikovanja eksterijera i interijera.\u00a0 Potrebna stru\u010dna znanja\u2026","rel":"","context":"Srodne objave","img":{"alt_text":"slik09","src":"https:\/\/i0.wp.com\/umjetnicka-skola-osijek.hr\/NoviWeb\/wp-content\/uploads\/2018\/01\/slik09.jpg?resize=350%2C200","width":350,"height":200},"classes":[]},{"id":1304,"url":"https:\/\/umjetnicka-skola-osijek.hr\/NoviWeb\/kiparski-dizajner\/","url_meta":{"origin":662,"position":3},"title":"Kiparski dizajner","date":"25. sije\u010dnja 2018.","format":false,"excerpt":"KIPARSKI DIZAJNER LIKOVNA UMJETNOST I DIZAJN (4 GODINE)\u00a0Prva godina je zajedni\u010dka, u drugoj godini slijedi usmjeravanje. U\u010denici se osposobljavaju za samostalnu izradu dekorativnih i uporabnih umjetni\u010dkih predmeta suvremenog dizajna u reljefu i punoj plastici. Ovladavaju tehnikom obrade drva i kamena te modeliraju u glini. Potrebna stru\u010dna znanja za svladavanje ovog\u2026","rel":"","context":"Srodne objave","img":{"alt_text":"kip09","src":"https:\/\/i0.wp.com\/umjetnicka-skola-osijek.hr\/NoviWeb\/wp-content\/uploads\/2018\/01\/kip09.jpg?resize=350%2C200","width":350,"height":200},"classes":[]},{"id":1282,"url":"https:\/\/umjetnicka-skola-osijek.hr\/NoviWeb\/dizajner-odjece\/","url_meta":{"origin":662,"position":4},"title":"Dizajner odje\u0107e","date":"25. sije\u010dnja 2018.","format":false,"excerpt":"DIZAJNER ODJE\u0106E LIKOVNA UMJETNOST I DIZAJN (4 GODINE)\u00a0U\u010denici se opredjeljuju za ovaj program od prve godine obrazovanja. Kroz atraktivne projekte i suodnos u stru\u010dnim predmetima u\u010denici realiziraju svoje ideje od skice do gotove odje\u0107e i modnih dodataka. -u crtanju i slikanju kroz sve \u010detiri godine u\u010denici stje\u010du \u0161irok raspon likovnih\u2026","rel":"","context":"Srodne objave","img":{"alt_text":"diz-odj09","src":"https:\/\/i2.wp.com\/umjetnicka-skola-osijek.hr\/NoviWeb\/wp-content\/uploads\/2018\/01\/diz-odj09.jpg?resize=350%2C200","width":350,"height":200},"classes":[]},{"id":3474,"url":"https:\/\/umjetnicka-skola-osijek.hr\/NoviWeb\/bend\/","url_meta":{"origin":662,"position":5},"title":"\u0160kolski bend","date":"20. studenoga 2018.","format":false,"excerpt":"<h2>GLAZBENI BONUS<\/h2> <strong>NAZIV DODATNE NASTAVE:\u00a0<\/strong>\u00a0\u00a0\u00a0\u00a0\u00a0 Glazbeni bonus\u00a0 BROJ SATI (tjedno\/godi\u0161nje): 2\/70 \u00a0IME I PREZIME NASTAVNIKA:\u00a0\u00a0\u00a0\u00a0\u00a0\u00a0 Ozana Tomi\u0107 \u00a0RAZRED\/SKUPINA: I, II, III, IV \u00a0BROJ U\u010cENIKA: 10 CILJ DODATNE NASTAVE: Dodatna nastava organizira se za u\u010denike koji pokazuju izrazito zanimanje za predmet te posjeduju mogu\u0107nosti koje se mogu jo\u0161 vi\u0161e razviti intenzivnim\u2026","rel":"","context":"Srodne objave","img":{"alt_text":"","src":"","width":0,"height":0},"classes":[]}],"jetpack_sharing_enabled":true,"_links":{"self":[{"href":"https:\/\/umjetnicka-skola-osijek.hr\/NoviWeb\/wp-json\/wp\/v2\/pages\/662","targetHints":{"allow":["GET"]}}],"collection":[{"href":"https:\/\/umjetnicka-skola-osijek.hr\/NoviWeb\/wp-json\/wp\/v2\/pages"}],"about":[{"href":"https:\/\/umjetnicka-skola-osijek.hr\/NoviWeb\/wp-json\/wp\/v2\/types\/page"}],"author":[{"embeddable":true,"href":"https:\/\/umjetnicka-skola-osijek.hr\/NoviWeb\/wp-json\/wp\/v2\/users\/1"}],"replies":[{"embeddable":true,"href":"https:\/\/umjetnicka-skola-osijek.hr\/NoviWeb\/wp-json\/wp\/v2\/comments?post=662"}],"version-history":[{"count":7,"href":"https:\/\/umjetnicka-skola-osijek.hr\/NoviWeb\/wp-json\/wp\/v2\/pages\/662\/revisions"}],"predecessor-version":[{"id":1359,"href":"https:\/\/umjetnicka-skola-osijek.hr\/NoviWeb\/wp-json\/wp\/v2\/pages\/662\/revisions\/1359"}],"up":[{"embeddable":true,"href":"https:\/\/umjetnicka-skola-osijek.hr\/NoviWeb\/wp-json\/wp\/v2\/pages\/627"}],"wp:attachment":[{"href":"https:\/\/umjetnicka-skola-osijek.hr\/NoviWeb\/wp-json\/wp\/v2\/media?parent=662"}],"curies":[{"name":"wp","href":"https:\/\/api.w.org\/{rel}","templated":true}]}}