{"id":823,"date":"2018-01-15T23:13:21","date_gmt":"2018-01-15T22:13:21","guid":{"rendered":"http:\/\/umjetnicka-skola-osijek.hr\/NoviWeb\/?page_id=823"},"modified":"2019-01-28T17:33:34","modified_gmt":"2019-01-28T16:33:34","slug":"kontakt","status":"publish","type":"page","link":"https:\/\/umjetnicka-skola-osijek.hr\/NoviWeb\/kontakt\/","title":{"rendered":"Kontakt"},"content":{"rendered":"\n\t\t<h2>KONTAKTIRAJTE NAS<\/h2><h4>Ostavite nam poruku, odgovorit \u0107emo ubrzo.<\/h4>\t\t\t\n\t\t<h2>Po\u0161aljite nam poruku<\/h2>\t\t\t\n\t\t<h2>Adresa<\/h2>\n\t\t\t\t<p>Krbavska b.b., 31000 Osijek\u00a0<\/p>\n\t\t<h2>Telefon<\/h2>\n\t\t\t\t<p>+385 (031) 273 126 <\/p>\n\t\t<h2>E-mail<\/h2>\n\t\t\t\t<p><a href=\"mailto:umjetnicka.skola.osijek@gmail.com\" target=\"_blank\" rel=\"noopener\">umjetnicka.skola.osijek@gmail.com<\/a><br \/><a href=\"mailto:ured@ss-primijenjenaumjetnostidizajn-os.skole.hr\" target=\"_blank\" rel=\"noopener\">ured@ss-primijenjenaumjetnostidizajn-os.skole.hr<\/a><\/p>\n","protected":false},"excerpt":{"rendered":"","protected":false},"author":1,"featured_media":0,"parent":0,"menu_order":0,"comment_status":"closed","ping_status":"closed","template":"","meta":{"spay_email":"","footnotes":""},"class_list":["post-823","page","type-page","status-publish","hentry"],"jetpack_shortlink":"https:\/\/wp.me\/P9yzR9-dh","jetpack_likes_enabled":false,"jetpack-related-posts":[{"id":627,"url":"https:\/\/umjetnicka-skola-osijek.hr\/NoviWeb\/o-skoli\/","url_meta":{"origin":823,"position":0},"title":"O \u0161koli","date":"6. sije\u010dnja 2018.","format":false,"excerpt":"<h2>O \u0160KOLI<\/h2><h4>Informacije o \u0161koli mo\u017eete prona\u0107i ovdje.<\/h4> \u0160kola primijenjene umjetnosti i dizajna Osijek je jedina \u0161kola u regiji koja nudi srednjo\u0161kolsko \u010detverogodi\u0161nje obrazovanje u podru\u010dju likovne umjetnosti i dizajna te nam se upisuju u\u010denici iz svih pet slavonskih \u017eupanija, a nerijetko i iz drugih dijelova Hrvatske. Zbog brojnih suradnji i\u2026","rel":"","context":"Srodne objave","img":{"alt_text":"","src":"","width":0,"height":0},"classes":[]},{"id":3482,"url":"https:\/\/umjetnicka-skola-osijek.hr\/NoviWeb\/dopunska\/","url_meta":{"origin":823,"position":1},"title":"Dopunska nastava","date":"20. studenoga 2018.","format":false,"excerpt":"DOPUNSKA NASTAVA Dopunska nastava Organizirana je kao pomo\u0107 u\u010denicima koji se pripremaju za polaganje ispita dr\u017eavne mature. Nastava se odr\u017eava iz nastavnih predmeta Matematike, Hrvatskog jezika i Engleskoga\/Njema\u010dkoga jezika za u\u010denike 4. razreda Hrvatski jezik Voditelj\/ica: Karolina Buljevi\u0107, prof. Broj u\u010denika u aktivnosti:\u00a0 72 iz razreda: \u00a0IV.a,b,c,d Predvi\u0111en broj sati\u2026","rel":"","context":"Srodne objave","img":{"alt_text":"","src":"","width":0,"height":0},"classes":[]}],"jetpack_sharing_enabled":true,"_links":{"self":[{"href":"https:\/\/umjetnicka-skola-osijek.hr\/NoviWeb\/wp-json\/wp\/v2\/pages\/823","targetHints":{"allow":["GET"]}}],"collection":[{"href":"https:\/\/umjetnicka-skola-osijek.hr\/NoviWeb\/wp-json\/wp\/v2\/pages"}],"about":[{"href":"https:\/\/umjetnicka-skola-osijek.hr\/NoviWeb\/wp-json\/wp\/v2\/types\/page"}],"author":[{"embeddable":true,"href":"https:\/\/umjetnicka-skola-osijek.hr\/NoviWeb\/wp-json\/wp\/v2\/users\/1"}],"replies":[{"embeddable":true,"href":"https:\/\/umjetnicka-skola-osijek.hr\/NoviWeb\/wp-json\/wp\/v2\/comments?post=823"}],"version-history":[{"count":8,"href":"https:\/\/umjetnicka-skola-osijek.hr\/NoviWeb\/wp-json\/wp\/v2\/pages\/823\/revisions"}],"predecessor-version":[{"id":3590,"href":"https:\/\/umjetnicka-skola-osijek.hr\/NoviWeb\/wp-json\/wp\/v2\/pages\/823\/revisions\/3590"}],"wp:attachment":[{"href":"https:\/\/umjetnicka-skola-osijek.hr\/NoviWeb\/wp-json\/wp\/v2\/media?parent=823"}],"curies":[{"name":"wp","href":"https:\/\/api.w.org\/{rel}","templated":true}]}}