{"id":831,"date":"2018-01-15T23:40:22","date_gmt":"2018-01-15T22:40:22","guid":{"rendered":"http:\/\/umjetnicka-skola-osijek.hr\/NoviWeb\/?page_id=831"},"modified":"2018-01-21T11:04:03","modified_gmt":"2018-01-21T10:04:03","slug":"linkovi","status":"publish","type":"page","link":"https:\/\/umjetnicka-skola-osijek.hr\/NoviWeb\/linkovi\/","title":{"rendered":"Linkovi"},"content":{"rendered":"<h2>LINKOVI<\/h2>\n<h4>Institucije koje su povezane s na\u0161om \u0161kolom mo\u017eete prona\u0107i ovdje.<\/h4>\n<h3>\n\t\tSrednje umjetni\u010dke \u0161kole:<br \/>\n\t<\/h3>\n<h3>\n\t\tAkademije i fakulteti:<br \/>\n\t<\/h3>\n<h3>\n\t\tDr\u017eavne institucije:<br \/>\n\t<\/h3>\n","protected":false},"excerpt":{"rendered":"<p>LINKOVI Institucije koje su povezane s na\u0161om \u0161kolom mo\u017eete prona\u0107i ovdje. Srednje umjetni\u010dke \u0161kole: Akademije i fakulteti: Dr\u017eavne institucije:<\/p>\n","protected":false},"author":1,"featured_media":0,"parent":0,"menu_order":0,"comment_status":"closed","ping_status":"closed","template":"","meta":{"spay_email":"","footnotes":""},"class_list":["post-831","page","type-page","status-publish","hentry"],"jetpack_shortlink":"https:\/\/wp.me\/P9yzR9-dp","jetpack_likes_enabled":false,"jetpack-related-posts":[],"jetpack_sharing_enabled":true,"_links":{"self":[{"href":"https:\/\/umjetnicka-skola-osijek.hr\/NoviWeb\/wp-json\/wp\/v2\/pages\/831","targetHints":{"allow":["GET"]}}],"collection":[{"href":"https:\/\/umjetnicka-skola-osijek.hr\/NoviWeb\/wp-json\/wp\/v2\/pages"}],"about":[{"href":"https:\/\/umjetnicka-skola-osijek.hr\/NoviWeb\/wp-json\/wp\/v2\/types\/page"}],"author":[{"embeddable":true,"href":"https:\/\/umjetnicka-skola-osijek.hr\/NoviWeb\/wp-json\/wp\/v2\/users\/1"}],"replies":[{"embeddable":true,"href":"https:\/\/umjetnicka-skola-osijek.hr\/NoviWeb\/wp-json\/wp\/v2\/comments?post=831"}],"version-history":[{"count":5,"href":"https:\/\/umjetnicka-skola-osijek.hr\/NoviWeb\/wp-json\/wp\/v2\/pages\/831\/revisions"}],"predecessor-version":[{"id":1028,"href":"https:\/\/umjetnicka-skola-osijek.hr\/NoviWeb\/wp-json\/wp\/v2\/pages\/831\/revisions\/1028"}],"wp:attachment":[{"href":"https:\/\/umjetnicka-skola-osijek.hr\/NoviWeb\/wp-json\/wp\/v2\/media?parent=831"}],"curies":[{"name":"wp","href":"https:\/\/api.w.org\/{rel}","templated":true}]}}